{"id":17290,"date":"2020-10-28T08:28:47","date_gmt":"2022-03-27T09:17:23","guid":{"rendered":"https:\/\/www.my-damas.com\/product\/oud-24-hours-perfume-100ml-deodorant-for-men-and-women\/"},"modified":"2022-03-28T19:37:52","modified_gmt":"2022-03-28T19:37:52","slug":"oud-24-hours-perfume-100ml-deodorant-for-men-and-women","status":"publish","type":"product","link":"https:\/\/myroyalmarket.com\/fr\/produit\/oud-24-hours-perfume-100ml-deodorant-for-men-and-women\/","title":{"rendered":"Parfums Ard Al Zaafaran, Parfum Oud 24 Heures 100ML + D\u00e9odorant Homme et Femme"},"content":{"rendered":"<div class=\"wpb-content-wrapper\"><p>[vc_row][vc_column width=\u00a0\u00bb1\/6&Prime;][\/vc_column][vc_column width=\u00a0\u00bb2\/3&Prime;][vc_column_text]<\/p>\n<h2>Oudh 24 Hours Eau de Parfum par Ard Al Zaafaran<\/h2>\n<p>L&rsquo;eau de parfum Oudh 24 Hours d&rsquo;Ard Al Zaafaran est un parfum oriental aux notes fruit\u00e9es sombres et \u00e0 la base chaude d&rsquo;ambre, de bois de santal et d&rsquo;Oudh.<\/p>\n<p>L&rsquo;huile de parfum Oud 24 Hours commence par une note de t\u00eate de bergamote, de mandarine et de chocolat noir.<\/p>\n<p>Il y a des parfums floraux et fruit\u00e9s dans la note de coeur tels que l&rsquo;ylang-ylang, le jasmin, le gard\u00e9nia et les fruits compl\u00e9t\u00e9s par des \u00e9pices.<\/p>\n<p>La base est pleine et douce, donnant de la profondeur et une certaine obscurit\u00e9 avec de l&rsquo;ambre, du patchouli, du bois de santal, du oud et de l&rsquo;encens.<\/p>\n<p>Contrairement \u00e0 son nom, Oud n&rsquo;est pas le composant dominant de ce parfum. Oud ne joue qu&rsquo;un r\u00f4le dans la base et n&rsquo;est pas pr\u00e9dominant ici non plus.<\/p>\n<p>Un beau parfum chaud, plein, riche et sombre.<\/p>\n<p>Accords principaux : chaud-\u00e9pic\u00e9, cacao, fruit\u00e9, sucr\u00e9[\/vc_column_text][vc_single_image image=\u00a0\u00bb11130&Prime; img_size=\u00a0\u00bbfull\u00a0\u00bb][vc_column_text]\u2022 Pour les femmes et les hommes<\/p>\n<p>\u2022 Contient de l&rsquo;alcool d\u00e9natur\u00e9 (halal)<\/p>\n<p>\u2022 Quantit\u00e9&nbsp;: 100&nbsp;ml d&rsquo;eau de parfum et 75&nbsp;ml de d\u00e9odorant<\/p>\n<div>\u2022 Flacon avec embout pulv\u00e9risateur<\/div>\n<div><\/div>\n<div>\u2022&nbsp;Fabricant&nbsp;: Ard&nbsp;Al&nbsp;Zafaran<\/div>\n<p>[\/vc_column_text][\/vc_column][vc_column width=\u00a0\u00bb1\/6&Prime;][\/vc_column][\/vc_row]<\/p>\n<\/div>","protected":false},"excerpt":{"rendered":"<ul>\n<li>Notes de t\u00eate : mandarine, bergamote, chocolat noir<\/li>\n<li>Notes de coeur : ylang-ylang, jasmin, gard\u00e9nia, fruits, \u00e9pices<\/li>\n<li>Notes de fond : patchouli, ambre, bois de santal, oud, encens<\/li>\n<li>Durable<\/li>\n<li>Meilleur produit de vente<\/li>\n<li>Eau De Parfum (EDP)<\/li>\n<li>Capacit\u00e9: 100 ml<\/li>\n<li>Belle bouteille d\u00e9cor\u00e9e<\/li>\n<li>Produit original de l&rsquo;UEA<\/li>\n<\/ul>\n","protected":false},"featured_media":11134,"comment_status":"open","ping_status":"closed","template":"","meta":[],"product_brand":[],"product_cat":[237,235,278,273],"product_tag":[],"class_list":{"0":"post-17290","1":"product","2":"type-product","3":"status-publish","4":"has-post-thumbnail","6":"product_cat-oud-for-women-fr","7":"product_cat-oud-prfume-fr","8":"product_cat-oud-for-men-fr","9":"product_cat-oud-unisex-fr","10":"product_shipping_class-1-fr-2","12":"first","13":"instock","14":"sale","15":"shipping-taxable","16":"purchasable","17":"product-type-simple"},"supplier_id":null,"supplier_sku":"","barcode":null,"atum_controlled":true,"out_stock_date":null,"out_stock_threshold":null,"inheritable":false,"inbound_stock":0,"stock_on_hold":0,"sold_today":0,"sales_last_days":0,"reserved_stock":0,"customer_returns":0,"warehouse_damage":0,"lost_in_post":0,"other_logs":0,"out_stock_days":0,"lost_sales":0,"has_location":false,"update_date":"2025-12-07T00:04:21","atum_locations":[],"atum_stock_status":"instock","restock_status":false,"low_stock_amount":"","sales_update_date":"2025-12-07T00:04:21","calc_backorders":null,"_links":{"self":[{"href":"https:\/\/myroyalmarket.com\/fr\/wp-json\/wp\/v2\/product\/17290","targetHints":{"allow":["GET"]}}],"collection":[{"href":"https:\/\/myroyalmarket.com\/fr\/wp-json\/wp\/v2\/product"}],"about":[{"href":"https:\/\/myroyalmarket.com\/fr\/wp-json\/wp\/v2\/types\/product"}],"replies":[{"embeddable":true,"href":"https:\/\/myroyalmarket.com\/fr\/wp-json\/wp\/v2\/comments?post=17290"}],"wp:featuredmedia":[{"embeddable":true,"href":"https:\/\/myroyalmarket.com\/fr\/wp-json\/wp\/v2\/media\/11134"}],"wp:attachment":[{"href":"https:\/\/myroyalmarket.com\/fr\/wp-json\/wp\/v2\/media?parent=17290"}],"wp:term":[{"taxonomy":"product_brand","embeddable":true,"href":"https:\/\/myroyalmarket.com\/fr\/wp-json\/wp\/v2\/product_brand?post=17290"},{"taxonomy":"product_cat","embeddable":true,"href":"https:\/\/myroyalmarket.com\/fr\/wp-json\/wp\/v2\/product_cat?post=17290"},{"taxonomy":"product_tag","embeddable":true,"href":"https:\/\/myroyalmarket.com\/fr\/wp-json\/wp\/v2\/product_tag?post=17290"}],"curies":[{"name":"wp","href":"https:\/\/api.w.org\/{rel}","templated":true}]}}