{"id":17294,"date":"2020-10-28T08:28:47","date_gmt":"2022-03-27T09:22:26","guid":{"rendered":"https:\/\/www.my-damas.com\/product\/raghba-perfume-oud-100ml-deodorant-for-men-and-women\/"},"modified":"2022-03-28T19:37:52","modified_gmt":"2022-03-28T19:37:52","slug":"raghba-perfume-oud-100ml-deodorant-for-men-and-women","status":"publish","type":"product","link":"https:\/\/myroyalmarket.com\/fr\/produit\/raghba-perfume-oud-100ml-deodorant-for-men-and-women\/","title":{"rendered":"Parfums Lattafa, Parfum Raghba (Oud) 100ML + D\u00e9odorant Pour Homme et Femme"},"content":{"rendered":"<div class=\"wpb-content-wrapper\"><p>[vc_row][vc_column width=\u00a0\u00bb1\/6&Prime;][\/vc_column][vc_column width=\u00a0\u00bb2\/3&Prime;][vc_column_text]<\/p>\n<h2>Parfum Raghba Eau de Parfum de Lattafa Parfums avec d\u00e9odorant<\/h2>\n<p>Parfum Raghba Eau de Parfum de Lattafa Perfumes est un parfum oriental gourmand au Oudh et \u00e0 la vanille.<\/p>\n<p>La note de t\u00eate s&rsquo;ouvre sur la vanille, le Oudh et des notes \u00e9pic\u00e9es.<\/p>\n<p>Le musc, l&rsquo;encens et le sucre suivent en note de c\u0153ur.<\/p>\n<p>La base compl\u00e8te le parfum avec du bois de santal, de l&rsquo;ambre et du musc.<\/p>\n<p>Un beau parfum oriental, particuli\u00e8rement efficace gr\u00e2ce \u00e0 l&rsquo;association des notes vanill\u00e9es et fum\u00e9es.<\/p>\n<p>Accords principaux : bois\u00e9, balsamique, vanill\u00e9, Oudh, oriental[\/vc_column_text][vc_single_image image=\u00a0\u00bb11122&Prime; img_size=\u00a0\u00bbfull\u00a0\u00bb][vc_column_text]\u2022 Recommandation pour&nbsp;: les femmes et les hommes<\/p>\n<p>\u2022 Contient de l&rsquo;alcool d\u00e9natur\u00e9 (halal)<\/p>\n<p>\u2022 Quantit\u00e9&nbsp;: 100&nbsp;ml d&rsquo;eau de parfum + 20&nbsp;ml de d\u00e9odorant (la vari\u00e9t\u00e9 peut diff\u00e9rer de la photo et peut ne pas \u00eatre Raghba)<\/p>\n<div>\u2022 Flacon avec embout pulv\u00e9risateur<\/div>\n<p>[\/vc_column_text][\/vc_column][vc_column width=\u00a0\u00bb1\/6&Prime;][\/vc_column][\/vc_row]<\/p>\n<\/div>","protected":false},"excerpt":{"rendered":"<ul>\n<li>Notes de t\u00eate&nbsp;:<\/li>\n<li>Notes de c\u0153ur&nbsp;:<\/li>\n<li>Notes de fond&nbsp;:<\/li>\n<li>Durable<\/li>\n<li>Meilleur produit de vente<\/li>\n<li>Eau De Parfum (EDP)<\/li>\n<li>Capacit\u00e9: 100 ml<\/li>\n<li>Belle bouteille d\u00e9cor\u00e9e<\/li>\n<li>Produit original de l&rsquo;UEA<\/li>\n<\/ul>\n","protected":false},"featured_media":11114,"comment_status":"open","ping_status":"closed","template":"","meta":[],"product_brand":[],"product_cat":[237,235,278,273],"product_tag":[],"class_list":{"0":"post-17294","1":"product","2":"type-product","3":"status-publish","4":"has-post-thumbnail","6":"product_cat-oud-for-women-fr","7":"product_cat-oud-prfume-fr","8":"product_cat-oud-for-men-fr","9":"product_cat-oud-unisex-fr","10":"product_shipping_class-1-fr-2","12":"first","13":"instock","14":"sale","15":"shipping-taxable","16":"purchasable","17":"product-type-simple"},"supplier_id":null,"supplier_sku":"","barcode":null,"atum_controlled":true,"out_stock_date":null,"out_stock_threshold":null,"inheritable":false,"inbound_stock":0,"stock_on_hold":0,"sold_today":0,"sales_last_days":0,"reserved_stock":0,"customer_returns":0,"warehouse_damage":0,"lost_in_post":0,"other_logs":0,"out_stock_days":0,"lost_sales":0,"has_location":false,"update_date":"2026-05-05T00:45:17","atum_locations":[],"atum_stock_status":"instock","restock_status":false,"low_stock_amount":"","sales_update_date":"2026-05-05T00:45:17","calc_backorders":null,"_links":{"self":[{"href":"https:\/\/myroyalmarket.com\/fr\/wp-json\/wp\/v2\/product\/17294","targetHints":{"allow":["GET"]}}],"collection":[{"href":"https:\/\/myroyalmarket.com\/fr\/wp-json\/wp\/v2\/product"}],"about":[{"href":"https:\/\/myroyalmarket.com\/fr\/wp-json\/wp\/v2\/types\/product"}],"replies":[{"embeddable":true,"href":"https:\/\/myroyalmarket.com\/fr\/wp-json\/wp\/v2\/comments?post=17294"}],"wp:featuredmedia":[{"embeddable":true,"href":"https:\/\/myroyalmarket.com\/fr\/wp-json\/wp\/v2\/media\/11114"}],"wp:attachment":[{"href":"https:\/\/myroyalmarket.com\/fr\/wp-json\/wp\/v2\/media?parent=17294"}],"wp:term":[{"taxonomy":"product_brand","embeddable":true,"href":"https:\/\/myroyalmarket.com\/fr\/wp-json\/wp\/v2\/product_brand?post=17294"},{"taxonomy":"product_cat","embeddable":true,"href":"https:\/\/myroyalmarket.com\/fr\/wp-json\/wp\/v2\/product_cat?post=17294"},{"taxonomy":"product_tag","embeddable":true,"href":"https:\/\/myroyalmarket.com\/fr\/wp-json\/wp\/v2\/product_tag?post=17294"}],"curies":[{"name":"wp","href":"https:\/\/api.w.org\/{rel}","templated":true}]}}