{"id":17305,"date":"2020-10-28T08:28:47","date_gmt":"2022-03-27T09:33:43","guid":{"rendered":"https:\/\/www.my-damas.com\/product\/dar-al-hub-perfume-oud-80ml-for-women\/"},"modified":"2022-03-27T09:33:49","modified_gmt":"2022-03-27T09:33:49","slug":"dar-al-hub-perfume-oud-80ml-for-women","status":"publish","type":"product","link":"https:\/\/myroyalmarket.com\/fr\/produit\/dar-al-hub-perfume-oud-80ml-for-women\/","title":{"rendered":"Parfums Ard Al Zaafaran, parfum Dar Al Hub 80ml pour femme et homme"},"content":{"rendered":"<div class=\"wpb-content-wrapper\"><p>[vc_row][vc_column width=\u00a0\u00bb1\/6&Prime;][\/vc_column][vc_column width=\u00a0\u00bb2\/3&Prime;][vc_column_text]<\/p>\n<h2>Parfum Dar Al Hub Eau de Parfum Vaporisateur By Ard Al Zaafaran<\/h2>\n<div>Parfum Dar Al Hub Eau de Parfum par Ard Al Zaafaran est un parfum oriental pour femmes et hommes.<\/div>\n<div>\n<div><\/div>\n<div>La note de t\u00eate s&rsquo;ouvre sur les agrumes, le poivre rose et les roses.<\/div>\n<div><\/div>\n<div>La note de coeur pr\u00e9sente des parfums de fruits de la passion et d&rsquo;oranges.<\/div>\n<div><\/div>\n<div>Le musc et la note bois\u00e9e cl\u00f4turent le parfum en fond.<\/div>\n<div><\/div>\n<div>Un beau parfum de tous les jours qui associe les \u00e9pices orientales \u00e0 des notes fra\u00eeches florales et fruit\u00e9es.<\/div>\n<div><\/div>\n<div><strong>Accords principaux :<\/strong> frais, agrumes, oriental, floral, musqu\u00e9, bois\u00e9<\/div>\n<\/div>\n<p>[\/vc_column_text][\/vc_column][vc_column width=\u00a0\u00bb1\/6&Prime;][\/vc_column][\/vc_row]<\/p>\n<\/div>","protected":false},"excerpt":{"rendered":"<ul>\n<li>Durable<\/li>\n<li>Meilleur produit de vente<\/li>\n<li>Eau De Parfum (EDP)<\/li>\n<li>Contenance : 80 ml<\/li>\n<li>Belle bouteille d\u00e9cor\u00e9e<\/li>\n<li>Produit original de l&rsquo;UEA<\/li>\n<\/ul>\n","protected":false},"featured_media":11098,"comment_status":"open","ping_status":"closed","template":"","meta":[],"product_brand":[],"product_cat":[237,235,278,273],"product_tag":[],"class_list":{"0":"post-17305","1":"product","2":"type-product","3":"status-publish","4":"has-post-thumbnail","6":"product_cat-oud-for-women-fr","7":"product_cat-oud-prfume-fr","8":"product_cat-oud-for-men-fr","9":"product_cat-oud-unisex-fr","10":"product_shipping_class-1-fr-2","12":"first","13":"outofstock","14":"sale","15":"shipping-taxable","16":"purchasable","17":"product-type-simple"},"supplier_id":null,"supplier_sku":"","barcode":null,"atum_controlled":true,"out_stock_date":null,"out_stock_threshold":null,"inheritable":false,"inbound_stock":0,"stock_on_hold":0,"sold_today":0,"sales_last_days":0,"reserved_stock":0,"customer_returns":0,"warehouse_damage":0,"lost_in_post":0,"other_logs":0,"out_stock_days":0,"lost_sales":0,"has_location":false,"update_date":"2026-05-05T00:45:39","atum_locations":[],"atum_stock_status":"outofstock","restock_status":false,"low_stock_amount":"","sales_update_date":"2026-05-05T00:45:39","calc_backorders":null,"_links":{"self":[{"href":"https:\/\/myroyalmarket.com\/fr\/wp-json\/wp\/v2\/product\/17305","targetHints":{"allow":["GET"]}}],"collection":[{"href":"https:\/\/myroyalmarket.com\/fr\/wp-json\/wp\/v2\/product"}],"about":[{"href":"https:\/\/myroyalmarket.com\/fr\/wp-json\/wp\/v2\/types\/product"}],"replies":[{"embeddable":true,"href":"https:\/\/myroyalmarket.com\/fr\/wp-json\/wp\/v2\/comments?post=17305"}],"wp:featuredmedia":[{"embeddable":true,"href":"https:\/\/myroyalmarket.com\/fr\/wp-json\/wp\/v2\/media\/11098"}],"wp:attachment":[{"href":"https:\/\/myroyalmarket.com\/fr\/wp-json\/wp\/v2\/media?parent=17305"}],"wp:term":[{"taxonomy":"product_brand","embeddable":true,"href":"https:\/\/myroyalmarket.com\/fr\/wp-json\/wp\/v2\/product_brand?post=17305"},{"taxonomy":"product_cat","embeddable":true,"href":"https:\/\/myroyalmarket.com\/fr\/wp-json\/wp\/v2\/product_cat?post=17305"},{"taxonomy":"product_tag","embeddable":true,"href":"https:\/\/myroyalmarket.com\/fr\/wp-json\/wp\/v2\/product_tag?post=17305"}],"curies":[{"name":"wp","href":"https:\/\/api.w.org\/{rel}","templated":true}]}}