{"id":17311,"date":"2020-10-28T08:28:47","date_gmt":"2022-03-27T09:43:59","guid":{"rendered":"https:\/\/www.my-damas.com\/product\/24-carat-pure-gold-oud-perfume-for-men-and-women\/"},"modified":"2022-03-27T09:44:05","modified_gmt":"2022-03-27T09:44:05","slug":"24-carat-pure-gold-oud-perfume-for-men-and-women","status":"publish","type":"product","link":"https:\/\/myroyalmarket.com\/fr\/produit\/24-carat-pure-gold-oud-perfume-for-men-and-women\/","title":{"rendered":"Parfums Lattafa, parfum Oud en or pur 24 carats pour hommes et femmes"},"content":{"rendered":"<div class=\"wpb-content-wrapper\"><p>[vc_row][vc_column width=\u00a0\u00bb1\/6&Prime;][\/vc_column][vc_column width=\u00a0\u00bb2\/3&Prime;][vc_column_text]<\/p>\n<h2>Parfum 24 Carat Pure Gold Eau de Parfum par Lattafa Perfumes<\/h2>\n<p>Perfume 24 Carat Pure Gold Eau de Parfum by Lattafa Perfumes est un parfum oriental avec une combinaison classique d&rsquo;Oudh, de roses et de vanille. N\u00e9anmoins, le parfum se d\u00e9marque de la foule car il combine avec succ\u00e8s des tons doux avec des parfums sombres et dominants.<\/p>\n<p>La note de t\u00eate s&rsquo;ouvre sur Oudh, le safran et la cannelle et est relativement forte.<\/p>\n<p>Les roses et le bois de santal en note de c\u0153ur donnent au parfum plus de douceur.<\/p>\n<p>La base a une finition pleine, cr\u00e9meuse et fum\u00e9e avec du musc, du cuir, de la vanille, de l&rsquo;ambre et de l&rsquo;encens.<\/p>\n<p>24 Carat Pure Gold n&rsquo;est pas un parfum l\u00e9ger mais un puissant parfum Arabic Attar qui se distingue par sa longue dur\u00e9e de conservation. Bien qu&rsquo;il soit excellent comme parfum unisexe, on l&rsquo;attribuerait plut\u00f4t au c\u00f4t\u00e9 masculin.<\/p>\n<p>Le parfum est id\u00e9al pour les loisirs ou le soir.<\/p>\n<p>&nbsp;<\/p>\n<p>Accords principaux : \u00e9pic\u00e9 chaud, balsamique, cuir, Oudh, fum\u00e9[\/vc_column_text][vc_column_text]Recommandation pour: femmes et hommes<\/p>\n<p>\u2022 Contient de l&rsquo;alcool d\u00e9natur\u00e9 (halal)<\/p>\n<p>\u2022 Quantit\u00e9&nbsp;: 100&nbsp;ml d&rsquo;eau de parfum<\/p>\n<div>\u2022 Flacon avec embout pulv\u00e9risateur<\/div>\n<p>[\/vc_column_text][\/vc_column][vc_column width=\u00a0\u00bb1\/6&Prime;][\/vc_column][\/vc_row]<\/p>\n<\/div>","protected":false},"excerpt":{"rendered":"<ul>\n<li>Notes de t\u00eate : Oudh, safran, cannelle<\/li>\n<li>Notes de coeur : roses, bois de santal<\/li>\n<li>Notes de fond : musc, encens, vanille, ambre, cuir<\/li>\n<li>Durable<\/li>\n<li>Meilleur produit de vente<\/li>\n<li>Eau De Parfum (EDP)<\/li>\n<li>Capacit\u00e9: 100 ml<\/li>\n<li>Belle bouteille d\u00e9cor\u00e9e<\/li>\n<li>Recommandation pour: femmes et hommes<\/li>\n<li>Produit original de l&rsquo;UEA<\/li>\n<\/ul>\n","protected":false},"featured_media":11094,"comment_status":"open","ping_status":"closed","template":"","meta":[],"product_brand":[],"product_cat":[237,235,278,273],"product_tag":[],"class_list":{"0":"post-17311","1":"product","2":"type-product","3":"status-publish","4":"has-post-thumbnail","6":"product_cat-oud-for-women-fr","7":"product_cat-oud-prfume-fr","8":"product_cat-oud-for-men-fr","9":"product_cat-oud-unisex-fr","10":"product_shipping_class-1-fr-2","12":"first","13":"instock","14":"sale","15":"shipping-taxable","16":"purchasable","17":"product-type-simple"},"supplier_id":null,"supplier_sku":"","barcode":null,"atum_controlled":true,"out_stock_date":null,"out_stock_threshold":null,"inheritable":false,"inbound_stock":0,"stock_on_hold":2,"sold_today":0,"sales_last_days":0,"reserved_stock":0,"customer_returns":0,"warehouse_damage":0,"lost_in_post":0,"other_logs":0,"out_stock_days":0,"lost_sales":0,"has_location":false,"update_date":"2026-05-05T00:45:10","atum_locations":[],"atum_stock_status":"instock","restock_status":false,"low_stock_amount":"","sales_update_date":"2026-05-05T00:45:10","calc_backorders":null,"_links":{"self":[{"href":"https:\/\/myroyalmarket.com\/fr\/wp-json\/wp\/v2\/product\/17311","targetHints":{"allow":["GET"]}}],"collection":[{"href":"https:\/\/myroyalmarket.com\/fr\/wp-json\/wp\/v2\/product"}],"about":[{"href":"https:\/\/myroyalmarket.com\/fr\/wp-json\/wp\/v2\/types\/product"}],"replies":[{"embeddable":true,"href":"https:\/\/myroyalmarket.com\/fr\/wp-json\/wp\/v2\/comments?post=17311"}],"wp:featuredmedia":[{"embeddable":true,"href":"https:\/\/myroyalmarket.com\/fr\/wp-json\/wp\/v2\/media\/11094"}],"wp:attachment":[{"href":"https:\/\/myroyalmarket.com\/fr\/wp-json\/wp\/v2\/media?parent=17311"}],"wp:term":[{"taxonomy":"product_brand","embeddable":true,"href":"https:\/\/myroyalmarket.com\/fr\/wp-json\/wp\/v2\/product_brand?post=17311"},{"taxonomy":"product_cat","embeddable":true,"href":"https:\/\/myroyalmarket.com\/fr\/wp-json\/wp\/v2\/product_cat?post=17311"},{"taxonomy":"product_tag","embeddable":true,"href":"https:\/\/myroyalmarket.com\/fr\/wp-json\/wp\/v2\/product_tag?post=17311"}],"curies":[{"name":"wp","href":"https:\/\/api.w.org\/{rel}","templated":true}]}}