{"id":17316,"date":"2020-10-28T08:28:47","date_gmt":"2022-03-27T09:51:54","guid":{"rendered":"https:\/\/www.my-damas.com\/product\/raghba-oud-perfume-deodorant-for-men-100ml\/"},"modified":"2022-03-28T19:37:50","modified_gmt":"2022-03-28T19:37:50","slug":"raghba-oud-perfume-deodorant-for-men-100ml","status":"publish","type":"product","link":"https:\/\/myroyalmarket.com\/fr\/produit\/raghba-oud-perfume-deodorant-for-men-100ml\/","title":{"rendered":"Parfums Lattafa, New Raghba for men Parfum Oud 100ml + D\u00e9odorant"},"content":{"rendered":"<div class=\"wpb-content-wrapper\"><p>[vc_row][vc_column width=\u00a0\u00bb1\/6&Prime;][\/vc_column][vc_column width=\u00a0\u00bb2\/3&Prime;][vc_column_text]<\/p>\n<h2>Parfum Raghba For Man Eau de Parfum de Lattafa Perfumes<\/h2>\n<div>Parfum Raghba For Man Eau de Parfum de Lattafa Perfumes est un parfum frais et bois\u00e9 aux notes orientales.<\/div>\n<div><\/div>\n<div>La note de t\u00eate est agr\u00e9ablement fra\u00eeche avec des citrons, de la verveine odorante et de l&rsquo;iris.<\/div>\n<div><\/div>\n<div>La note de c\u0153ur des notes de violette appara\u00eet l\u00e9g\u00e8rement sucr\u00e9e et pr\u00e9sente encore quelques l\u00e9g\u00e8res notes d&rsquo;agrumes de la note de t\u00eate.<\/div>\n<div><\/div>\n<div>La base est chaude et bois\u00e9e avec de l&rsquo;ambre, du c\u00e8dre, du bois de santal et du cuir.<\/div>\n<div><\/div>\n<div>Un beau parfum frais de tous les jours qui convient bien \u00e0 l&rsquo;\u00e9t\u00e9.<\/div>\n<div><\/div>\n<div>Accords principaux : frais, bois\u00e9, agrumes<\/div>\n<p>[\/vc_column_text][vc_single_image image=\u00a0\u00bb11082&Prime; img_size=\u00a0\u00bbfull\u00a0\u00bb][vc_column_text]<\/p>\n<div>\u2022 Recommandation pour les hommes<\/div>\n<div>\n<p>\u2022 Contient de l&rsquo;alcool d\u00e9natur\u00e9 (halal)<\/p>\n<p>\u2022 Quantit\u00e9&nbsp;: 100&nbsp;ml d&rsquo;eau de parfum<\/p>\n<\/div>\n<div>\u2022 Flacon avec embout pulv\u00e9risateur<\/div>\n<p>[\/vc_column_text][\/vc_column][vc_column width=\u00a0\u00bb1\/6&Prime;][\/vc_column][\/vc_row]<\/p>\n<\/div>","protected":false},"excerpt":{"rendered":"<ul>\n<li>Notes de t\u00eate : citron, verveine odorante, iris<\/li>\n<li>Notes de coeur : violettes<\/li>\n<li>Notes de fond : bois de santal, ambre, c\u00e8dre, cuir<\/li>\n<li>Capacit\u00e9: 100 ml<\/li>\n<li>Belle bouteille d\u00e9cor\u00e9e<\/li>\n<li>Produit original de l&rsquo;UEA<\/li>\n<\/ul>\n","protected":false},"featured_media":11078,"comment_status":"open","ping_status":"closed","template":"","meta":[],"product_brand":[],"product_cat":[235,278],"product_tag":[],"class_list":{"0":"post-17316","1":"product","2":"type-product","3":"status-publish","4":"has-post-thumbnail","6":"product_cat-oud-prfume-fr","7":"product_cat-oud-for-men-fr","8":"product_shipping_class-1-fr-2","10":"first","11":"instock","12":"sale","13":"shipping-taxable","14":"purchasable","15":"product-type-simple"},"supplier_id":null,"supplier_sku":"","barcode":null,"atum_controlled":true,"out_stock_date":null,"out_stock_threshold":null,"inheritable":false,"inbound_stock":0,"stock_on_hold":0,"sold_today":0,"sales_last_days":0,"reserved_stock":0,"customer_returns":0,"warehouse_damage":0,"lost_in_post":0,"other_logs":0,"out_stock_days":0,"lost_sales":0,"has_location":false,"update_date":"2025-12-07T00:04:23","atum_locations":[],"atum_stock_status":"instock","restock_status":false,"low_stock_amount":"","sales_update_date":"2025-12-07T00:04:23","calc_backorders":null,"_links":{"self":[{"href":"https:\/\/myroyalmarket.com\/fr\/wp-json\/wp\/v2\/product\/17316","targetHints":{"allow":["GET"]}}],"collection":[{"href":"https:\/\/myroyalmarket.com\/fr\/wp-json\/wp\/v2\/product"}],"about":[{"href":"https:\/\/myroyalmarket.com\/fr\/wp-json\/wp\/v2\/types\/product"}],"replies":[{"embeddable":true,"href":"https:\/\/myroyalmarket.com\/fr\/wp-json\/wp\/v2\/comments?post=17316"}],"wp:featuredmedia":[{"embeddable":true,"href":"https:\/\/myroyalmarket.com\/fr\/wp-json\/wp\/v2\/media\/11078"}],"wp:attachment":[{"href":"https:\/\/myroyalmarket.com\/fr\/wp-json\/wp\/v2\/media?parent=17316"}],"wp:term":[{"taxonomy":"product_brand","embeddable":true,"href":"https:\/\/myroyalmarket.com\/fr\/wp-json\/wp\/v2\/product_brand?post=17316"},{"taxonomy":"product_cat","embeddable":true,"href":"https:\/\/myroyalmarket.com\/fr\/wp-json\/wp\/v2\/product_cat?post=17316"},{"taxonomy":"product_tag","embeddable":true,"href":"https:\/\/myroyalmarket.com\/fr\/wp-json\/wp\/v2\/product_tag?post=17316"}],"curies":[{"name":"wp","href":"https:\/\/api.w.org\/{rel}","templated":true}]}}