{"id":17321,"date":"2020-10-28T08:28:47","date_gmt":"2022-03-27T16:04:23","guid":{"rendered":"https:\/\/www.my-damas.com\/product\/oud-malezee-perfume-100-ml-for-men-and-women\/"},"modified":"2022-03-28T19:37:50","modified_gmt":"2022-03-28T19:37:50","slug":"oud-malezee-perfume-100-ml-for-men-and-women","status":"publish","type":"product","link":"https:\/\/myroyalmarket.com\/fr\/produit\/oud-malezee-perfume-100-ml-for-men-and-women\/","title":{"rendered":"Parfums Ard Al Zaafaran, parfum Oud Malezee 100 ml Pour homme et femme"},"content":{"rendered":"<div class=\"wpb-content-wrapper\"><p>[vc_row][vc_column width=\u00a0\u00bb1\/6&Prime;][\/vc_column][vc_column width=\u00a0\u00bb2\/3&Prime;][vc_column_text]<\/p>\n<h2>Parfum Oud Malezee par Ard Al Zaafaran Eau de Parfum<\/h2>\n<div>Parfum Oud Malezee Eau de Parfum par Ard Al Zaafaran est un parfum cr\u00e9meux et bois\u00e9 avec Oudh et bois de santal.<\/div>\n<div><\/div>\n<div>\n<div>Une douce note de t\u00eate \u00e9pic\u00e9e de cannelle, d&rsquo;\u00e9pices, de carvi, de bois de santal et de benjoin ouvre le parfum.<\/div>\n<div>La note de c\u0153ur forme des notes florales de rose, de jasmin et d&rsquo;ylang-ylang.<\/div>\n<div>Musc, bois de santal, Oudh et c\u00e8dre compl\u00e8tent le parfum \u00e0 la base, calme, bois\u00e9 et \u00e9l\u00e9gant.<\/div>\n<div><\/div>\n<div>Un parfum magnifiquement \u00e9quilibr\u00e9, cr\u00e9meux, bois\u00e9 et dormant, plein d&rsquo;\u00e9l\u00e9gance. Le bois de santal d\u00e9licat aux notes florales subliminales et l&rsquo;Oudh bois\u00e9 se combinent pour cr\u00e9er un parfum l\u00e9ger et bois\u00e9 avec une chaleur et une douceur agr\u00e9ablement flatteuses. Le parfum est id\u00e9al pour toutes les occasions.<\/div>\n<\/div>\n<div><\/div>\n<div>Accords principaux : aromatique, bois de santal, doux, cr\u00e9meux, bois\u00e9, \u00e9pic\u00e9, balsamique<\/div>\n<p>[\/vc_column_text][vc_column_text]<\/p>\n<div>\u2022 Recommandation&nbsp;: Pour les femmes et les hommes<\/div>\n<div>\u2022 Contient de l&rsquo;alcool d\u00e9natur\u00e9 (halal)<\/div>\n<div>\u2022 Quantit\u00e9&nbsp;: 100&nbsp;ml d&rsquo;eau de parfum<\/div>\n<div>\u2022 Flacon avec buse de pulv\u00e9risation<\/div>\n<div>\u2022&nbsp;Fabricant&nbsp;: Ard&nbsp;Al&nbsp;Zaafaran<\/div>\n<p>[\/vc_column_text][\/vc_column][vc_column width=\u00a0\u00bb1\/6&Prime;][\/vc_column][\/vc_row]<\/p>\n<\/div>","protected":false},"excerpt":{"rendered":"<ul>\n<li>Notes de t\u00eate : cannelle, \u00e9pices, carvi, bois de santal, benjoin<\/li>\n<li>Notes de c\u0153ur : rose, jasmin et ylang-ylang<\/li>\n<li>Notes de fond : musc, bois de santal, Oudh, c\u00e8dre<\/li>\n<li>Durable<\/li>\n<li>Meilleur produit de vente<\/li>\n<li>Eau De Parfum (EDP)<\/li>\n<li>Capacit\u00e9: 100 ml<\/li>\n<li>Belle bouteille d\u00e9cor\u00e9e<\/li>\n<li>Produit original de l&rsquo;UEA<\/li>\n<li>Pour les femmes et les hommes<\/li>\n<\/ul>\n","protected":false},"featured_media":11058,"comment_status":"open","ping_status":"closed","template":"","meta":[],"product_brand":[],"product_cat":[237,235,278,273],"product_tag":[],"class_list":{"0":"post-17321","1":"product","2":"type-product","3":"status-publish","4":"has-post-thumbnail","6":"product_cat-oud-for-women-fr","7":"product_cat-oud-prfume-fr","8":"product_cat-oud-for-men-fr","9":"product_cat-oud-unisex-fr","10":"product_shipping_class-1-fr-2","12":"first","13":"instock","14":"sale","15":"shipping-taxable","16":"purchasable","17":"product-type-simple"},"supplier_id":null,"supplier_sku":"","barcode":null,"atum_controlled":true,"out_stock_date":null,"out_stock_threshold":null,"inheritable":false,"inbound_stock":0,"stock_on_hold":0,"sold_today":0,"sales_last_days":0,"reserved_stock":0,"customer_returns":0,"warehouse_damage":0,"lost_in_post":0,"other_logs":0,"out_stock_days":0,"lost_sales":0,"has_location":false,"update_date":"2026-01-26T02:42:43","atum_locations":[],"atum_stock_status":"instock","restock_status":false,"low_stock_amount":"","sales_update_date":"2026-01-26T02:42:43","calc_backorders":null,"_links":{"self":[{"href":"https:\/\/myroyalmarket.com\/fr\/wp-json\/wp\/v2\/product\/17321","targetHints":{"allow":["GET"]}}],"collection":[{"href":"https:\/\/myroyalmarket.com\/fr\/wp-json\/wp\/v2\/product"}],"about":[{"href":"https:\/\/myroyalmarket.com\/fr\/wp-json\/wp\/v2\/types\/product"}],"replies":[{"embeddable":true,"href":"https:\/\/myroyalmarket.com\/fr\/wp-json\/wp\/v2\/comments?post=17321"}],"wp:featuredmedia":[{"embeddable":true,"href":"https:\/\/myroyalmarket.com\/fr\/wp-json\/wp\/v2\/media\/11058"}],"wp:attachment":[{"href":"https:\/\/myroyalmarket.com\/fr\/wp-json\/wp\/v2\/media?parent=17321"}],"wp:term":[{"taxonomy":"product_brand","embeddable":true,"href":"https:\/\/myroyalmarket.com\/fr\/wp-json\/wp\/v2\/product_brand?post=17321"},{"taxonomy":"product_cat","embeddable":true,"href":"https:\/\/myroyalmarket.com\/fr\/wp-json\/wp\/v2\/product_cat?post=17321"},{"taxonomy":"product_tag","embeddable":true,"href":"https:\/\/myroyalmarket.com\/fr\/wp-json\/wp\/v2\/product_tag?post=17321"}],"curies":[{"name":"wp","href":"https:\/\/api.w.org\/{rel}","templated":true}]}}