{"id":17327,"date":"2020-10-28T08:28:46","date_gmt":"2022-03-27T16:12:06","guid":{"rendered":"https:\/\/www.my-damas.com\/product\/lil-shabaab-faqat-oud-100ml-for-men\/"},"modified":"2022-10-06T23:17:02","modified_gmt":"2022-10-06T23:17:02","slug":"lil-shabaab-faqat-oud-100ml-for-men","status":"publish","type":"product","link":"https:\/\/myroyalmarket.com\/fr\/produit\/lil-shabaab-faqat-oud-100ml-for-men\/","title":{"rendered":"Lil Shabaab Faqat (Oud) 100 ml pour homme par Ard Al Zaafaran Perfumes"},"content":{"rendered":"<div class=\"wpb-content-wrapper\"><p>[vc_row][vc_column width=\u00a0\u00bb1\/6&Prime;][\/vc_column][vc_column width=\u00a0\u00bb2\/3&Prime;][vc_column_text]<\/p>\n<h2>Parfum Lil Shabaab Faqat Eau De Parfum Par Ard Al Zaafaran<\/h2>\n<div>Parfum Lil Shabaab Faqat Eau de Parfum par Ard Al Zaafaran est un parfum oriental pour homme qui se caract\u00e9rise par un agr\u00e9able piquant.<\/div>\n<div><\/div>\n<div>La cannelle, la noix de muscade et le miel forment l&rsquo;ouverture, suivis de musc blanc, de notes bois\u00e9es et d&rsquo;Oudh dans les notes de c\u0153ur et de fond.<\/div>\n<div><\/div>\n<div>Un parfum plein de confiance en soi et d&rsquo;\u00e9l\u00e9gance discr\u00e8te et masculine.<\/div>\n<div><\/div>\n<div><strong>Accords principaux :<\/strong> oriental, \u00e9pic\u00e9, musc blanc, bois\u00e9<\/div>\n<p>[\/vc_column_text][vc_column_text]<\/p>\n<div>\n<div>\u2022 Convient aux&nbsp;: hommes<\/div>\n<\/div>\n<div>\u2022 Contient de l&rsquo;alcool d\u00e9natur\u00e9 (halal)<\/div>\n<div>\u2022 Quantit\u00e9: 100 ml<\/div>\n<div>\u2022 Flacon avec embout pulv\u00e9risateur<\/div>\n<div>\u2022&nbsp;Fabricant&nbsp;: Ard&nbsp;Al&nbsp;Zaafaran<\/div>\n<p>[\/vc_column_text][\/vc_column][vc_column width=\u00a0\u00bb1\/6&Prime;][\/vc_column][\/vc_row]<\/p>\n<\/div>","protected":false},"excerpt":{"rendered":"<ul>\n<li>Notes de t\u00eate : cannelle, noix de muscade, miel<\/li>\n<li>Notes de coeur : musc blanc, bois, Oudh<\/li>\n<li>Notes de fond : musc blanc, bois, Oudh<\/li>\n<li>Longue dur\u00e9e jusqu&rsquo;\u00e0 6 heures<\/li>\n<li>Meilleur produit de vente<\/li>\n<li>Eau De Parfum (EDP)<\/li>\n<li>Capacit\u00e9: 100 ml<\/li>\n<li>Belle bouteille d\u00e9cor\u00e9e<\/li>\n<li>Produit original de l&rsquo;UEA<\/li>\n<\/ul>\n","protected":false},"featured_media":11270,"comment_status":"open","ping_status":"closed","template":"","meta":[],"product_brand":[],"product_cat":[235,278],"product_tag":[],"class_list":{"0":"post-17327","1":"product","2":"type-product","3":"status-publish","4":"has-post-thumbnail","6":"product_cat-oud-prfume-fr","7":"product_cat-oud-for-men-fr","8":"product_shipping_class-1-fr-2","10":"first","11":"instock","12":"sale","13":"shipping-taxable","14":"purchasable","15":"product-type-simple"},"supplier_id":null,"supplier_sku":"","barcode":null,"atum_controlled":true,"out_stock_date":null,"out_stock_threshold":null,"inheritable":false,"inbound_stock":0,"stock_on_hold":0,"sold_today":0,"sales_last_days":0,"reserved_stock":0,"customer_returns":0,"warehouse_damage":0,"lost_in_post":0,"other_logs":0,"out_stock_days":0,"lost_sales":0,"has_location":false,"update_date":"2025-12-07T00:04:16","atum_locations":[],"atum_stock_status":"instock","restock_status":false,"low_stock_amount":"","sales_update_date":"2025-12-07T00:04:16","calc_backorders":null,"_links":{"self":[{"href":"https:\/\/myroyalmarket.com\/fr\/wp-json\/wp\/v2\/product\/17327","targetHints":{"allow":["GET"]}}],"collection":[{"href":"https:\/\/myroyalmarket.com\/fr\/wp-json\/wp\/v2\/product"}],"about":[{"href":"https:\/\/myroyalmarket.com\/fr\/wp-json\/wp\/v2\/types\/product"}],"replies":[{"embeddable":true,"href":"https:\/\/myroyalmarket.com\/fr\/wp-json\/wp\/v2\/comments?post=17327"}],"wp:featuredmedia":[{"embeddable":true,"href":"https:\/\/myroyalmarket.com\/fr\/wp-json\/wp\/v2\/media\/11270"}],"wp:attachment":[{"href":"https:\/\/myroyalmarket.com\/fr\/wp-json\/wp\/v2\/media?parent=17327"}],"wp:term":[{"taxonomy":"product_brand","embeddable":true,"href":"https:\/\/myroyalmarket.com\/fr\/wp-json\/wp\/v2\/product_brand?post=17327"},{"taxonomy":"product_cat","embeddable":true,"href":"https:\/\/myroyalmarket.com\/fr\/wp-json\/wp\/v2\/product_cat?post=17327"},{"taxonomy":"product_tag","embeddable":true,"href":"https:\/\/myroyalmarket.com\/fr\/wp-json\/wp\/v2\/product_tag?post=17327"}],"curies":[{"name":"wp","href":"https:\/\/api.w.org\/{rel}","templated":true}]}}