{"id":17346,"date":"2020-10-28T08:28:46","date_gmt":"2022-03-27T18:44:46","guid":{"rendered":"https:\/\/www.my-damas.com\/product\/le-al-banat-faqat-oud-perfume-100ml-for-women\/"},"modified":"2022-03-28T19:37:46","modified_gmt":"2022-03-28T19:37:46","slug":"le-al-banat-faqat-oud-perfume-100ml-for-women","status":"publish","type":"product","link":"https:\/\/myroyalmarket.com\/fr\/produit\/le-al-banat-faqat-oud-perfume-100ml-for-women\/","title":{"rendered":"Le Al Banat Faqat Oud Parfum 100ml pour Femme"},"content":{"rendered":"<div class=\"wpb-content-wrapper\"><p>[vc_row][vc_column width=\u00a0\u00bb1\/6&Prime;][\/vc_column][vc_column width=\u00a0\u00bb2\/3&Prime;][vc_column_text]Ard Al Zaafaran Lil Banat Faqat 100ml &#8211; Eau De Parfum<br \/>\nParfum floral f\u00e9minin.<\/p>\n<p>Le parfum comprend des notes d&rsquo;agrumes, des notes florales, du poivre noir, du jasmin, des notes de rose, de bois et de musc.[\/vc_column_text][\/vc_column][vc_column width=\u00a0\u00bb1\/6&Prime;][\/vc_column][\/vc_row]<\/p>\n<\/div>","protected":false},"excerpt":{"rendered":"<ul>\n<li>Notes de t\u00eate : Orange, Notes fruit\u00e9es, Poivre noir<\/li>\n<li>Notes de coeur&nbsp;: notes vertes, ylang-ylang, jasmin, rose, laque<\/li>\n<li>Notes de fond : Notes bois\u00e9es, Ambra, Moscou<\/li>\n<li>Un parfum s\u00e9duisant et irr\u00e9sistible, avec un fort ar\u00f4me floral, mais naturel, avec des notes de fond de poivre noir, d&rsquo;iris, de rose, de bois d&rsquo;agar (oud).<\/li>\n<li>Capacit\u00e9: 100 ml<\/li>\n<li>Belle bouteille d\u00e9cor\u00e9e<\/li>\n<li>Original Ard Al Zaafaran<\/li>\n<\/ul>\n","protected":false},"featured_media":11182,"comment_status":"open","ping_status":"closed","template":"","meta":[],"product_brand":[],"product_cat":[237,235],"product_tag":[],"class_list":{"0":"post-17346","1":"product","2":"type-product","3":"status-publish","4":"has-post-thumbnail","6":"product_cat-oud-for-women-fr","7":"product_cat-oud-prfume-fr","8":"product_shipping_class-1-fr-2","10":"first","11":"instock","12":"sale","13":"shipping-taxable","14":"purchasable","15":"product-type-simple"},"supplier_id":null,"supplier_sku":"","barcode":null,"atum_controlled":true,"out_stock_date":null,"out_stock_threshold":null,"inheritable":false,"inbound_stock":0,"stock_on_hold":0,"sold_today":0,"sales_last_days":0,"reserved_stock":0,"customer_returns":0,"warehouse_damage":0,"lost_in_post":0,"other_logs":0,"out_stock_days":0,"lost_sales":0,"has_location":false,"update_date":"2026-05-04T16:42:53","atum_locations":[],"atum_stock_status":"instock","restock_status":false,"low_stock_amount":"","sales_update_date":"2026-05-04T16:42:53","calc_backorders":null,"_links":{"self":[{"href":"https:\/\/myroyalmarket.com\/fr\/wp-json\/wp\/v2\/product\/17346","targetHints":{"allow":["GET"]}}],"collection":[{"href":"https:\/\/myroyalmarket.com\/fr\/wp-json\/wp\/v2\/product"}],"about":[{"href":"https:\/\/myroyalmarket.com\/fr\/wp-json\/wp\/v2\/types\/product"}],"replies":[{"embeddable":true,"href":"https:\/\/myroyalmarket.com\/fr\/wp-json\/wp\/v2\/comments?post=17346"}],"wp:featuredmedia":[{"embeddable":true,"href":"https:\/\/myroyalmarket.com\/fr\/wp-json\/wp\/v2\/media\/11182"}],"wp:attachment":[{"href":"https:\/\/myroyalmarket.com\/fr\/wp-json\/wp\/v2\/media?parent=17346"}],"wp:term":[{"taxonomy":"product_brand","embeddable":true,"href":"https:\/\/myroyalmarket.com\/fr\/wp-json\/wp\/v2\/product_brand?post=17346"},{"taxonomy":"product_cat","embeddable":true,"href":"https:\/\/myroyalmarket.com\/fr\/wp-json\/wp\/v2\/product_cat?post=17346"},{"taxonomy":"product_tag","embeddable":true,"href":"https:\/\/myroyalmarket.com\/fr\/wp-json\/wp\/v2\/product_tag?post=17346"}],"curies":[{"name":"wp","href":"https:\/\/api.w.org\/{rel}","templated":true}]}}