{"id":17695,"date":"2020-10-28T08:28:46","date_gmt":"2022-04-30T17:03:22","guid":{"rendered":"https:\/\/www.my-damas.com\/product\/oud-ghalib-perfume-100ml-for-men-and-women\/"},"modified":"2022-04-30T17:03:26","modified_gmt":"2022-04-30T17:03:26","slug":"oud-ghalib-perfume-100ml-for-men-and-women","status":"publish","type":"product","link":"https:\/\/myroyalmarket.com\/fr\/produit\/oud-ghalib-perfume-100ml-for-men-and-women\/","title":{"rendered":"Parfum Oud Ghalib 100 ml pour homme et femme par Ard Al Zaafaran"},"content":{"rendered":"<div class=\"wpb-content-wrapper\"><p>[vc_row][vc_column width=\u00a0\u00bb1\/6&Prime;][\/vc_column][vc_column width=\u00a0\u00bb2\/3&Prime;][vc_column_text]Oud Ghalib d&rsquo;Ard Al Zaafaran est un parfum \u00e0 l&rsquo;ar\u00f4me d\u00e9licat pour une personnalit\u00e9 calme, mesur\u00e9e et modeste. Il se pr\u00e9sente dans une belle bouteille et un emballage au choix. Ard Al Zaafaran est un c\u00e9l\u00e8bre fabricant aux Emirats Arabes Unis pour ses parfums de oud.[\/vc_column_text][\/vc_column][vc_column width=\u00a0\u00bb1\/6&Prime;][\/vc_column][\/vc_row]<\/p>\n<\/div>","protected":false},"excerpt":{"rendered":"<ul>\n<li>Notes de t\u00eate : bois d&rsquo;agar, cannelle, noix de muscade<\/li>\n<li>Notes de coeur : Jasmin, bois de santal<\/li>\n<li>Notes de fond : Ambre, C\u00e8dre, Bois de Ga\u00efac, Musc<\/li>\n<li>Durable<\/li>\n<li>Meilleur produit de vente<\/li>\n<li>Capacit\u00e9: 100 ml<\/li>\n<li>Belle bouteille d\u00e9cor\u00e9e<\/li>\n<li>Produit original de l&rsquo;UEA<\/li>\n<\/ul>\n","protected":false},"featured_media":11262,"comment_status":"open","ping_status":"closed","template":"","meta":[],"product_brand":[],"product_cat":[237,235,278,273],"product_tag":[],"class_list":{"0":"post-17695","1":"product","2":"type-product","3":"status-publish","4":"has-post-thumbnail","6":"product_cat-oud-for-women-fr","7":"product_cat-oud-prfume-fr","8":"product_cat-oud-for-men-fr","9":"product_cat-oud-unisex-fr","10":"product_shipping_class-1-fr-2","12":"first","13":"outofstock","14":"sale","15":"shipping-taxable","16":"purchasable","17":"product-type-simple"},"supplier_id":null,"supplier_sku":"","barcode":null,"atum_controlled":true,"out_stock_date":null,"out_stock_threshold":null,"inheritable":false,"inbound_stock":0,"stock_on_hold":0,"sold_today":0,"sales_last_days":0,"reserved_stock":0,"customer_returns":0,"warehouse_damage":0,"lost_in_post":0,"other_logs":0,"out_stock_days":0,"lost_sales":0,"has_location":false,"update_date":"2025-12-06T15:17:53","atum_locations":[],"atum_stock_status":"outofstock","restock_status":false,"low_stock_amount":"","sales_update_date":"2025-12-06T15:17:53","calc_backorders":null,"_links":{"self":[{"href":"https:\/\/myroyalmarket.com\/fr\/wp-json\/wp\/v2\/product\/17695","targetHints":{"allow":["GET"]}}],"collection":[{"href":"https:\/\/myroyalmarket.com\/fr\/wp-json\/wp\/v2\/product"}],"about":[{"href":"https:\/\/myroyalmarket.com\/fr\/wp-json\/wp\/v2\/types\/product"}],"replies":[{"embeddable":true,"href":"https:\/\/myroyalmarket.com\/fr\/wp-json\/wp\/v2\/comments?post=17695"}],"wp:featuredmedia":[{"embeddable":true,"href":"https:\/\/myroyalmarket.com\/fr\/wp-json\/wp\/v2\/media\/11262"}],"wp:attachment":[{"href":"https:\/\/myroyalmarket.com\/fr\/wp-json\/wp\/v2\/media?parent=17695"}],"wp:term":[{"taxonomy":"product_brand","embeddable":true,"href":"https:\/\/myroyalmarket.com\/fr\/wp-json\/wp\/v2\/product_brand?post=17695"},{"taxonomy":"product_cat","embeddable":true,"href":"https:\/\/myroyalmarket.com\/fr\/wp-json\/wp\/v2\/product_cat?post=17695"},{"taxonomy":"product_tag","embeddable":true,"href":"https:\/\/myroyalmarket.com\/fr\/wp-json\/wp\/v2\/product_tag?post=17695"}],"curies":[{"name":"wp","href":"https:\/\/api.w.org\/{rel}","templated":true}]}}