{"id":17701,"date":"2020-10-28T08:28:46","date_gmt":"2022-04-30T18:23:11","guid":{"rendered":"https:\/\/www.my-damas.com\/product\/ahlam-al-khaleej-oud-perfume-80-for-men-and-women\/"},"modified":"2025-04-21T23:48:37","modified_gmt":"2025-04-21T15:48:37","slug":"ahlam-al-khaleej-oud-perfume-80-for-men-and-women","status":"publish","type":"product","link":"https:\/\/myroyalmarket.com\/fr\/produit\/ahlam-al-khaleej-oud-perfume-80-for-men-and-women\/","title":{"rendered":"Parfum Ahlam Al Khaleej Oud 80 ml pour homme et femme par Ard Al Zaafaran Parfums"},"content":{"rendered":"<div class=\"wpb-content-wrapper\"><p>[vc_row][vc_column width=\u00a0\u00bb1\/6&Prime;][\/vc_column][vc_column width=\u00a0\u00bb2\/3&Prime;][vc_column_text]<\/p>\n<h4 class=\"block-title \"><span style=\"font-size: 24px;\">Parfum Ahlam Al Khaleej Eau de Parfum par Ard Al Zaafaran<\/span><\/h4>\n<div class=\"content block-content active\">\n<div class=\"divproductlongtext\">\n<p>Ahlam Al Khaleej Eau de Parfum par Ard Al Zaafaran est un parfum puissant et dynamique pour hommes.<\/p>\n<p>Une note de t\u00eate fra\u00eeche et p\u00e9tillante ouvre le parfum avec de la bergamote, du cassis, du safran sec et du poivre \u00e9pic\u00e9.<\/p>\n<p>L&rsquo;ylang-ylang, les roses et le jasmin forment le c\u0153ur floral, suivis du bois de bouleau, du patchouli et du musc dans la base finale.<\/p>\n<p>Un parfum masculin sophistiqu\u00e9 est plein de puissance et d&rsquo;\u00e9nergie masculines.<\/p>\n<p>L&#8217;emballage correspond au parfum noble &#8211; une bo\u00eete \u00e0 charni\u00e8re en simili cuir doubl\u00e9e de tissu de velours.<\/p>\n<p>Accords principaux : bois\u00e9, frais, \u00e9pic\u00e9, musc<\/p>\n<\/div>\n<\/div>\n<p>[\/vc_column_text][vc_column_text]\u2022 Recommandation pour&nbsp;: les hommes<\/p>\n<p>\u2022 Contient de l&rsquo;alcool d\u00e9natur\u00e9 (halal)<\/p>\n<p>\u2022 Quantit\u00e9&nbsp;: 80&nbsp;ml<\/p>\n<div>\u2022 Flacon avec buse de pulv\u00e9risation<\/div>\n<div><\/div>\n<div>\u2022&nbsp;Fabricant&nbsp;: Ard&nbsp;Al&nbsp;Zaafaran<\/div>\n<p>[\/vc_column_text][\/vc_column][vc_column width=\u00a0\u00bb1\/6&Prime;][\/vc_column][\/vc_row]<\/p>\n<\/div>","protected":false},"excerpt":{"rendered":"<ul>\n<li>Notes de t\u00eate : bergamote, cassis, safran, poivre<\/li>\n<li>Notes de coeur : roses, jasmin, ylang-ylang<\/li>\n<li>Notes de fond : bouleau, patchouli, musc<\/li>\n<li>Fabricant : Ard Al Zafraan<\/li>\n<li>Taille 80ml<\/li>\n<li>Genre Unisexe<\/li>\n<li>Belle bouteille d\u00e9cor\u00e9e<\/li>\n<li>Produit original de l&rsquo;UEA<\/li>\n<\/ul>\n","protected":false},"featured_media":11586,"comment_status":"open","ping_status":"closed","template":"","meta":[],"product_brand":[],"product_cat":[237,235,278,273],"product_tag":[],"class_list":{"0":"post-17701","1":"product","2":"type-product","3":"status-publish","4":"has-post-thumbnail","6":"product_cat-oud-for-women-fr","7":"product_cat-oud-prfume-fr","8":"product_cat-oud-for-men-fr","9":"product_cat-oud-unisex-fr","10":"product_shipping_class-1-fr-2","12":"first","13":"instock","14":"sale","15":"shipping-taxable","16":"purchasable","17":"product-type-simple"},"supplier_id":null,"supplier_sku":"","barcode":null,"atum_controlled":true,"out_stock_date":null,"out_stock_threshold":null,"inheritable":false,"inbound_stock":0,"stock_on_hold":1,"sold_today":0,"sales_last_days":0,"reserved_stock":0,"customer_returns":0,"warehouse_damage":0,"lost_in_post":0,"other_logs":0,"out_stock_days":0,"lost_sales":0,"has_location":false,"update_date":"2026-03-30T09:39:58","atum_locations":[],"atum_stock_status":"instock","restock_status":false,"low_stock_amount":"","sales_update_date":"2026-03-30T09:39:58","calc_backorders":null,"_links":{"self":[{"href":"https:\/\/myroyalmarket.com\/fr\/wp-json\/wp\/v2\/product\/17701","targetHints":{"allow":["GET"]}}],"collection":[{"href":"https:\/\/myroyalmarket.com\/fr\/wp-json\/wp\/v2\/product"}],"about":[{"href":"https:\/\/myroyalmarket.com\/fr\/wp-json\/wp\/v2\/types\/product"}],"replies":[{"embeddable":true,"href":"https:\/\/myroyalmarket.com\/fr\/wp-json\/wp\/v2\/comments?post=17701"}],"wp:featuredmedia":[{"embeddable":true,"href":"https:\/\/myroyalmarket.com\/fr\/wp-json\/wp\/v2\/media\/11586"}],"wp:attachment":[{"href":"https:\/\/myroyalmarket.com\/fr\/wp-json\/wp\/v2\/media?parent=17701"}],"wp:term":[{"taxonomy":"product_brand","embeddable":true,"href":"https:\/\/myroyalmarket.com\/fr\/wp-json\/wp\/v2\/product_brand?post=17701"},{"taxonomy":"product_cat","embeddable":true,"href":"https:\/\/myroyalmarket.com\/fr\/wp-json\/wp\/v2\/product_cat?post=17701"},{"taxonomy":"product_tag","embeddable":true,"href":"https:\/\/myroyalmarket.com\/fr\/wp-json\/wp\/v2\/product_tag?post=17701"}],"curies":[{"name":"wp","href":"https:\/\/api.w.org\/{rel}","templated":true}]}}