{"id":17776,"date":"2022-05-01T19:53:40","date_gmt":"2022-05-01T19:53:40","guid":{"rendered":"https:\/\/www.my-damas.com\/product\/sadeeq-al-lail-oud-perfume-100ml-for-women\/"},"modified":"2022-05-01T19:53:50","modified_gmt":"2022-05-01T19:53:50","slug":"sadeeq-al-lail-oud-perfume-100ml-for-women","status":"publish","type":"product","link":"https:\/\/myroyalmarket.com\/fr\/produit\/sadeeq-al-lail-oud-perfume-100ml-for-women\/","title":{"rendered":"Sadeeq Al Lail Oud Parfum 100 ml pour femme par Ard Al Zaafaran Perfumes"},"content":{"rendered":"<div class=\"wpb-content-wrapper\"><p>[vc_row][vc_column width=\u00a0\u00bb1\/6&Prime;][\/vc_column][vc_column width=\u00a0\u00bb2\/3&Prime;][vc_column_text]<\/p>\n<h2>Parfum Sadeeq Al Lail Eau de Parfum par Ard Al Zaafaran<\/h2>\n<p>Parfum Sadeeq Al Lail Eau de Parfum par Ard Al Zaafaran est une beaut\u00e9 classique, des fleurs poudr\u00e9es chaudes combin\u00e9es \u00e0 des bois d\u00e9licats accompagn\u00e9s de notes de p\u00eache.<\/p>\n<p>La note de t\u00eate commence harmonieusement avec de la p\u00eache douce, des ald\u00e9hydes et des fleurs blanches.<\/p>\n<p>La note de c\u0153ur florale et chaleureuse forme la violette et le jasmin.<\/p>\n<p>Le bois de santal et la mousse dans la base cr\u00e9meuse compl\u00e8tent le parfum avec des notes bois\u00e9es.<\/p>\n<p>Un parfum merveilleusement chaud et doux qui est excellent pour un usage quotidien et adapt\u00e9 pour le soir.<\/p>\n<p>Accords principaux : fleurs blanches, poudr\u00e9s, fleuris, bois\u00e9s[\/vc_column_text][vc_column_text]\u2022 Recommandation pour&nbsp;: les femmes<\/p>\n<p>\u2022 Contient de l&rsquo;alcool d\u00e9natur\u00e9 (halal)<\/p>\n<p>\u2022 Quantit\u00e9: 100 ml<\/p>\n<div>\u2022 Flacon avec buse de pulv\u00e9risation<\/div>\n<div><\/div>\n<div>\u2022&nbsp;Fabricant&nbsp;: Ard&nbsp;Al&nbsp;Zaafaran<\/div>\n<p>[\/vc_column_text][\/vc_column][vc_column width=\u00a0\u00bb1\/6&Prime;][\/vc_column][\/vc_row]<\/p>\n<\/div>","protected":false},"excerpt":{"rendered":"<ul>\n<li>Notes de t\u00eate : p\u00eache, ald\u00e9hyde, fleurs blanches<\/li>\n<li>Notes de coeur : jasmin, violette<\/li>\n<li>Notes de fond : bois de santal, mousse<\/li>\n<li>Longue dur\u00e9e jusqu&rsquo;\u00e0 6 heures<\/li>\n<li>Meilleur produit de vente<\/li>\n<li>Eau De Parfum (EDP)<\/li>\n<li>Capacit\u00e9: 100 ml<\/li>\n<li>Belle bouteille d\u00e9cor\u00e9e<\/li>\n<li>Produit original de l&rsquo;UEA<\/li>\n<\/ul>\n","protected":false},"featured_media":11366,"comment_status":"open","ping_status":"closed","template":"","meta":[],"product_brand":[],"product_cat":[237,235],"product_tag":[],"class_list":{"0":"post-17776","1":"product","2":"type-product","3":"status-publish","4":"has-post-thumbnail","6":"product_cat-oud-for-women-fr","7":"product_cat-oud-prfume-fr","8":"product_shipping_class-1-fr-2","10":"first","11":"instock","12":"sale","13":"shipping-taxable","14":"purchasable","15":"product-type-simple"},"supplier_id":null,"supplier_sku":"","barcode":null,"atum_controlled":true,"out_stock_date":null,"out_stock_threshold":null,"inheritable":false,"inbound_stock":0,"stock_on_hold":0,"sold_today":0,"sales_last_days":0,"reserved_stock":0,"customer_returns":0,"warehouse_damage":0,"lost_in_post":0,"other_logs":0,"out_stock_days":0,"lost_sales":0,"has_location":false,"update_date":"2026-05-05T00:45:29","atum_locations":[],"atum_stock_status":"instock","restock_status":false,"low_stock_amount":"","sales_update_date":"2026-05-05T00:45:29","calc_backorders":null,"_links":{"self":[{"href":"https:\/\/myroyalmarket.com\/fr\/wp-json\/wp\/v2\/product\/17776","targetHints":{"allow":["GET"]}}],"collection":[{"href":"https:\/\/myroyalmarket.com\/fr\/wp-json\/wp\/v2\/product"}],"about":[{"href":"https:\/\/myroyalmarket.com\/fr\/wp-json\/wp\/v2\/types\/product"}],"replies":[{"embeddable":true,"href":"https:\/\/myroyalmarket.com\/fr\/wp-json\/wp\/v2\/comments?post=17776"}],"wp:featuredmedia":[{"embeddable":true,"href":"https:\/\/myroyalmarket.com\/fr\/wp-json\/wp\/v2\/media\/11366"}],"wp:attachment":[{"href":"https:\/\/myroyalmarket.com\/fr\/wp-json\/wp\/v2\/media?parent=17776"}],"wp:term":[{"taxonomy":"product_brand","embeddable":true,"href":"https:\/\/myroyalmarket.com\/fr\/wp-json\/wp\/v2\/product_brand?post=17776"},{"taxonomy":"product_cat","embeddable":true,"href":"https:\/\/myroyalmarket.com\/fr\/wp-json\/wp\/v2\/product_cat?post=17776"},{"taxonomy":"product_tag","embeddable":true,"href":"https:\/\/myroyalmarket.com\/fr\/wp-json\/wp\/v2\/product_tag?post=17776"}],"curies":[{"name":"wp","href":"https:\/\/api.w.org\/{rel}","templated":true}]}}