{"id":17793,"date":"2020-10-28T08:28:42","date_gmt":"2022-05-02T07:04:48","guid":{"rendered":"https:\/\/www.my-damas.com\/product\/oud-suyufi-perfume-100ml-for-men-and-women\/"},"modified":"2022-05-02T07:05:10","modified_gmt":"2022-05-02T07:05:10","slug":"oud-suyufi-perfume-100ml-for-men-and-women","status":"publish","type":"product","link":"https:\/\/myroyalmarket.com\/fr\/produit\/oud-suyufi-perfume-100ml-for-men-and-women\/","title":{"rendered":"Parfum Oud Suyufi 100 ml pour femme et homme par Ard Al Zaafaran Perfumes"},"content":{"rendered":"<div class=\"wpb-content-wrapper\"><p>[vc_row][vc_column width=\u00a0\u00bb1\/6&Prime;][\/vc_column][vc_column width=\u00a0\u00bb2\/3&Prime;][vc_column_text]<\/p>\n<h1>Oud Suyufi<\/h1>\n<p>Parfum de Prestige et d&rsquo;\u00e9l\u00e9gance vraiment particulier. Le parfum Oud Suyufi est une grande r\u00e9v\u00e9lation c&rsquo;est l&rsquo;un de nos pr\u00e9f\u00e9r\u00e9s.<\/p>\n<p>Oud Suyufi Perfume Spray est l&rsquo;une des huiles de parfum arabes c\u00e9l\u00e8bres et populaires de l&rsquo;un des producteurs de parfums de renomm\u00e9e mondiale Suroori. C&rsquo;est une huile de parfum tr\u00e8s agr\u00e9able, douce et durable. Il vient dans un design \u00e9tonnant avec une belle bouteille en verre. Une huile bien pr\u00e9sent\u00e9e dans une bouteille \u00e9tonnante avec un couvercle dor\u00e9 et un couvercle rouge, parfait pour un cadeau.<\/p>\n<p>Cela peut \u00eatre une tr\u00e8s belle et belle bo\u00eete cadeau, cela peut aussi \u00eatre une tr\u00e8s belle collection personnelle, vous avez besoin de quelques gouttes et cela durera le reste de la journ\u00e9e, contrairement \u00e0 d&rsquo;autres parfums o\u00f9 vous devez r\u00e9appliquer.[\/vc_column_text][vc_single_image image=\u00a0\u00bb11334&Prime; img_size=\u00a0\u00bbfull\u00a0\u00bb][\/vc_column][vc_column width=\u00a0\u00bb1\/6&Prime;][\/vc_column][\/vc_row]<\/p>\n<\/div>","protected":false},"excerpt":{"rendered":"<ul>\n<li>Notes de t\u00eate : Oud<\/li>\n<li>Notes de coeur : Patchouli, Rose<\/li>\n<li>Notes de fond : Musc, Ambre<\/li>\n<li>Longue dur\u00e9e jusqu&rsquo;\u00e0 6 heures<\/li>\n<li>Meilleur produit de vente<\/li>\n<li>Eau De Parfum (EDP)<\/li>\n<li>Capacit\u00e9: 100 ml<\/li>\n<li>Belle bouteille d\u00e9cor\u00e9e<\/li>\n<li>Produit original de l&rsquo;UEA<\/li>\n<\/ul>\n","protected":false},"featured_media":11338,"comment_status":"open","ping_status":"closed","template":"","meta":[],"product_brand":[],"product_cat":[237,235,278,273],"product_tag":[],"class_list":{"0":"post-17793","1":"product","2":"type-product","3":"status-publish","4":"has-post-thumbnail","6":"product_cat-oud-for-women-fr","7":"product_cat-oud-prfume-fr","8":"product_cat-oud-for-men-fr","9":"product_cat-oud-unisex-fr","10":"product_shipping_class-1-fr-2","12":"first","13":"instock","14":"sale","15":"shipping-taxable","16":"purchasable","17":"product-type-simple"},"supplier_id":null,"supplier_sku":"","barcode":null,"atum_controlled":true,"out_stock_date":null,"out_stock_threshold":null,"inheritable":false,"inbound_stock":0,"stock_on_hold":0,"sold_today":0,"sales_last_days":0,"reserved_stock":0,"customer_returns":0,"warehouse_damage":0,"lost_in_post":0,"other_logs":0,"out_stock_days":0,"lost_sales":0,"has_location":false,"update_date":"2026-05-04T16:42:53","atum_locations":[],"atum_stock_status":"instock","restock_status":false,"low_stock_amount":"","sales_update_date":"2026-05-04T16:42:53","calc_backorders":null,"_links":{"self":[{"href":"https:\/\/myroyalmarket.com\/fr\/wp-json\/wp\/v2\/product\/17793","targetHints":{"allow":["GET"]}}],"collection":[{"href":"https:\/\/myroyalmarket.com\/fr\/wp-json\/wp\/v2\/product"}],"about":[{"href":"https:\/\/myroyalmarket.com\/fr\/wp-json\/wp\/v2\/types\/product"}],"replies":[{"embeddable":true,"href":"https:\/\/myroyalmarket.com\/fr\/wp-json\/wp\/v2\/comments?post=17793"}],"wp:featuredmedia":[{"embeddable":true,"href":"https:\/\/myroyalmarket.com\/fr\/wp-json\/wp\/v2\/media\/11338"}],"wp:attachment":[{"href":"https:\/\/myroyalmarket.com\/fr\/wp-json\/wp\/v2\/media?parent=17793"}],"wp:term":[{"taxonomy":"product_brand","embeddable":true,"href":"https:\/\/myroyalmarket.com\/fr\/wp-json\/wp\/v2\/product_brand?post=17793"},{"taxonomy":"product_cat","embeddable":true,"href":"https:\/\/myroyalmarket.com\/fr\/wp-json\/wp\/v2\/product_cat?post=17793"},{"taxonomy":"product_tag","embeddable":true,"href":"https:\/\/myroyalmarket.com\/fr\/wp-json\/wp\/v2\/product_tag?post=17793"}],"curies":[{"name":"wp","href":"https:\/\/api.w.org\/{rel}","templated":true}]}}