{"id":17980,"date":"2022-05-19T10:35:23","date_gmt":"2022-05-19T10:35:23","guid":{"rendered":"https:\/\/www.my-damas.com\/?post_type=product&#038;p=17980"},"modified":"2025-12-31T19:46:48","modified_gmt":"2025-12-31T11:46:48","slug":"menthes-royales-pour-lenergie-haute-puissance-24-menthes","status":"publish","type":"product","link":"https:\/\/myroyalmarket.com\/fr\/produit\/menthes-royales-pour-lenergie-haute-puissance-24-menthes\/","title":{"rendered":"MENTHE ROYALE, Haute Puissance 24 menthes"},"content":{"rendered":"<div class=\"wpb-content-wrapper\"><p>[vc_row][vc_column width=\u00a0\u00bb1\/6&Prime;][\/vc_column][vc_column width=\u00a0\u00bb2\/3&Prime;][vc_column_text]Se dissout dans la bouche pour un effet plus rapide. Dosage pratique et pr\u00e9cis pour une utilisation quotidienne.<\/p>\n<p>Doit \u00eatre \u00e2g\u00e9 de 21 ans ou plus.<\/p>\n<p>&nbsp;<\/p>\n<p>N&rsquo;importe quand, n&rsquo;importe o\u00f9, ROYAL MINTS. Grande \u00e9nergie. Grande Confiance.<\/p>\n<p>Recette artisanale.[\/vc_column_text][vc_single_image image=\u00a0\u00bb39047&Prime; img_size=\u00a0\u00bbfull\u00a0\u00bb][vc_column_text]<strong>Comment utiliser:<\/strong><\/p>\n<p>Prenez 1 \u00e0 2 menthes par jour au besoin.<\/p>\n<p>Ne pas d\u00e9passer 2 menthes par jour.[\/vc_column_text][vc_single_image image=\u00a0\u00bb39035&Prime; img_size=\u00a0\u00bbfull\u00a0\u00bb][\/vc_column][vc_column width=\u00a0\u00bb1\/6&Prime;][\/vc_column][\/vc_row]<\/p>\n<\/div>","protected":false},"excerpt":{"rendered":"<ul>\n<li>Chaque bo\u00eete contient 24 menthes<\/li>\n<li>N&rsquo;importe quand, n&rsquo;importe o\u00f9, MONNAIES ROYALES<\/li>\n<li>Grande \u00e9nergie.<\/li>\n<li>Grande Confiance.<\/li>\n<li>HAUTE PUISSANCE<\/li>\n<li>CAF\u00c9INE | TAURINE B-VITAMINES ET M\u00c9LANGE D&rsquo;HERBES<\/li>\n<\/ul>\n","protected":false},"featured_media":39029,"comment_status":"open","ping_status":"closed","template":"","meta":[],"product_brand":[],"product_cat":[248],"product_tag":[],"class_list":{"0":"post-17980","1":"product","2":"type-product","3":"status-publish","4":"has-post-thumbnail","6":"product_cat-royal-honey-fr","8":"first","9":"instock","10":"sale","11":"shipping-taxable","12":"purchasable","13":"product-type-simple"},"supplier_id":null,"supplier_sku":"","barcode":null,"atum_controlled":true,"out_stock_date":null,"out_stock_threshold":null,"inheritable":false,"inbound_stock":0,"stock_on_hold":19,"sold_today":0,"sales_last_days":0,"reserved_stock":0,"customer_returns":0,"warehouse_damage":0,"lost_in_post":0,"other_logs":0,"out_stock_days":0,"lost_sales":0,"has_location":false,"update_date":"2026-04-03T10:12:34","atum_locations":[],"atum_stock_status":"instock","restock_status":false,"low_stock_amount":"","sales_update_date":"2026-04-03T10:12:34","calc_backorders":null,"_links":{"self":[{"href":"https:\/\/myroyalmarket.com\/fr\/wp-json\/wp\/v2\/product\/17980","targetHints":{"allow":["GET"]}}],"collection":[{"href":"https:\/\/myroyalmarket.com\/fr\/wp-json\/wp\/v2\/product"}],"about":[{"href":"https:\/\/myroyalmarket.com\/fr\/wp-json\/wp\/v2\/types\/product"}],"replies":[{"embeddable":true,"href":"https:\/\/myroyalmarket.com\/fr\/wp-json\/wp\/v2\/comments?post=17980"}],"wp:featuredmedia":[{"embeddable":true,"href":"https:\/\/myroyalmarket.com\/fr\/wp-json\/wp\/v2\/media\/39029"}],"wp:attachment":[{"href":"https:\/\/myroyalmarket.com\/fr\/wp-json\/wp\/v2\/media?parent=17980"}],"wp:term":[{"taxonomy":"product_brand","embeddable":true,"href":"https:\/\/myroyalmarket.com\/fr\/wp-json\/wp\/v2\/product_brand?post=17980"},{"taxonomy":"product_cat","embeddable":true,"href":"https:\/\/myroyalmarket.com\/fr\/wp-json\/wp\/v2\/product_cat?post=17980"},{"taxonomy":"product_tag","embeddable":true,"href":"https:\/\/myroyalmarket.com\/fr\/wp-json\/wp\/v2\/product_tag?post=17980"}],"curies":[{"name":"wp","href":"https:\/\/api.w.org\/{rel}","templated":true}]}}