{"id":22536,"date":"2020-10-28T08:28:42","date_gmt":"2022-05-29T12:26:35","guid":{"rendered":"https:\/\/www.my-damas.com\/product\/sheikh-al-shuyukh-oud-perfume-50ml-deodorant-for-men-and-women\/"},"modified":"2022-05-29T12:26:40","modified_gmt":"2022-05-29T12:26:40","slug":"sheikh-al-shuyukh-oud-perfume-50ml-deodorant-for-men-and-women","status":"publish","type":"product","link":"https:\/\/myroyalmarket.com\/fr\/produit\/sheikh-al-shuyukh-oud-perfume-50ml-deodorant-for-men-and-women\/","title":{"rendered":"Parfum Sheikh Al Shuyukh Oud 50 ml + D\u00e9odorant 50 ml pour femme et homme par Ard Al Zaafaran Perfumes"},"content":{"rendered":"<div class=\"wpb-content-wrapper\"><p>[vc_row][vc_column width=\u00a0\u00bb1\/6&Prime;][\/vc_column][vc_column width=\u00a0\u00bb2\/3&Prime;][vc_column_text]<\/p>\n<h2>Cheikh Al Shuyukh Eau de Parfum par Lattafa<\/h2>\n<p>Parfum Sheikh Al Shuyukh Eau de Parfum de Lattafa est un parfum oriental bois\u00e9 pour femme et homme.<\/p>\n<p>Oudh et c\u00e8dre ouvrent le parfum dans la note de t\u00eate, avec Oudh portant tout au long du parfum.<\/p>\n<p>Une note de c\u0153ur \u00e9pic\u00e9e de lavande, de sauge et de romarin suit.<\/p>\n<p>Le v\u00e9tiver et le patchouli forment la base finale.<\/p>\n<p>Le parfum Sheikh Al Shuyukh est un parfum riche et propre avec une belle fra\u00eecheur croquante. Les \u00e9l\u00e9ments traditionnels se m\u00ealent ici \u00e0 la modernit\u00e9. L&rsquo;excellent sillage est particuli\u00e8rement remarquable. Le parfum tient tr\u00e8s longtemps.<\/p>\n<p>&nbsp;<\/p>\n<p>Accords principaux : aromatique, bois\u00e9, herbac\u00e9, frais \u00e9pic\u00e9[\/vc_column_text][vc_column_text]\u2022 Recommandation pour&nbsp;: les femmes et les hommes<\/p>\n<p>\u2022 Contient de l&rsquo;alcool d\u00e9natur\u00e9 (halal)<\/p>\n<p>\u2022 Quantit\u00e9&nbsp;: 50&nbsp;ml d&rsquo;eau de parfum + spray d\u00e9odorant<\/p>\n<div>\u2022 Flacon avec buse de pulv\u00e9risation<\/div>\n<p>[\/vc_column_text][\/vc_column][vc_column width=\u00a0\u00bb1\/6&Prime;][\/vc_column][\/vc_row]<\/p>\n<\/div>","protected":false},"excerpt":{"rendered":"<ul>\n<li>Notes de t\u00eate : Oudh, c\u00e8dre<\/li>\n<li>Notes de coeur : sauge, lavande, romarin<\/li>\n<li>Notes de fond : patchouli, v\u00e9tiver<\/li>\n<li>Longue dur\u00e9e jusqu&rsquo;\u00e0 6 heures<\/li>\n<li>Meilleur produit de vente<\/li>\n<li>Eau De Parfum (EDP)<\/li>\n<li>Contenance : 50 ml<\/li>\n<li>Belle bouteille d\u00e9cor\u00e9e<\/li>\n<li>Produit original de l&rsquo;UEA<\/li>\n<\/ul>\n","protected":false},"featured_media":11318,"comment_status":"open","ping_status":"closed","template":"","meta":[],"product_brand":[],"product_cat":[237,235,278,273],"product_tag":[],"class_list":{"0":"post-22536","1":"product","2":"type-product","3":"status-publish","4":"has-post-thumbnail","6":"product_cat-oud-for-women-fr","7":"product_cat-oud-prfume-fr","8":"product_cat-oud-for-men-fr","9":"product_cat-oud-unisex-fr","10":"product_shipping_class-1-fr-2","12":"first","13":"instock","14":"sale","15":"shipping-taxable","16":"purchasable","17":"product-type-simple"},"supplier_id":null,"supplier_sku":"","barcode":null,"atum_controlled":true,"out_stock_date":null,"out_stock_threshold":null,"inheritable":false,"inbound_stock":0,"stock_on_hold":0,"sold_today":0,"sales_last_days":0,"reserved_stock":0,"customer_returns":0,"warehouse_damage":0,"lost_in_post":0,"other_logs":0,"out_stock_days":0,"lost_sales":0,"has_location":false,"update_date":"2025-12-07T00:04:27","atum_locations":[],"atum_stock_status":"instock","restock_status":false,"low_stock_amount":"","sales_update_date":"2025-12-07T00:04:27","calc_backorders":null,"_links":{"self":[{"href":"https:\/\/myroyalmarket.com\/fr\/wp-json\/wp\/v2\/product\/22536","targetHints":{"allow":["GET"]}}],"collection":[{"href":"https:\/\/myroyalmarket.com\/fr\/wp-json\/wp\/v2\/product"}],"about":[{"href":"https:\/\/myroyalmarket.com\/fr\/wp-json\/wp\/v2\/types\/product"}],"replies":[{"embeddable":true,"href":"https:\/\/myroyalmarket.com\/fr\/wp-json\/wp\/v2\/comments?post=22536"}],"wp:featuredmedia":[{"embeddable":true,"href":"https:\/\/myroyalmarket.com\/fr\/wp-json\/wp\/v2\/media\/11318"}],"wp:attachment":[{"href":"https:\/\/myroyalmarket.com\/fr\/wp-json\/wp\/v2\/media?parent=22536"}],"wp:term":[{"taxonomy":"product_brand","embeddable":true,"href":"https:\/\/myroyalmarket.com\/fr\/wp-json\/wp\/v2\/product_brand?post=22536"},{"taxonomy":"product_cat","embeddable":true,"href":"https:\/\/myroyalmarket.com\/fr\/wp-json\/wp\/v2\/product_cat?post=22536"},{"taxonomy":"product_tag","embeddable":true,"href":"https:\/\/myroyalmarket.com\/fr\/wp-json\/wp\/v2\/product_tag?post=22536"}],"curies":[{"name":"wp","href":"https:\/\/api.w.org\/{rel}","templated":true}]}}