{"id":22551,"date":"2020-10-28T08:28:41","date_gmt":"2022-05-29T16:32:53","guid":{"rendered":"https:\/\/www.my-damas.com\/product\/al-astura-oud-perfume-100ml-for-men\/"},"modified":"2022-09-30T08:30:08","modified_gmt":"2022-09-30T08:30:08","slug":"al-astura-oud-perfume-100ml-for-men","status":"publish","type":"product","link":"https:\/\/myroyalmarket.com\/fr\/produit\/al-astura-oud-perfume-100ml-for-men\/","title":{"rendered":"Parfum Al Astura Oud 100 ml pour homme par Ard Al Zaafaran Perfumes"},"content":{"rendered":"<p>Al Astura est l&rsquo;un des parfums exclusifs de l&rsquo;un des producteurs de parfums arabes, orientaux et c\u00e9l\u00e8bres de renomm\u00e9e mondiale, AL ZAAFARAN. C&rsquo;est un parfum de longue dur\u00e9e et doux. Astura est un parfum frais, doux, floral et \u00e9pic\u00e9. Il est livr\u00e9 dans un design de bouteille fantastique.<\/p>\n<p>Un bien pr\u00e9sent\u00e9 dans une bouteille fantastique avec un savoir-faire d\u00e9taill\u00e9, parfait pour un cadeau.<\/p>\n<p>Cela peut \u00eatre une bo\u00eete cadeau adorable et belle. Cela peut aussi \u00eatre une tr\u00e8s belle collection personnelle.<\/p>\n","protected":false},"excerpt":{"rendered":"<ul>\n<li>Longue dur\u00e9e jusqu&rsquo;\u00e0 6 heures<\/li>\n<li>Meilleur produit de vente<\/li>\n<li>Eau de Parfum (EDP)<\/li>\n<li>Capacit\u00e9: 100 ml<\/li>\n<li>Belle bouteille d\u00e9cor\u00e9e<\/li>\n<li>Produit original de l&rsquo;UEA<\/li>\n<\/ul>\n","protected":false},"featured_media":11434,"comment_status":"open","ping_status":"closed","template":"","meta":[],"product_brand":[],"product_cat":[235,278],"product_tag":[],"class_list":{"0":"post-22551","1":"product","2":"type-product","3":"status-publish","4":"has-post-thumbnail","6":"product_cat-oud-prfume-fr","7":"product_cat-oud-for-men-fr","8":"product_shipping_class-1-fr-2","10":"first","11":"instock","12":"sale","13":"shipping-taxable","14":"purchasable","15":"product-type-simple"},"supplier_id":null,"supplier_sku":"","barcode":null,"atum_controlled":true,"out_stock_date":null,"out_stock_threshold":null,"inheritable":false,"inbound_stock":0,"stock_on_hold":1,"sold_today":0,"sales_last_days":0,"reserved_stock":0,"customer_returns":0,"warehouse_damage":0,"lost_in_post":0,"other_logs":0,"out_stock_days":0,"lost_sales":0,"has_location":false,"update_date":"2025-12-07T00:04:23","atum_locations":[],"atum_stock_status":"instock","restock_status":false,"low_stock_amount":"","sales_update_date":"2025-12-07T00:04:23","calc_backorders":null,"_links":{"self":[{"href":"https:\/\/myroyalmarket.com\/fr\/wp-json\/wp\/v2\/product\/22551","targetHints":{"allow":["GET"]}}],"collection":[{"href":"https:\/\/myroyalmarket.com\/fr\/wp-json\/wp\/v2\/product"}],"about":[{"href":"https:\/\/myroyalmarket.com\/fr\/wp-json\/wp\/v2\/types\/product"}],"replies":[{"embeddable":true,"href":"https:\/\/myroyalmarket.com\/fr\/wp-json\/wp\/v2\/comments?post=22551"}],"wp:featuredmedia":[{"embeddable":true,"href":"https:\/\/myroyalmarket.com\/fr\/wp-json\/wp\/v2\/media\/11434"}],"wp:attachment":[{"href":"https:\/\/myroyalmarket.com\/fr\/wp-json\/wp\/v2\/media?parent=22551"}],"wp:term":[{"taxonomy":"product_brand","embeddable":true,"href":"https:\/\/myroyalmarket.com\/fr\/wp-json\/wp\/v2\/product_brand?post=22551"},{"taxonomy":"product_cat","embeddable":true,"href":"https:\/\/myroyalmarket.com\/fr\/wp-json\/wp\/v2\/product_cat?post=22551"},{"taxonomy":"product_tag","embeddable":true,"href":"https:\/\/myroyalmarket.com\/fr\/wp-json\/wp\/v2\/product_tag?post=22551"}],"curies":[{"name":"wp","href":"https:\/\/api.w.org\/{rel}","templated":true}]}}