{"id":22556,"date":"2020-10-28T08:28:41","date_gmt":"2022-05-29T16:33:12","guid":{"rendered":"https:\/\/www.my-damas.com\/product\/oud-al-lail-perfume-100ml-for-men-and-women\/"},"modified":"2022-05-29T16:33:37","modified_gmt":"2022-05-29T16:33:37","slug":"oud-al-lail-perfume-100ml-for-men-and-women","status":"publish","type":"product","link":"https:\/\/myroyalmarket.com\/fr\/produit\/oud-al-lail-perfume-100ml-for-men-and-women\/","title":{"rendered":"Parfum Oud Al Lail 100 ml pour homme et femme par Ard Al Zaafaran Perfumes"},"content":{"rendered":"<div class=\"wpb-content-wrapper\"><p>[vc_row][vc_column width=\u00a0\u00bb1\/6&Prime;][\/vc_column][vc_column width=\u00a0\u00bb2\/3&Prime;][vc_column_text]<\/p>\n<h2>Parfum Oud Al Lail par Ard Al Zaafaran Eau de Parfum<\/h2>\n<div>Parfum Oud Al Lail Eau de Parfum de Ard Al Zaafaran est un parfum Oudh aux notes orientales et \u00e9pic\u00e9es.<\/div>\n<div>\n<div><\/div>\n<div>La note de t\u00eate offre des notes \u00e9pic\u00e9es de noix de muscade, de safran, d&rsquo;encens, de caf\u00e9 et de cannelle.<\/div>\n<div><\/div>\n<div>Le bouleau frais associe le jasmin floral, les prunes, le pralin\u00e9 et le cuir en note de c\u0153ur. Le bouleau r\u00e9ussit tr\u00e8s bien \u00e0 apprivoiser la douceur des prunes et des notes florales.<\/div>\n<div><\/div>\n<div>La base offre du Oudh bois\u00e9, de l&rsquo;ambre chaud, du c\u00e8dre, de la vanille et du bois de santal.<\/div>\n<div><\/div>\n<div>Un parfum fum\u00e9-sucr\u00e9 complet et d\u00e9licieux qui est magnifiquement \u00e9quilibr\u00e9 et pas \u00e9crasant. Les parfums s&rsquo;entrem\u00ealent magnifiquement ici. Chaque phase de ce parfum a son propre moment rayonnant.<\/div>\n<div>Le parfum peut \u00eatre port\u00e9 en toute occasion.<\/div>\n<div><\/div>\n<\/div>\n<div>\n<div>Accords principaux : cuir, fum\u00e9, balsamique, \u00e9pic\u00e9 chaud, Oudh<\/div>\n<\/div>\n<p>[\/vc_column_text][vc_column_text]<\/p>\n<div>\u2022 Recommandation&nbsp;: Pour les femmes et les hommes<\/div>\n<div>\u2022 Contient de l&rsquo;alcool d\u00e9natur\u00e9 (halal)<\/div>\n<div>\u2022 Quantit\u00e9&nbsp;: 100&nbsp;ml d&rsquo;eau de parfum<\/div>\n<div>\u2022 Flacon avec buse de pulv\u00e9risation<\/div>\n<div>\u2022&nbsp;Fabricant&nbsp;: Ard&nbsp;Al&nbsp;Zaafaran<\/div>\n<p>[\/vc_column_text][\/vc_column][vc_column width=\u00a0\u00bb1\/6&Prime;][\/vc_column][\/vc_row]<\/p>\n<\/div>","protected":false},"excerpt":{"rendered":"<ul>\n<li>Notes de t\u00eate : muscade, safran, encens, caf\u00e9, cannelle<\/li>\n<li>Notes de coeur : jasmin, prunes, pralin\u00e9, cuir, bouleau<\/li>\n<li>Notes de fond : Oudh, ambre, c\u00e8dre, vanille, bois de santal<\/li>\n<li>Longue dur\u00e9e jusqu&rsquo;\u00e0 6 heures<\/li>\n<li>Meilleur produit de vente<\/li>\n<li>Eau de Parfum (EDP)<\/li>\n<li>Capacit\u00e9: 100 ml<\/li>\n<li>Belle bouteille d\u00e9cor\u00e9e<\/li>\n<li>Produit original de l&rsquo;UEA<\/li>\n<\/ul>\n","protected":false},"featured_media":11426,"comment_status":"open","ping_status":"closed","template":"","meta":[],"product_brand":[],"product_cat":[237,235,278,273],"product_tag":[],"class_list":{"0":"post-22556","1":"product","2":"type-product","3":"status-publish","4":"has-post-thumbnail","6":"product_cat-oud-for-women-fr","7":"product_cat-oud-prfume-fr","8":"product_cat-oud-for-men-fr","9":"product_cat-oud-unisex-fr","10":"product_shipping_class-1-fr-2","12":"first","13":"instock","14":"sale","15":"shipping-taxable","16":"purchasable","17":"product-type-simple"},"supplier_id":null,"supplier_sku":"","barcode":null,"atum_controlled":true,"out_stock_date":null,"out_stock_threshold":null,"inheritable":false,"inbound_stock":0,"stock_on_hold":0,"sold_today":0,"sales_last_days":0,"reserved_stock":0,"customer_returns":0,"warehouse_damage":0,"lost_in_post":0,"other_logs":0,"out_stock_days":0,"lost_sales":0,"has_location":false,"update_date":"2025-12-07T00:04:27","atum_locations":[],"atum_stock_status":"instock","restock_status":false,"low_stock_amount":"","sales_update_date":"2025-12-07T00:04:27","calc_backorders":null,"_links":{"self":[{"href":"https:\/\/myroyalmarket.com\/fr\/wp-json\/wp\/v2\/product\/22556","targetHints":{"allow":["GET"]}}],"collection":[{"href":"https:\/\/myroyalmarket.com\/fr\/wp-json\/wp\/v2\/product"}],"about":[{"href":"https:\/\/myroyalmarket.com\/fr\/wp-json\/wp\/v2\/types\/product"}],"replies":[{"embeddable":true,"href":"https:\/\/myroyalmarket.com\/fr\/wp-json\/wp\/v2\/comments?post=22556"}],"wp:featuredmedia":[{"embeddable":true,"href":"https:\/\/myroyalmarket.com\/fr\/wp-json\/wp\/v2\/media\/11426"}],"wp:attachment":[{"href":"https:\/\/myroyalmarket.com\/fr\/wp-json\/wp\/v2\/media?parent=22556"}],"wp:term":[{"taxonomy":"product_brand","embeddable":true,"href":"https:\/\/myroyalmarket.com\/fr\/wp-json\/wp\/v2\/product_brand?post=22556"},{"taxonomy":"product_cat","embeddable":true,"href":"https:\/\/myroyalmarket.com\/fr\/wp-json\/wp\/v2\/product_cat?post=22556"},{"taxonomy":"product_tag","embeddable":true,"href":"https:\/\/myroyalmarket.com\/fr\/wp-json\/wp\/v2\/product_tag?post=22556"}],"curies":[{"name":"wp","href":"https:\/\/api.w.org\/{rel}","templated":true}]}}