{"id":22564,"date":"2020-10-28T08:28:37","date_gmt":"2022-05-29T16:33:51","guid":{"rendered":"https:\/\/www.my-damas.com\/product\/reem-al-quloob-oud-perfume-100ml-for-women\/"},"modified":"2022-05-29T16:34:00","modified_gmt":"2022-05-29T16:34:00","slug":"reem-al-quloob-oud-perfume-100ml-for-women","status":"publish","type":"product","link":"https:\/\/myroyalmarket.com\/fr\/produit\/reem-al-quloob-oud-perfume-100ml-for-women\/","title":{"rendered":"Reem Al Quloob (Oud Perfume) 100ML pour femme par Ard Al Zaafaran"},"content":{"rendered":"<div class=\"wpb-content-wrapper\"><p>[vc_row][vc_column width=\u00a0\u00bb1\/6&Prime;][\/vc_column][vc_column width=\u00a0\u00bb2\/3&Prime;][vc_column_text]Eau de Parfum Reem Al Quloob 100 ml<br \/>\n\u00c9pices d\u00e9licates, bouff\u00e9es de cannelle, bois exotiques et notes orientales \u00e9pic\u00e9es de fruits.[\/vc_column_text][\/vc_column][vc_column width=\u00a0\u00bb1\/6&Prime;][\/vc_column][\/vc_row]<\/p>\n<\/div>","protected":false},"excerpt":{"rendered":"<ul>\n<li>rose de damas, oud<\/li>\n<li>Longue dur\u00e9e jusqu&rsquo;\u00e0 6 heures<\/li>\n<li>Meilleur produit de vente<\/li>\n<li>Eau De Parfum (EDP)<\/li>\n<li>Capacit\u00e9: 100 ml<\/li>\n<li>Belle bouteille d\u00e9cor\u00e9e<\/li>\n<li>Produit original de l&rsquo;UEA<\/li>\n<\/ul>\n","protected":false},"featured_media":11558,"comment_status":"open","ping_status":"closed","template":"","meta":[],"product_brand":[],"product_cat":[237,235],"product_tag":[],"class_list":{"0":"post-22564","1":"product","2":"type-product","3":"status-publish","4":"has-post-thumbnail","6":"product_cat-oud-for-women-fr","7":"product_cat-oud-prfume-fr","8":"product_shipping_class-1-fr-2","10":"first","11":"instock","12":"sale","13":"shipping-taxable","14":"purchasable","15":"product-type-simple"},"supplier_id":null,"supplier_sku":"","barcode":null,"atum_controlled":true,"out_stock_date":null,"out_stock_threshold":null,"inheritable":false,"inbound_stock":0,"stock_on_hold":0,"sold_today":0,"sales_last_days":0,"reserved_stock":0,"customer_returns":0,"warehouse_damage":0,"lost_in_post":0,"other_logs":0,"out_stock_days":0,"lost_sales":0,"has_location":false,"update_date":"2025-12-07T00:04:29","atum_locations":[],"atum_stock_status":"instock","restock_status":false,"low_stock_amount":"","sales_update_date":"2025-12-07T00:04:29","calc_backorders":null,"_links":{"self":[{"href":"https:\/\/myroyalmarket.com\/fr\/wp-json\/wp\/v2\/product\/22564","targetHints":{"allow":["GET"]}}],"collection":[{"href":"https:\/\/myroyalmarket.com\/fr\/wp-json\/wp\/v2\/product"}],"about":[{"href":"https:\/\/myroyalmarket.com\/fr\/wp-json\/wp\/v2\/types\/product"}],"replies":[{"embeddable":true,"href":"https:\/\/myroyalmarket.com\/fr\/wp-json\/wp\/v2\/comments?post=22564"}],"wp:featuredmedia":[{"embeddable":true,"href":"https:\/\/myroyalmarket.com\/fr\/wp-json\/wp\/v2\/media\/11558"}],"wp:attachment":[{"href":"https:\/\/myroyalmarket.com\/fr\/wp-json\/wp\/v2\/media?parent=22564"}],"wp:term":[{"taxonomy":"product_brand","embeddable":true,"href":"https:\/\/myroyalmarket.com\/fr\/wp-json\/wp\/v2\/product_brand?post=22564"},{"taxonomy":"product_cat","embeddable":true,"href":"https:\/\/myroyalmarket.com\/fr\/wp-json\/wp\/v2\/product_cat?post=22564"},{"taxonomy":"product_tag","embeddable":true,"href":"https:\/\/myroyalmarket.com\/fr\/wp-json\/wp\/v2\/product_tag?post=22564"}],"curies":[{"name":"wp","href":"https:\/\/api.w.org\/{rel}","templated":true}]}}