{"id":22578,"date":"2020-10-28T08:28:41","date_gmt":"2022-05-29T16:34:51","guid":{"rendered":"https:\/\/www.my-damas.com\/product\/washwashah-oud-perfume-100ml-for-women\/"},"modified":"2022-05-29T16:35:06","modified_gmt":"2022-05-29T16:35:06","slug":"washwashah-oud-perfume-100ml-for-women","status":"publish","type":"product","link":"https:\/\/myroyalmarket.com\/fr\/produit\/washwashah-oud-perfume-100ml-for-women\/","title":{"rendered":"Parfum Washwashah Oud 100 ml pour femme par Ard Al Zaafaran Perfumes"},"content":{"rendered":"<div class=\"wpb-content-wrapper\"><p>[vc_row][vc_column width=\u00a0\u00bb1\/6&Prime;][\/vc_column][vc_column width=\u00a0\u00bb2\/3&Prime;][vc_column_text]<\/p>\n<h2>Parfum Washwashah Eau de Parfum par Ard Al Zaafaran<\/h2>\n<p>Parfum Washwashah Eau de Parfum par Ard Al Zaafaran est un parfum chaud et doux aux senteurs florales fruit\u00e9es agr\u00e9ables.<\/p>\n<p>Parfum Washwashah commence fruit\u00e9 avec des framboises et de l&rsquo;orange am\u00e8re. Le poivre rose donne \u00e0 la note de t\u00eate un l\u00e9ger piquant et une nettet\u00e9 agr\u00e9ables.<\/p>\n<p>La note de c\u0153ur est chaleureuse et florale avec des fleurs d&rsquo;oranger, de l&rsquo;osmanthus, de la tub\u00e9reuse, du jasmin et du n\u00e9roli.<\/p>\n<p>La base est chaude et d\u00e9licate avec du benjoin, de la vanille, du tonka, de l&rsquo;ambre et du bois du Cachemire.<\/p>\n<p>Un parfum agr\u00e9able et chaleureux avec de l\u00e9g\u00e8res notes florales et des senteurs fruit\u00e9es.<\/p>\n<p>Accords principaux : chaud, fleuri, l\u00e9g\u00e8rement sucr\u00e9, Gourmand[\/vc_column_text][vc_single_image image=\u00a0\u00bb11442&Prime; img_size=\u00a0\u00bbfull\u00a0\u00bb][vc_column_text]\u2022 Recommandation pour&nbsp;: les femmes<\/p>\n<p>\u2022 Contient de l&rsquo;alcool d\u00e9natur\u00e9 (halal)<\/p>\n<p>\u2022 Quantit\u00e9&nbsp;: 100&nbsp;ml + 50&nbsp;ml de d\u00e9odorant en spray<\/p>\n<div>\u2022 Flacon avec buse de pulv\u00e9risation<\/div>\n<div><\/div>\n<div>\u2022&nbsp;Fabricant&nbsp;: Ard&nbsp;Al&nbsp;Zaafaran<\/div>\n<p>[\/vc_column_text][\/vc_column][vc_column width=\u00a0\u00bb1\/6&Prime;][\/vc_column][\/vc_row]<\/p>\n<\/div>","protected":false},"excerpt":{"rendered":"<ul>\n<li>Notes de t\u00eate : framboises, orange am\u00e8re, poivre rose<\/li>\n<li>Notes de coeur : fleur d&rsquo;oranger, osmanthus, tub\u00e9reuse, jasmin, n\u00e9roli<\/li>\n<li>Notes de fond : benjoin, vanille, tonka, ambre, bois de cachemire<\/li>\n<li>Durable<\/li>\n<li>Meilleur produit de vente<\/li>\n<li>Eau De Parfum (EDP)<\/li>\n<li>Capacit\u00e9: 100 ml<\/li>\n<li>Belle bouteille d\u00e9cor\u00e9e<\/li>\n<li>Produit original de l&rsquo;UEA<\/li>\n<li>Recommandation pour : les femmes<\/li>\n<\/ul>\n","protected":false},"featured_media":11438,"comment_status":"open","ping_status":"closed","template":"","meta":[],"product_brand":[],"product_cat":[237,235],"product_tag":[],"class_list":{"0":"post-22578","1":"product","2":"type-product","3":"status-publish","4":"has-post-thumbnail","6":"product_cat-oud-for-women-fr","7":"product_cat-oud-prfume-fr","8":"product_shipping_class-1-fr-2","10":"first","11":"instock","12":"sale","13":"shipping-taxable","14":"purchasable","15":"product-type-simple"},"supplier_id":null,"supplier_sku":"","barcode":null,"atum_controlled":true,"out_stock_date":null,"out_stock_threshold":null,"inheritable":false,"inbound_stock":0,"stock_on_hold":0,"sold_today":0,"sales_last_days":0,"reserved_stock":0,"customer_returns":0,"warehouse_damage":0,"lost_in_post":0,"other_logs":0,"out_stock_days":0,"lost_sales":0,"has_location":false,"update_date":"2025-12-07T00:04:26","atum_locations":[],"atum_stock_status":"instock","restock_status":false,"low_stock_amount":"","sales_update_date":"2025-12-07T00:04:26","calc_backorders":null,"_links":{"self":[{"href":"https:\/\/myroyalmarket.com\/fr\/wp-json\/wp\/v2\/product\/22578","targetHints":{"allow":["GET"]}}],"collection":[{"href":"https:\/\/myroyalmarket.com\/fr\/wp-json\/wp\/v2\/product"}],"about":[{"href":"https:\/\/myroyalmarket.com\/fr\/wp-json\/wp\/v2\/types\/product"}],"replies":[{"embeddable":true,"href":"https:\/\/myroyalmarket.com\/fr\/wp-json\/wp\/v2\/comments?post=22578"}],"wp:featuredmedia":[{"embeddable":true,"href":"https:\/\/myroyalmarket.com\/fr\/wp-json\/wp\/v2\/media\/11438"}],"wp:attachment":[{"href":"https:\/\/myroyalmarket.com\/fr\/wp-json\/wp\/v2\/media?parent=22578"}],"wp:term":[{"taxonomy":"product_brand","embeddable":true,"href":"https:\/\/myroyalmarket.com\/fr\/wp-json\/wp\/v2\/product_brand?post=22578"},{"taxonomy":"product_cat","embeddable":true,"href":"https:\/\/myroyalmarket.com\/fr\/wp-json\/wp\/v2\/product_cat?post=22578"},{"taxonomy":"product_tag","embeddable":true,"href":"https:\/\/myroyalmarket.com\/fr\/wp-json\/wp\/v2\/product_tag?post=22578"}],"curies":[{"name":"wp","href":"https:\/\/api.w.org\/{rel}","templated":true}]}}