{"id":22590,"date":"2020-10-28T08:28:38","date_gmt":"2022-05-29T17:03:10","guid":{"rendered":"https:\/\/www.my-damas.com\/product\/sultan-al-quloob-oud-perfume-100ml-for-men\/"},"modified":"2022-05-29T17:03:15","modified_gmt":"2022-05-29T17:03:15","slug":"sultan-al-quloob-oud-perfume-100ml-for-men","status":"publish","type":"product","link":"https:\/\/myroyalmarket.com\/fr\/produit\/sultan-al-quloob-oud-perfume-100ml-for-men\/","title":{"rendered":"Parfum Sultan Al Quloob Oud 100 ml pour homme par Ard Al Zaafaran Perfumes"},"content":{"rendered":"<div class=\"wpb-content-wrapper\"><p>[vc_row][vc_column width=\u00a0\u00bb1\/6&Prime;][\/vc_column][vc_column width=\u00a0\u00bb2\/3&Prime;][vc_column_text]<\/p>\n<h1>Sultan Al Quloob<\/h1>\n<p>Sultan al quloob est le c\u00e9l\u00e8bre fabricant de parfums suroori UAE. Il offre l&rsquo;accord audacieux et \u00e9nergique qui caract\u00e9rise les signes de jeunesse. L&rsquo;ar\u00f4me r\u00e9v\u00e8le de riches notes bois\u00e9es associ\u00e9es \u00e0 la rose et au safran exotique. Les notes de c\u0153ur sont remplies d&rsquo;ambre chaud et de musc. La base de donn\u00e9es des notes sucr\u00e9es du bois d&rsquo;agar. Il offre aux amateurs de parfums un ar\u00f4me divin d\u00e9licatement agr\u00e9able et pourrait \u00eatre un cadeau id\u00e9al.[\/vc_column_text][vc_column_text]<strong>Notes parfum\u00e9es :<\/strong> Rose, notes bois\u00e9es, safran, ambre, musc[\/vc_column_text][\/vc_column][vc_column width=\u00a0\u00bb1\/6&Prime;][\/vc_column][\/vc_row]<\/p>\n<\/div>","protected":false},"excerpt":{"rendered":"<ul>\n<li>Notes de t\u00eate : Jasmin, Ch\u00e8vrefeuille, Musc Blanc, Ambre<\/li>\n<li>Notes de coeur&nbsp;: notes bois\u00e9es, ylang-ylang<\/li>\n<li>Notes de fond : Jasmin, Ylang-Ylang<\/li>\n<li>Famille de parfums : Oriental<\/li>\n<li>Type de parfum&nbsp;: halal \/ eau de parfum<\/li>\n<li>Marque : Ard al Zaafaran \/ Suroori<\/li>\n<li>Convient pour: Hommes<\/li>\n<li>Pays de fabrication: EAU<\/li>\n<li>Format : 100 ml<\/li>\n<\/ul>\n","protected":false},"featured_media":11470,"comment_status":"open","ping_status":"closed","template":"","meta":[],"product_brand":[],"product_cat":[235,278],"product_tag":[],"class_list":{"0":"post-22590","1":"product","2":"type-product","3":"status-publish","4":"has-post-thumbnail","6":"product_cat-oud-prfume-fr","7":"product_cat-oud-for-men-fr","8":"product_shipping_class-1-fr-2","10":"first","11":"instock","12":"sale","13":"shipping-taxable","14":"purchasable","15":"product-type-simple"},"supplier_id":null,"supplier_sku":"","barcode":null,"atum_controlled":true,"out_stock_date":null,"out_stock_threshold":null,"inheritable":false,"inbound_stock":0,"stock_on_hold":0,"sold_today":0,"sales_last_days":0,"reserved_stock":0,"customer_returns":0,"warehouse_damage":0,"lost_in_post":0,"other_logs":0,"out_stock_days":0,"lost_sales":0,"has_location":false,"update_date":"2025-12-07T00:04:28","atum_locations":[],"atum_stock_status":"instock","restock_status":false,"low_stock_amount":"","sales_update_date":"2025-12-07T00:04:28","calc_backorders":null,"_links":{"self":[{"href":"https:\/\/myroyalmarket.com\/fr\/wp-json\/wp\/v2\/product\/22590","targetHints":{"allow":["GET"]}}],"collection":[{"href":"https:\/\/myroyalmarket.com\/fr\/wp-json\/wp\/v2\/product"}],"about":[{"href":"https:\/\/myroyalmarket.com\/fr\/wp-json\/wp\/v2\/types\/product"}],"replies":[{"embeddable":true,"href":"https:\/\/myroyalmarket.com\/fr\/wp-json\/wp\/v2\/comments?post=22590"}],"wp:featuredmedia":[{"embeddable":true,"href":"https:\/\/myroyalmarket.com\/fr\/wp-json\/wp\/v2\/media\/11470"}],"wp:attachment":[{"href":"https:\/\/myroyalmarket.com\/fr\/wp-json\/wp\/v2\/media?parent=22590"}],"wp:term":[{"taxonomy":"product_brand","embeddable":true,"href":"https:\/\/myroyalmarket.com\/fr\/wp-json\/wp\/v2\/product_brand?post=22590"},{"taxonomy":"product_cat","embeddable":true,"href":"https:\/\/myroyalmarket.com\/fr\/wp-json\/wp\/v2\/product_cat?post=22590"},{"taxonomy":"product_tag","embeddable":true,"href":"https:\/\/myroyalmarket.com\/fr\/wp-json\/wp\/v2\/product_tag?post=22590"}],"curies":[{"name":"wp","href":"https:\/\/api.w.org\/{rel}","templated":true}]}}