{"id":22610,"date":"2020-10-28T08:28:37","date_gmt":"2022-05-30T08:17:08","guid":{"rendered":"https:\/\/www.my-damas.com\/product\/musk-yemeni-oud-perfume-100ml-for-men-and-women\/"},"modified":"2022-05-30T08:17:12","modified_gmt":"2022-05-30T08:17:12","slug":"musk-yemeni-oud-perfume-100ml-for-men-and-women","status":"publish","type":"product","link":"https:\/\/myroyalmarket.com\/fr\/produit\/musk-yemeni-oud-perfume-100ml-for-men-and-women\/","title":{"rendered":"Musk Yemeni (Oud Parfum) 100ML pour Homme et Femme par Ard Al Zaafaran Perfumes"},"content":{"rendered":"<div class=\"wpb-content-wrapper\"><p>[vc_row][vc_column width=\u00a0\u00bb1\/6&Prime;][\/vc_column][vc_column width=\u00a0\u00bb2\/3&Prime;][vc_column_text]<\/p>\n<h2>Parfum Musk Yemeni Eau de Parfum par Ard Al Zaafaran<\/h2>\n<p>Musk Yemeni Eau de Parfum d&rsquo;Ard Al Zaafaran est un parfum oriental bois\u00e9 pour femme et homme.<\/p>\n<p>Parfum Musk Yemeni commence par une belle note de t\u00eate de bergamote, de musc et de v\u00e9tiver.<\/p>\n<p>Le n\u00e9roli, les clous de girofle, les fleurs d&rsquo;oranger et le patchouli forment la note de c\u0153ur et ajoutent des parfums floraux.<\/p>\n<p>L&rsquo;oudh, le musc, le c\u00e8dre et le patchouli \u00e0 la base donnent une agr\u00e9able finition bois\u00e9e et musqu\u00e9e au parfum.<\/p>\n<p>Un beau parfum de musc avec Oudh o\u00f9 la bergamote pose d&rsquo;int\u00e9ressants accents d&rsquo;agrumes.<\/p>\n<p>Musk Yemeni fait partie de la collection Surrori par Ard Al Zaafaran.[\/vc_column_text][vc_column_text]\u2022 Accords principaux : Oudh, musc, bois\u00e9, patchouli, oriental\u2022 Accords principaux : Oudh, musc, bois\u00e9, patchouli, oriental[\/vc_column_text][\/vc_column][vc_column width=\u00a0\u00bb1\/6&Prime;][\/vc_column][\/vc_row]<\/p>\n<\/div>","protected":false},"excerpt":{"rendered":"<ul>\n<li>Notes de t\u00eate : bergamotte, musc, v\u00e9tiver<\/li>\n<li>Notes de coeur : n\u00e9roli, clous de girofle, fleur d&rsquo;oranger, patchouli<\/li>\n<li>Notes de fond : Oudh, musc, c\u00e8dre, patchouli<\/li>\n<li>Longue dur\u00e9e jusqu&rsquo;\u00e0 6 heures<\/li>\n<li>Meilleur produit de vente<\/li>\n<li>Eau De Parfum (EDP)<\/li>\n<li>Capacit\u00e9: 100 ml<\/li>\n<li>Belle bouteille d\u00e9cor\u00e9e<\/li>\n<li>Produit original de l&rsquo;UEA<\/li>\n<\/ul>\n","protected":false},"featured_media":11534,"comment_status":"open","ping_status":"closed","template":"","meta":[],"product_brand":[],"product_cat":[237,235,278,273],"product_tag":[],"class_list":{"0":"post-22610","1":"product","2":"type-product","3":"status-publish","4":"has-post-thumbnail","6":"product_cat-oud-for-women-fr","7":"product_cat-oud-prfume-fr","8":"product_cat-oud-for-men-fr","9":"product_cat-oud-unisex-fr","10":"product_shipping_class-1-fr-2","12":"first","13":"outofstock","14":"sale","15":"shipping-taxable","16":"purchasable","17":"product-type-simple"},"supplier_id":null,"supplier_sku":"","barcode":null,"atum_controlled":true,"out_stock_date":null,"out_stock_threshold":null,"inheritable":false,"inbound_stock":0,"stock_on_hold":0,"sold_today":0,"sales_last_days":0,"reserved_stock":0,"customer_returns":0,"warehouse_damage":0,"lost_in_post":0,"other_logs":0,"out_stock_days":0,"lost_sales":0,"has_location":false,"update_date":"2025-12-07T00:04:31","atum_locations":[],"atum_stock_status":"outofstock","restock_status":false,"low_stock_amount":"","sales_update_date":"2025-12-07T00:04:31","calc_backorders":null,"_links":{"self":[{"href":"https:\/\/myroyalmarket.com\/fr\/wp-json\/wp\/v2\/product\/22610","targetHints":{"allow":["GET"]}}],"collection":[{"href":"https:\/\/myroyalmarket.com\/fr\/wp-json\/wp\/v2\/product"}],"about":[{"href":"https:\/\/myroyalmarket.com\/fr\/wp-json\/wp\/v2\/types\/product"}],"replies":[{"embeddable":true,"href":"https:\/\/myroyalmarket.com\/fr\/wp-json\/wp\/v2\/comments?post=22610"}],"wp:featuredmedia":[{"embeddable":true,"href":"https:\/\/myroyalmarket.com\/fr\/wp-json\/wp\/v2\/media\/11534"}],"wp:attachment":[{"href":"https:\/\/myroyalmarket.com\/fr\/wp-json\/wp\/v2\/media?parent=22610"}],"wp:term":[{"taxonomy":"product_brand","embeddable":true,"href":"https:\/\/myroyalmarket.com\/fr\/wp-json\/wp\/v2\/product_brand?post=22610"},{"taxonomy":"product_cat","embeddable":true,"href":"https:\/\/myroyalmarket.com\/fr\/wp-json\/wp\/v2\/product_cat?post=22610"},{"taxonomy":"product_tag","embeddable":true,"href":"https:\/\/myroyalmarket.com\/fr\/wp-json\/wp\/v2\/product_tag?post=22610"}],"curies":[{"name":"wp","href":"https:\/\/api.w.org\/{rel}","templated":true}]}}