{"id":22632,"date":"2020-10-28T08:28:37","date_gmt":"2022-05-30T09:10:57","guid":{"rendered":"https:\/\/www.my-damas.com\/product\/ser-al-khulood-oud-perfume-100-ml-for-lattafa-for-men-and-women\/"},"modified":"2022-05-30T09:11:12","modified_gmt":"2022-05-30T09:11:12","slug":"ser-al-khulood-oud-perfume-100-ml-for-lattafa-for-men-and-women","status":"publish","type":"product","link":"https:\/\/myroyalmarket.com\/fr\/produit\/ser-al-khulood-oud-perfume-100-ml-for-lattafa-for-men-and-women\/","title":{"rendered":"Parfum Ser Al Khulood Oud 100 ML par Lattafa pour homme et femme"},"content":{"rendered":"<div class=\"wpb-content-wrapper\"><p>[vc_row][vc_column width=\u00a0\u00bb1\/6&Prime;][\/vc_column][vc_column width=\u00a0\u00bb2\/3&Prime;][vc_column_text]<\/p>\n<h2>Ser Al Khulood Eau de Parfum Vaporisateur Par Lattafa<\/h2>\n<div>L&rsquo;eau de parfum Ser Al Khulood de Lattafa est un parfum oriental aux notes douces et fruit\u00e9es.<\/div>\n<div><\/div>\n<div>La note de t\u00eate s&rsquo;ouvre fruit\u00e9e-douce et relativement forte avec des fraises et du sucre.<\/div>\n<div><\/div>\n<div>Les fraises sont rapidement remplac\u00e9es par le jasmin et la tub\u00e9reuse et le parfum commence \u00e0 appara\u00eetre plus chaud et plus oriental.<\/div>\n<div><\/div>\n<div>L&rsquo;ambre, la vanille et le musc forment une finale appropri\u00e9e aux parfums floraux de la note de c\u0153ur.<\/div>\n<div><\/div>\n<div>Un parfum chaleureux et floral avec une ouverture int\u00e9ressante, adapt\u00e9 \u00e0 toute occasion.<\/div>\n<div><\/div>\n<div>Accords principaux : doux, fruit\u00e9, fleurs blanches, tub\u00e9reuse, vanille<\/div>\n<p>[\/vc_column_text][vc_column_text]<\/p>\n<div>\u2022 Convient pour&nbsp;: les femmes et les hommes<\/div>\n<div>\u2022 Contient de l&rsquo;alcool d\u00e9natur\u00e9 (halal)<\/div>\n<div>\u2022 Quantit\u00e9: 100 ml<\/div>\n<div>\u2022 Flacon avec buse de pulv\u00e9risation<\/div>\n<div>\u2022&nbsp;Fabricant&nbsp;: Lattafa<\/div>\n<p>[\/vc_column_text][\/vc_column][vc_column width=\u00a0\u00bb1\/6&Prime;][\/vc_column][\/vc_row]<\/p>\n<\/div>","protected":false},"excerpt":{"rendered":"<ul>\n<li>Notes de t\u00eate : fraise, sucre<\/li>\n<li>Notes de coeur : tub\u00e9reuse, jasmin<\/li>\n<li>Notes de fond : ambre, musc, vanille<\/li>\n<li>Convient pour : femmes et hommes<\/li>\n<li>Contient de l&rsquo;alcool d\u00e9natur\u00e9 (halal)<\/li>\n<li>Quantit\u00e9 : 100 ml<\/li>\n<li>Bouteille avec buse de pulv\u00e9risation<\/li>\n<li>Fabricant: Lattafa<\/li>\n<\/ul>\n","protected":false},"featured_media":11510,"comment_status":"open","ping_status":"closed","template":"","meta":[],"product_brand":[],"product_cat":[237,235,278,273],"product_tag":[],"class_list":{"0":"post-22632","1":"product","2":"type-product","3":"status-publish","4":"has-post-thumbnail","6":"product_cat-oud-for-women-fr","7":"product_cat-oud-prfume-fr","8":"product_cat-oud-for-men-fr","9":"product_cat-oud-unisex-fr","10":"product_shipping_class-1-fr-2","12":"first","13":"instock","14":"sale","15":"shipping-taxable","16":"purchasable","17":"product-type-simple"},"supplier_id":null,"supplier_sku":"","barcode":null,"atum_controlled":true,"out_stock_date":null,"out_stock_threshold":null,"inheritable":false,"inbound_stock":0,"stock_on_hold":0,"sold_today":0,"sales_last_days":0,"reserved_stock":0,"customer_returns":0,"warehouse_damage":0,"lost_in_post":0,"other_logs":0,"out_stock_days":0,"lost_sales":0,"has_location":false,"update_date":"2025-12-07T00:04:32","atum_locations":[],"atum_stock_status":"instock","restock_status":false,"low_stock_amount":"","sales_update_date":"2025-12-07T00:04:32","calc_backorders":null,"_links":{"self":[{"href":"https:\/\/myroyalmarket.com\/fr\/wp-json\/wp\/v2\/product\/22632","targetHints":{"allow":["GET"]}}],"collection":[{"href":"https:\/\/myroyalmarket.com\/fr\/wp-json\/wp\/v2\/product"}],"about":[{"href":"https:\/\/myroyalmarket.com\/fr\/wp-json\/wp\/v2\/types\/product"}],"replies":[{"embeddable":true,"href":"https:\/\/myroyalmarket.com\/fr\/wp-json\/wp\/v2\/comments?post=22632"}],"wp:featuredmedia":[{"embeddable":true,"href":"https:\/\/myroyalmarket.com\/fr\/wp-json\/wp\/v2\/media\/11510"}],"wp:attachment":[{"href":"https:\/\/myroyalmarket.com\/fr\/wp-json\/wp\/v2\/media?parent=22632"}],"wp:term":[{"taxonomy":"product_brand","embeddable":true,"href":"https:\/\/myroyalmarket.com\/fr\/wp-json\/wp\/v2\/product_brand?post=22632"},{"taxonomy":"product_cat","embeddable":true,"href":"https:\/\/myroyalmarket.com\/fr\/wp-json\/wp\/v2\/product_cat?post=22632"},{"taxonomy":"product_tag","embeddable":true,"href":"https:\/\/myroyalmarket.com\/fr\/wp-json\/wp\/v2\/product_tag?post=22632"}],"curies":[{"name":"wp","href":"https:\/\/api.w.org\/{rel}","templated":true}]}}