{"id":22657,"date":"2020-10-28T08:28:37","date_gmt":"2022-05-31T08:19:16","guid":{"rendered":"https:\/\/www.my-damas.com\/product\/zahoor-francee-oud-perfume-100-ml-from-ard-al-zafaran-for-women\/"},"modified":"2022-05-31T08:19:19","modified_gmt":"2022-05-31T08:19:19","slug":"zahoor-francee-oud-perfume-100-ml-from-ard-al-zafaran-for-women","status":"publish","type":"product","link":"https:\/\/myroyalmarket.com\/fr\/produit\/zahoor-francee-oud-perfume-100-ml-from-ard-al-zafaran-for-women\/","title":{"rendered":"Parfum Zahoor Francee Oud 100 ML par Ard Al Zafaran pour Femme"},"content":{"rendered":"<div class=\"wpb-content-wrapper\"><p>[vc_row][vc_column width=\u00a0\u00bb1\/6&Prime;][\/vc_column][vc_column width=\u00a0\u00bb2\/3&Prime;][vc_column_text]<\/p>\n<h2>Parfum Zahoor Francee Eau de Parfum Vaporisateur Par Ard Al Zaafaran<\/h2>\n<div>Parfum Zahoor Francee Eau de Parfum par Ard Al Zaafaran est un parfum fruit\u00e9-floral pour femme.<\/div>\n<div><\/div>\n<div>\n<p>Le parfum n&rsquo;a pas de notes de t\u00eate, de c\u0153ur et de fond typiques, mais enchante avec des notes florales de jasmin et de roses, qui ont \u00e9t\u00e9 habilement combin\u00e9es avec des senteurs fruit\u00e9es d&rsquo;ananas, de fraises et de raisins. Le musc blanc poudr\u00e9 et l&rsquo;ambre chaud conf\u00e8rent une douceur et une chaleur flatteuses. Un parfum magnifiquement \u00e9quilibr\u00e9 avec une d\u00e9licieuse douceur qui convient tr\u00e8s bien \u00e0 toute occasion.<\/p>\n<p>Accords principaux : fruit\u00e9, doux, ambr\u00e9, musqu\u00e9, fleurs blanches, rose, poudr\u00e9<\/p>\n<\/div>\n<p>[\/vc_column_text][vc_column_text]<\/p>\n<div>\n<div>\u2022 Recommandation pour&nbsp;: les femmes<\/div>\n<\/div>\n<div><\/div>\n<div>\n<p>\u2022 Contient de l&rsquo;alcool d\u00e9natur\u00e9<\/p>\n<p>\u2022 Quantit\u00e9&nbsp;: 100&nbsp;ml d&rsquo;eau de parfum<\/p>\n<\/div>\n<div><\/div>\n<div>\u2022 Flacon avec embout pulv\u00e9risateur<\/div>\n<div><\/div>\n<div>\u2022&nbsp;Fabricant&nbsp;: Ard&nbsp;Al&nbsp;Zaafaran<\/div>\n<p>[\/vc_column_text][\/vc_column][vc_column width=\u00a0\u00bb1\/6&Prime;][\/vc_column][\/vc_row]<\/p>\n<\/div>","protected":false},"excerpt":{"rendered":"<ul>\n<li><strong>Notes de t\u00eate :<\/strong> roses, jasmin, ananas<\/li>\n<li><strong>Notes de coeur :<\/strong> raisin, fraise<\/li>\n<li><strong>Notes de fond :<\/strong> ambre, musc blanc<\/li>\n<li><strong>Marque<\/strong> : Ard Al Zafaran<\/li>\n<li><strong>Type de parfum<\/strong> : Eau de Parfum<\/li>\n<li><strong>Format<\/strong> : 100ml<\/li>\n<li><strong>Groupe cible<\/strong> : Femmes<\/li>\n<li><strong>Famille olfactive<\/strong> : Florale &amp; Fruit\u00e9e<\/li>\n<li><strong>Nom du parfum<\/strong> : Zahoor Francee<\/li>\n<\/ul>\n","protected":false},"featured_media":11490,"comment_status":"open","ping_status":"closed","template":"","meta":[],"product_brand":[],"product_cat":[237,235],"product_tag":[],"class_list":{"0":"post-22657","1":"product","2":"type-product","3":"status-publish","4":"has-post-thumbnail","6":"product_cat-oud-for-women-fr","7":"product_cat-oud-prfume-fr","8":"product_shipping_class-1-fr-2","10":"first","11":"instock","12":"sale","13":"shipping-taxable","14":"purchasable","15":"product-type-simple"},"supplier_id":null,"supplier_sku":"","barcode":null,"atum_controlled":true,"out_stock_date":null,"out_stock_threshold":null,"inheritable":false,"inbound_stock":0,"stock_on_hold":0,"sold_today":0,"sales_last_days":0,"reserved_stock":0,"customer_returns":0,"warehouse_damage":0,"lost_in_post":0,"other_logs":0,"out_stock_days":0,"lost_sales":0,"has_location":false,"update_date":"2025-12-07T00:04:30","atum_locations":[],"atum_stock_status":"instock","restock_status":false,"low_stock_amount":"","sales_update_date":"2025-12-07T00:04:30","calc_backorders":null,"_links":{"self":[{"href":"https:\/\/myroyalmarket.com\/fr\/wp-json\/wp\/v2\/product\/22657","targetHints":{"allow":["GET"]}}],"collection":[{"href":"https:\/\/myroyalmarket.com\/fr\/wp-json\/wp\/v2\/product"}],"about":[{"href":"https:\/\/myroyalmarket.com\/fr\/wp-json\/wp\/v2\/types\/product"}],"replies":[{"embeddable":true,"href":"https:\/\/myroyalmarket.com\/fr\/wp-json\/wp\/v2\/comments?post=22657"}],"wp:featuredmedia":[{"embeddable":true,"href":"https:\/\/myroyalmarket.com\/fr\/wp-json\/wp\/v2\/media\/11490"}],"wp:attachment":[{"href":"https:\/\/myroyalmarket.com\/fr\/wp-json\/wp\/v2\/media?parent=22657"}],"wp:term":[{"taxonomy":"product_brand","embeddable":true,"href":"https:\/\/myroyalmarket.com\/fr\/wp-json\/wp\/v2\/product_brand?post=22657"},{"taxonomy":"product_cat","embeddable":true,"href":"https:\/\/myroyalmarket.com\/fr\/wp-json\/wp\/v2\/product_cat?post=22657"},{"taxonomy":"product_tag","embeddable":true,"href":"https:\/\/myroyalmarket.com\/fr\/wp-json\/wp\/v2\/product_tag?post=22657"}],"curies":[{"name":"wp","href":"https:\/\/api.w.org\/{rel}","templated":true}]}}