{"id":22695,"date":"2020-10-28T08:28:37","date_gmt":"2022-05-31T15:32:10","guid":{"rendered":"https:\/\/www.my-damas.com\/product\/musk-mood-eau-de-parfum-100ml-oud-for-women-and-men\/"},"modified":"2022-05-31T15:32:15","modified_gmt":"2022-05-31T15:32:15","slug":"musk-mood-eau-de-parfum-100ml-oud-for-women-and-men","status":"publish","type":"product","link":"https:\/\/myroyalmarket.com\/fr\/produit\/musk-mood-eau-de-parfum-100ml-oud-for-women-and-men\/","title":{"rendered":"Musk Mood Eau de Parfum 100ml (Oud) pour Femme et Homme par Lattafa Parfums"},"content":{"rendered":"<div class=\"wpb-content-wrapper\"><p>[vc_row][vc_column width=\u00a0\u00bb1\/6&Prime;][\/vc_column][vc_column width=\u00a0\u00bb2\/3&Prime;][vc_column_text]<\/p>\n<h2>Parfum Musk Mood Eau de Parfum de Lattafa Perfumes<\/h2>\n<p>Parfum Musk Mood Eau de Parfum de Lattafa Perfumes est un parfum de musc blanc parfait. Fine, douce et poudr\u00e9e, elle diffuse une tendre fra\u00eecheur et une harmonie.<\/p>\n<p>La note de t\u00eate diffuse des notes d&rsquo;agrumes et de fruits sans \u00eatre envahissante. Ici, le protagoniste \u00ab\u00a0White Musk\u00a0\u00bb scintille d\u00e9j\u00e0 et donne une id\u00e9e de l&rsquo;ambiance principale du parfum.<\/p>\n<p>La note de c\u0153ur est un m\u00e9lange de senteurs florales, de musc blanc et de vanille.<\/p>\n<p>La base compl\u00e8te le parfum avec du musc blanc et du bois de santal.<\/p>\n<p>Un parfum fin et l\u00e9ger avec un musc blanc r\u00e9confortant comme parfum de tonalit\u00e9, qui convient bien \u00e0 un usage quotidien.<\/p>\n<p>Accords principaux : musc blanc, floral, bois\u00e9, poudr\u00e9, doux[\/vc_column_text][vc_single_image image=\u00a0\u00bb11662&Prime; img_size=\u00a0\u00bbfull\u00a0\u00bb][vc_column_text]\u2022 Recommandation pour&nbsp;: les femmes et les hommes<\/p>\n<p>\u2022 Contient de l&rsquo;alcool d\u00e9natur\u00e9 (halal)<\/p>\n<p>\u2022 Quantit\u00e9&nbsp;: 100&nbsp;ml d&rsquo;eau de parfum<\/p>\n<div>\u2022 Flacon avec buse de pulv\u00e9risation<\/div>\n<p>[\/vc_column_text][\/vc_column][vc_column width=\u00a0\u00bb1\/6&Prime;][\/vc_column][\/vc_row]<\/p>\n<\/div>","protected":false},"excerpt":{"rendered":"<ul>\n<li>Notes de t\u00eate : agrumes, notes fruit\u00e9es<\/li>\n<li>Notes de coeur&nbsp;: fleurs, vanille, musc blanc<\/li>\n<li>Notes de fond : musc blanc, bois de santal<\/li>\n<li>Longue dur\u00e9e jusqu&rsquo;\u00e0 6 heures<\/li>\n<li>Contient de l&rsquo;alcool d\u00e9natur\u00e9 (halal)<\/li>\n<li>Meilleur produit de vente<\/li>\n<li>Eau De Parfum (EDP)<\/li>\n<li>Capacit\u00e9: 100 ml<\/li>\n<li>Belle bouteille d\u00e9cor\u00e9e<\/li>\n<li>Produit original de l&rsquo;UEA<\/li>\n<\/ul>\n","protected":false},"featured_media":11654,"comment_status":"open","ping_status":"closed","template":"","meta":[],"product_brand":[],"product_cat":[237,235,278,273],"product_tag":[],"class_list":{"0":"post-22695","1":"product","2":"type-product","3":"status-publish","4":"has-post-thumbnail","6":"product_cat-oud-for-women-fr","7":"product_cat-oud-prfume-fr","8":"product_cat-oud-for-men-fr","9":"product_cat-oud-unisex-fr","10":"product_shipping_class-1-fr-2","12":"first","13":"instock","14":"sale","15":"shipping-taxable","16":"purchasable","17":"product-type-simple"},"supplier_id":null,"supplier_sku":"","barcode":null,"atum_controlled":true,"out_stock_date":null,"out_stock_threshold":null,"inheritable":false,"inbound_stock":0,"stock_on_hold":0,"sold_today":0,"sales_last_days":0,"reserved_stock":0,"customer_returns":0,"warehouse_damage":0,"lost_in_post":0,"other_logs":0,"out_stock_days":0,"lost_sales":0,"has_location":false,"update_date":"2026-05-05T00:45:22","atum_locations":[],"atum_stock_status":"instock","restock_status":false,"low_stock_amount":"","sales_update_date":"2026-05-05T00:45:22","calc_backorders":null,"_links":{"self":[{"href":"https:\/\/myroyalmarket.com\/fr\/wp-json\/wp\/v2\/product\/22695","targetHints":{"allow":["GET"]}}],"collection":[{"href":"https:\/\/myroyalmarket.com\/fr\/wp-json\/wp\/v2\/product"}],"about":[{"href":"https:\/\/myroyalmarket.com\/fr\/wp-json\/wp\/v2\/types\/product"}],"replies":[{"embeddable":true,"href":"https:\/\/myroyalmarket.com\/fr\/wp-json\/wp\/v2\/comments?post=22695"}],"wp:featuredmedia":[{"embeddable":true,"href":"https:\/\/myroyalmarket.com\/fr\/wp-json\/wp\/v2\/media\/11654"}],"wp:attachment":[{"href":"https:\/\/myroyalmarket.com\/fr\/wp-json\/wp\/v2\/media?parent=22695"}],"wp:term":[{"taxonomy":"product_brand","embeddable":true,"href":"https:\/\/myroyalmarket.com\/fr\/wp-json\/wp\/v2\/product_brand?post=22695"},{"taxonomy":"product_cat","embeddable":true,"href":"https:\/\/myroyalmarket.com\/fr\/wp-json\/wp\/v2\/product_cat?post=22695"},{"taxonomy":"product_tag","embeddable":true,"href":"https:\/\/myroyalmarket.com\/fr\/wp-json\/wp\/v2\/product_tag?post=22695"}],"curies":[{"name":"wp","href":"https:\/\/api.w.org\/{rel}","templated":true}]}}