{"id":22707,"date":"2020-10-28T08:28:36","date_gmt":"2022-05-31T15:46:54","guid":{"rendered":"https:\/\/www.my-damas.com\/product\/musk-al-muntakhab-by-ard-al-zafraan-100-ml-deodorant-for-men-and-women-oud\/"},"modified":"2024-12-30T13:47:50","modified_gmt":"2024-12-30T13:47:50","slug":"musk-al-muntakhab-by-ard-al-zafraan-100-ml-deodorant-for-men-and-women-oud","status":"publish","type":"product","link":"https:\/\/myroyalmarket.com\/fr\/produit\/musk-al-muntakhab-by-ard-al-zafraan-100-ml-deodorant-for-men-and-women-oud\/","title":{"rendered":"Musk Al Muntakhab by Ard Al Zafraan 100 ML + D\u00e9odorant pour Homme et Femme"},"content":{"rendered":"<div class=\"wpb-content-wrapper\"><p>[vc_row][vc_column width=\u00a0\u00bb1\/6&Prime;][\/vc_column][vc_column width=\u00a0\u00bb2\/3&Prime;][vc_column_text]<\/p>\n<h2>Parfum Musc Al Muntakhab Eau de Parfum 100 ml par Ard Al Zaafaran<\/h2>\n<div>\n<div>Perfume Musk Al Muntakhab Eau de Parfum par Ard Al Zaafaran &#8211; Fra\u00eecheur bois\u00e9e et poudr\u00e9e entrelac\u00e9e d&rsquo;Oudh noble et de bois de santal sensuel en fond.<\/div>\n<div>\n<div><\/div>\n<div>La note de t\u00eate forme une ouverture fra\u00eeche avec de la bergamote et des agrumes.<\/div>\n<div><\/div>\n<div>Les notes de c\u0153ur douces et florales du lys, du jasmin et du musc blanc.<\/div>\n<div><\/div>\n<div>La base est agr\u00e9ablement bois\u00e9e avec du Oudh oriental, du bois de santal et de l&rsquo;ambre chaud.<\/div>\n<div><\/div>\n<div>Un parfum frais et poudr\u00e9, \u00e9l\u00e9gant et l\u00e9ger, avec des notes bois\u00e9es qui mettent des accents int\u00e9ressants.<\/div>\n<div><\/div>\n<\/div>\n<div>Accords principaux : frais, poudr\u00e9, bois\u00e9, floral<\/div>\n<\/div>\n<p>[\/vc_column_text][vc_column_text]<\/p>\n<div>\u2022 Pour les femmes et les hommes<\/div>\n<div><\/div>\n<div>\u2022 Contient de l&rsquo;alcool d\u00e9natur\u00e9 (halal)<\/div>\n<div>\n<div><\/div>\n<div>\u2022 Quantit\u00e9&nbsp;: 100&nbsp;ml d&rsquo;eau de parfum<\/div>\n<div><\/div>\n<div>\u2022 Flacon avec buse de pulv\u00e9risation<\/div>\n<div><\/div>\n<div>\u2022 Fabricant : Ard AL Zaafaran<\/div>\n<\/div>\n<p>[\/vc_column_text][\/vc_column][vc_column width=\u00a0\u00bb1\/6&Prime;][\/vc_column][\/vc_row]<\/p>\n<\/div>","protected":false},"excerpt":{"rendered":"<ul>\n<li>Notes de t\u00eate : bergamote, agrumes<\/li>\n<li>Notes de coeur : jasmin, lys, musc blanc<\/li>\n<li>Notes de fond : Oudh, bois de santal, ambre<\/li>\n<li>Fabricant : Ard Al Zafraan<\/li>\n<li>Taille 100ml<\/li>\n<li>Genre Unisexe<\/li>\n<li>Belle bouteille d\u00e9cor\u00e9e<\/li>\n<li>Produit original de l&rsquo;UEA<\/li>\n<\/ul>\n","protected":false},"featured_media":11570,"comment_status":"open","ping_status":"closed","template":"","meta":[],"product_brand":[],"product_cat":[237,235,278,273],"product_tag":[],"class_list":{"0":"post-22707","1":"product","2":"type-product","3":"status-publish","4":"has-post-thumbnail","6":"product_cat-oud-for-women-fr","7":"product_cat-oud-prfume-fr","8":"product_cat-oud-for-men-fr","9":"product_cat-oud-unisex-fr","10":"product_shipping_class-1-fr-2","12":"first","13":"outofstock","14":"sale","15":"shipping-taxable","16":"purchasable","17":"product-type-simple"},"supplier_id":null,"supplier_sku":"","barcode":null,"atum_controlled":true,"out_stock_date":"2024-12-30 13:47:54","out_stock_threshold":null,"inheritable":false,"inbound_stock":0,"stock_on_hold":1,"sold_today":0,"sales_last_days":0,"reserved_stock":0,"customer_returns":0,"warehouse_damage":0,"lost_in_post":0,"other_logs":0,"out_stock_days":490,"lost_sales":0,"has_location":false,"update_date":"2026-05-05T00:45:36","atum_locations":[],"atum_stock_status":"outofstock","restock_status":false,"low_stock_amount":"","sales_update_date":"2026-05-05T00:45:36","calc_backorders":null,"_links":{"self":[{"href":"https:\/\/myroyalmarket.com\/fr\/wp-json\/wp\/v2\/product\/22707","targetHints":{"allow":["GET"]}}],"collection":[{"href":"https:\/\/myroyalmarket.com\/fr\/wp-json\/wp\/v2\/product"}],"about":[{"href":"https:\/\/myroyalmarket.com\/fr\/wp-json\/wp\/v2\/types\/product"}],"replies":[{"embeddable":true,"href":"https:\/\/myroyalmarket.com\/fr\/wp-json\/wp\/v2\/comments?post=22707"}],"wp:featuredmedia":[{"embeddable":true,"href":"https:\/\/myroyalmarket.com\/fr\/wp-json\/wp\/v2\/media\/11570"}],"wp:attachment":[{"href":"https:\/\/myroyalmarket.com\/fr\/wp-json\/wp\/v2\/media?parent=22707"}],"wp:term":[{"taxonomy":"product_brand","embeddable":true,"href":"https:\/\/myroyalmarket.com\/fr\/wp-json\/wp\/v2\/product_brand?post=22707"},{"taxonomy":"product_cat","embeddable":true,"href":"https:\/\/myroyalmarket.com\/fr\/wp-json\/wp\/v2\/product_cat?post=22707"},{"taxonomy":"product_tag","embeddable":true,"href":"https:\/\/myroyalmarket.com\/fr\/wp-json\/wp\/v2\/product_tag?post=22707"}],"curies":[{"name":"wp","href":"https:\/\/api.w.org\/{rel}","templated":true}]}}