{"id":22718,"date":"2020-10-28T08:28:37","date_gmt":"2022-05-31T17:23:25","guid":{"rendered":"https:\/\/www.my-damas.com\/product\/aali-al-mustawa-100-ml-by-lattafa-perfumes-for-men-and-women-oud\/"},"modified":"2022-05-31T17:23:42","modified_gmt":"2022-05-31T17:23:42","slug":"aali-al-mustawa-100-ml-by-lattafa-perfumes-for-men-and-women-oud","status":"publish","type":"product","link":"https:\/\/myroyalmarket.com\/fr\/produit\/aali-al-mustawa-100-ml-by-lattafa-perfumes-for-men-and-women-oud\/","title":{"rendered":"Aali Al Mustawa 100 Ml By Lattafa Parfums Pour Homme Et Femme (Oud)"},"content":{"rendered":"<div class=\"wpb-content-wrapper\"><p>[vc_row][vc_column width=\u00a0\u00bb1\/6&Prime;][\/vc_column][vc_column width=\u00a0\u00bb2\/3&Prime;][vc_column_text]<strong>Aali Al Mustawa<\/strong><\/p>\n<div>\n<div>\n<div>\n<p>Un parfum destin\u00e9 \u00e0 la fois aux dames et aux messieurs, parfait pour une occasion sp\u00e9ciale et non seulement \u00e9l\u00e9gant, mais unique. Il a une saveur douce et l\u00e9g\u00e8rement poudr\u00e9e due \u00e0 la combinaison d&rsquo;ambre, de patchouli, de ch\u00eane, d&rsquo;orchid\u00e9e, de vanille et de musc blanc, qui sont les notes de base du parfum. Un parfum qui compl\u00e8te votre tenue avec cette touche particuli\u00e8re de votre personnalit\u00e9<\/p>\n<p>Le parfum se compose de Notes fleuries, Notes bois\u00e9es, Notes poudr\u00e9es, Vanille, Musc et Ambre.<\/p>\n<\/div>\n<\/div>\n<\/div>\n<p>[\/vc_column_text][vc_column_text]Le flacon est muni d&rsquo;un pulv\u00e9risateur, parfum de haute qualit\u00e9 \u00e0 persistance longue dur\u00e9e.<\/p>\n<p>Cat\u00e9gorie Olfactive : Floral &#8211; Poudr\u00e9 &#8211; Bois\u00e9[\/vc_column_text][\/vc_column][vc_column width=\u00a0\u00bb1\/6&Prime;][\/vc_column][\/vc_row]<\/p>\n<\/div>","protected":false},"excerpt":{"rendered":"<ul>\n<li>Notes de t\u00eate : Citron, Rose<\/li>\n<li>Notes de coeur&nbsp;: rose, orchid\u00e9es, notes poudr\u00e9es, sofran, \u00e9pices<\/li>\n<li>Notes de fond : Bois de Santal, Bois d&rsquo;Agar\/Oud, Patchouli, Musc, Vanille, Ambra<\/li>\n<li>Le flacon est muni d&rsquo;un pulv\u00e9risateur ; parfum de haute qualit\u00e9 avec une persistance longue dur\u00e9e.<\/li>\n<li>Capacit\u00e9: 100 ml<\/li>\n<li>Produit original de l&rsquo;UEA<\/li>\n<\/ul>\n","protected":false},"featured_media":11474,"comment_status":"open","ping_status":"closed","template":"","meta":[],"product_brand":[],"product_cat":[237,235,278,273],"product_tag":[],"class_list":{"0":"post-22718","1":"product","2":"type-product","3":"status-publish","4":"has-post-thumbnail","6":"product_cat-oud-for-women-fr","7":"product_cat-oud-prfume-fr","8":"product_cat-oud-for-men-fr","9":"product_cat-oud-unisex-fr","10":"product_shipping_class-1-fr-2","12":"first","13":"outofstock","14":"sale","15":"shipping-taxable","16":"purchasable","17":"product-type-simple"},"supplier_id":null,"supplier_sku":"","barcode":null,"atum_controlled":true,"out_stock_date":"2022-02-20 20:14:13","out_stock_threshold":null,"inheritable":false,"inbound_stock":0,"stock_on_hold":0,"sold_today":0,"sales_last_days":0,"reserved_stock":0,"customer_returns":0,"warehouse_damage":0,"lost_in_post":0,"other_logs":0,"out_stock_days":1534,"lost_sales":0,"has_location":false,"update_date":"2026-05-05T00:45:37","atum_locations":[],"atum_stock_status":"outofstock","restock_status":false,"low_stock_amount":"","sales_update_date":"2026-05-05T00:45:37","calc_backorders":null,"_links":{"self":[{"href":"https:\/\/myroyalmarket.com\/fr\/wp-json\/wp\/v2\/product\/22718","targetHints":{"allow":["GET"]}}],"collection":[{"href":"https:\/\/myroyalmarket.com\/fr\/wp-json\/wp\/v2\/product"}],"about":[{"href":"https:\/\/myroyalmarket.com\/fr\/wp-json\/wp\/v2\/types\/product"}],"replies":[{"embeddable":true,"href":"https:\/\/myroyalmarket.com\/fr\/wp-json\/wp\/v2\/comments?post=22718"}],"wp:featuredmedia":[{"embeddable":true,"href":"https:\/\/myroyalmarket.com\/fr\/wp-json\/wp\/v2\/media\/11474"}],"wp:attachment":[{"href":"https:\/\/myroyalmarket.com\/fr\/wp-json\/wp\/v2\/media?parent=22718"}],"wp:term":[{"taxonomy":"product_brand","embeddable":true,"href":"https:\/\/myroyalmarket.com\/fr\/wp-json\/wp\/v2\/product_brand?post=22718"},{"taxonomy":"product_cat","embeddable":true,"href":"https:\/\/myroyalmarket.com\/fr\/wp-json\/wp\/v2\/product_cat?post=22718"},{"taxonomy":"product_tag","embeddable":true,"href":"https:\/\/myroyalmarket.com\/fr\/wp-json\/wp\/v2\/product_tag?post=22718"}],"curies":[{"name":"wp","href":"https:\/\/api.w.org\/{rel}","templated":true}]}}