{"id":31242,"date":"2022-10-24T13:26:26","date_gmt":"2022-10-24T13:26:28","guid":{"rendered":"https:\/\/www.my-damas.com\/?post_type=product&#038;p=31242"},"modified":"2026-03-17T22:29:10","modified_gmt":"2026-03-17T14:29:10","slug":"rhino-kingdom-honey-24x10g","status":"publish","type":"product","link":"https:\/\/myroyalmarket.com\/fr\/produit\/rhino-kingdom-honey-24x10g\/","title":{"rendered":"Rhino Kingdom Miel 24x10g"},"content":{"rendered":"<div class=\"wpb-content-wrapper\"><p>[vc_row][vc_column width=\u00a0\u00bb1\/6&Prime;][\/vc_column][vc_column width=\u00a0\u00bb2\/3&Prime;][vc_single_image image=\u00a0\u00bb38979&Prime; img_size=\u00a0\u00bbfull\u00a0\u00bb alignment=\u00a0\u00bbcenter\u00a0\u00bb][vc_column_text]<\/p>\n<p><strong>Ingr\u00e9dients:<\/strong><\/p>\n<ul>\n<li>Miel Pur 93%<\/li>\n<li>Radix Eurycoma lonifollia 3%<\/li>\n<li>Base. Panax Ginseng 2%<\/li>\n<li>Gel\u00e9e Royale 2%.<\/li>\n<\/ul>\n<p>[\/vc_column_text][\/vc_column][vc_column width=\u00a0\u00bb1\/6&Prime;][\/vc_column][\/vc_row]<\/p>\n<\/div>","protected":false},"excerpt":{"rendered":"<ul>\n<li><strong>Stimulant sexuel<\/strong> &#8211; Le miel royal est un moyen enti\u00e8rement naturel de stimuler l&rsquo;app\u00e9tit sexuel et de susciter le d\u00e9sir entre partenaires.<\/li>\n<li><strong>Endurance<\/strong> &#8211; Renforce l&rsquo;\u00e9rection sans sensation de fatigue.<\/li>\n<li><strong>Confiance<\/strong> &#8211; L&rsquo;am\u00e9lioration des performances sexuelles conduit \u00e0 une plus grande confiance en g\u00e9n\u00e9ral \u00e0 chaque s\u00e9ance d&rsquo;amour.<\/li>\n<li><strong>Am\u00e9lioration hormonale<\/strong> &#8211; En plus de stimuler le d\u00e9sir physique, le miel royal augmente \u00e9galement les niveaux naturels de testost\u00e9rone du corps.<\/li>\n<\/ul>\n","protected":false},"featured_media":38991,"comment_status":"closed","ping_status":"closed","template":"","meta":[],"product_brand":[],"product_cat":[248],"product_tag":[],"class_list":{"0":"post-31242","1":"product","2":"type-product","3":"status-publish","4":"has-post-thumbnail","6":"product_cat-royal-honey-fr","8":"first","9":"instock","10":"sale","11":"shipping-taxable","12":"purchasable","13":"product-type-simple"},"supplier_id":null,"supplier_sku":"","barcode":null,"atum_controlled":true,"out_stock_date":null,"out_stock_threshold":null,"inheritable":false,"inbound_stock":0,"stock_on_hold":32,"sold_today":0,"sales_last_days":0,"reserved_stock":0,"customer_returns":0,"warehouse_damage":0,"lost_in_post":0,"other_logs":0,"out_stock_days":0,"lost_sales":0,"has_location":false,"update_date":"2026-05-04T16:42:42","atum_locations":[],"atum_stock_status":"instock","restock_status":false,"low_stock_amount":"","sales_update_date":"2026-05-04T16:42:42","calc_backorders":null,"_links":{"self":[{"href":"https:\/\/myroyalmarket.com\/fr\/wp-json\/wp\/v2\/product\/31242","targetHints":{"allow":["GET"]}}],"collection":[{"href":"https:\/\/myroyalmarket.com\/fr\/wp-json\/wp\/v2\/product"}],"about":[{"href":"https:\/\/myroyalmarket.com\/fr\/wp-json\/wp\/v2\/types\/product"}],"replies":[{"embeddable":true,"href":"https:\/\/myroyalmarket.com\/fr\/wp-json\/wp\/v2\/comments?post=31242"}],"wp:featuredmedia":[{"embeddable":true,"href":"https:\/\/myroyalmarket.com\/fr\/wp-json\/wp\/v2\/media\/38991"}],"wp:attachment":[{"href":"https:\/\/myroyalmarket.com\/fr\/wp-json\/wp\/v2\/media?parent=31242"}],"wp:term":[{"taxonomy":"product_brand","embeddable":true,"href":"https:\/\/myroyalmarket.com\/fr\/wp-json\/wp\/v2\/product_brand?post=31242"},{"taxonomy":"product_cat","embeddable":true,"href":"https:\/\/myroyalmarket.com\/fr\/wp-json\/wp\/v2\/product_cat?post=31242"},{"taxonomy":"product_tag","embeddable":true,"href":"https:\/\/myroyalmarket.com\/fr\/wp-json\/wp\/v2\/product_tag?post=31242"}],"curies":[{"name":"wp","href":"https:\/\/api.w.org\/{rel}","templated":true}]}}