{"id":40926,"date":"2022-07-11T16:58:05","date_gmt":"2024-05-18T06:06:56","guid":{"rendered":"https:\/\/myroyalmarket.com\/product\/kamagra-oral-gelee-7-x-5-grammes-2\/"},"modified":"2025-09-20T23:47:53","modified_gmt":"2025-09-20T15:47:53","slug":"kamagra-oral-gelee-7-x-5-grammes-2","status":"publish","type":"product","link":"https:\/\/myroyalmarket.com\/fr\/produit\/kamagra-oral-gelee-7-x-5-grammes-2\/","title":{"rendered":"KAMAGRA Gel\u00e9e Orale 7 x 5 grammes"},"content":{"rendered":"<div class=\"wpb-content-wrapper\"><p>[vc_row][vc_column width=\u00a0\u00bb1\/6&Prime;][\/vc_column][vc_column width=\u00a0\u00bb2\/3&Prime;][vc_column_text css=\u00a0\u00bb\u00a0\u00bb]<\/p>\n<p style=\"font-weight: 500;\"><b><strong>MODE DE PRISE&nbsp;:<\/strong><\/b><\/p>\n<p style=\"font-weight: 500;\">Pour en tirer le meilleur parti, veuillez lire attentivement ce qui suit.<\/p>\n<p style=\"font-weight: 500;\">La dose de Kamagra d\u00e9clar\u00e9e s\u00fbre dans les 24 heures est de 100 mg<\/p>\n<p style=\"font-weight: 500;\">Il sera efficace une heure apr\u00e8s la prise et l&rsquo;effet pourra \u00eatre perceptible apr\u00e8s 45 minutes.<\/p>\n<p style=\"font-weight: 500;\">Le temps effectif est de 4 \u00e0 6 heures<\/p>\n<p style=\"font-weight: 500;\">Prendre toujours avec un grand verre d&rsquo;eau<\/p>\n<p style=\"font-weight: 500;\">\u00c9vitez les aliments gros ou gras \u00e0 proximit\u00e9 lorsque vous pr\u00e9voyez de prendre le m\u00e9dicament<\/p>\n<p style=\"font-weight: 500;\">L&rsquo;alcool r\u00e9duira l&rsquo;efficacit\u00e9.<\/p>\n<p>[\/vc_column_text][vc_single_image image=\u00a0\u00bb29598&Prime; img_size=\u00a0\u00bbfull\u00a0\u00bb alignment=\u00a0\u00bbcenter\u00a0\u00bb][\/vc_column][vc_column width=\u00a0\u00bb1\/6&Prime;][\/vc_column][\/vc_row]<\/p>\n<\/div>","protected":false},"excerpt":{"rendered":"<p>La gel\u00e9e est disponible dans une vari\u00e9t\u00e9 de saveurs et de quantit\u00e9s pouvant inclure la menthe, le chocolat, la banane, l&rsquo;orange, la mangue, la fraise, l&rsquo;ananas et la vanille.<\/p>\n","protected":false},"featured_media":29604,"comment_status":"open","ping_status":"closed","template":"","meta":[],"product_brand":[],"product_cat":[46],"product_tag":[],"class_list":{"0":"post-40926","1":"product","2":"type-product","3":"status-publish","4":"has-post-thumbnail","6":"product_cat-royal-honey","8":"first","9":"outofstock","10":"sale","11":"shipping-taxable","12":"purchasable","13":"product-type-simple"},"supplier_id":null,"supplier_sku":"","barcode":null,"atum_controlled":true,"out_stock_date":"2025-09-20 23:47:53","out_stock_threshold":null,"inheritable":false,"inbound_stock":0,"stock_on_hold":3,"sold_today":0,"sales_last_days":0,"reserved_stock":0,"customer_returns":0,"warehouse_damage":0,"lost_in_post":0,"other_logs":0,"out_stock_days":226,"lost_sales":0,"has_location":false,"update_date":"2026-05-05T00:45:31","atum_locations":[],"atum_stock_status":"outofstock","restock_status":false,"low_stock_amount":"","sales_update_date":"2026-05-05T00:45:31","calc_backorders":null,"_links":{"self":[{"href":"https:\/\/myroyalmarket.com\/fr\/wp-json\/wp\/v2\/product\/40926","targetHints":{"allow":["GET"]}}],"collection":[{"href":"https:\/\/myroyalmarket.com\/fr\/wp-json\/wp\/v2\/product"}],"about":[{"href":"https:\/\/myroyalmarket.com\/fr\/wp-json\/wp\/v2\/types\/product"}],"replies":[{"embeddable":true,"href":"https:\/\/myroyalmarket.com\/fr\/wp-json\/wp\/v2\/comments?post=40926"}],"wp:featuredmedia":[{"embeddable":true,"href":"https:\/\/myroyalmarket.com\/fr\/wp-json\/wp\/v2\/media\/29604"}],"wp:attachment":[{"href":"https:\/\/myroyalmarket.com\/fr\/wp-json\/wp\/v2\/media?parent=40926"}],"wp:term":[{"taxonomy":"product_brand","embeddable":true,"href":"https:\/\/myroyalmarket.com\/fr\/wp-json\/wp\/v2\/product_brand?post=40926"},{"taxonomy":"product_cat","embeddable":true,"href":"https:\/\/myroyalmarket.com\/fr\/wp-json\/wp\/v2\/product_cat?post=40926"},{"taxonomy":"product_tag","embeddable":true,"href":"https:\/\/myroyalmarket.com\/fr\/wp-json\/wp\/v2\/product_tag?post=40926"}],"curies":[{"name":"wp","href":"https:\/\/api.w.org\/{rel}","templated":true}]}}