{"id":15380,"date":"2020-10-28T08:28:59","date_gmt":"2021-09-10T17:16:41","guid":{"rendered":"https:\/\/www.my-damas.com\/product\/dirham-perak-minyak-wangi-oud-10ml-for-men-oil-roll\/"},"modified":"2022-03-13T14:58:17","modified_gmt":"2022-03-13T14:58:17","slug":"dirham-silver-perfume-oud-10ml-for-men-oil-roll","status":"publish","type":"product","link":"https:\/\/myroyalmarket.com\/ms\/product\/dirham-silver-perfume-oud-10ml-for-men-oil-roll\/","title":{"rendered":"Minyak wangi Dirham Silver (Oud) 10ML Untuk Lelaki, Oil Roll"},"content":{"rendered":"<div class=\"wpb-content-wrapper\"><p>[vc_row][vc_column width=&#8221;1\/6&#8243;][\/vc_column][vc_column width=&#8221;2\/3&#8243;][vc_column_text]<\/p>\n<p style=\"text-align: center\">Minyak wangi Dirham<br \/>\nOud<\/p>\n<p>Wangian Dirham Perfume adalah yang paling popular di negara kita walaupun harumnya harum sama sekali tidak tradisional. Hay, herba kering, tepung-karadam\u00f3nom dan svie\u017eo khas &#8211; kyslo &#8211; herba &#8211; rumput. Cukup kuat, cukup jelas seperti Arab navoravkovan\u00fd di padang rumput Alpine.<\/p>\n<p>Bau bergerak di arah kapal terbang &#8211; fougere. Sesuai untuk lelaki, tanpa perbincangan, tetapi beli di sana sini di dalam wanita menyerang PMS. Dirham Perfume dipakai dengan baik pada cuaca musim bunga-musim panas. Mereka membelinya semua golongan umur, yang tidak tertakluk pada perintah fesyen dan trend.<\/p>\n<p><strong>Bahan-bahan<\/strong> : lemon, bergamot, lavender, kapulaga, melati, mawar, cedar vetiver[\/vc_column_text][\/vc_column][vc_column width=&#8221;1\/6&#8243;][\/vc_column][\/vc_row]<\/p>\n<\/div>","protected":false},"excerpt":{"rendered":"<ul>\n<li>Tahan lama<\/li>\n<li>Produk Terlaris<\/li>\n<li>Eau De Perfume (EDP)<\/li>\n<li>Kapasiti: 10ml<\/li>\n<li>Botol Berhias Cantik<\/li>\n<li>Produk Asal dari UEA<\/li>\n<\/ul>\n","protected":false},"featured_media":9395,"comment_status":"open","ping_status":"closed","template":"","meta":[],"product_brand":[],"product_cat":[269],"product_tag":[],"class_list":{"0":"post-15380","1":"product","2":"type-product","3":"status-publish","4":"has-post-thumbnail","6":"product_cat-oil-oud-perfume-ms","7":"product_shipping_class-1-ms","9":"first","10":"instock","11":"sale","12":"shipping-taxable","13":"purchasable","14":"product-type-simple"},"supplier_id":null,"supplier_sku":"","barcode":null,"atum_controlled":true,"out_stock_date":null,"out_stock_threshold":null,"inheritable":false,"inbound_stock":0,"stock_on_hold":0,"sold_today":0,"sales_last_days":0,"reserved_stock":0,"customer_returns":0,"warehouse_damage":0,"lost_in_post":0,"other_logs":0,"out_stock_days":0,"lost_sales":0,"has_location":false,"update_date":"2025-12-07T00:03:59","atum_locations":[],"atum_stock_status":"instock","restock_status":false,"low_stock_amount":"","sales_update_date":"2025-12-07T00:03:59","calc_backorders":null,"_links":{"self":[{"href":"https:\/\/myroyalmarket.com\/ms\/wp-json\/wp\/v2\/product\/15380","targetHints":{"allow":["GET"]}}],"collection":[{"href":"https:\/\/myroyalmarket.com\/ms\/wp-json\/wp\/v2\/product"}],"about":[{"href":"https:\/\/myroyalmarket.com\/ms\/wp-json\/wp\/v2\/types\/product"}],"replies":[{"embeddable":true,"href":"https:\/\/myroyalmarket.com\/ms\/wp-json\/wp\/v2\/comments?post=15380"}],"wp:featuredmedia":[{"embeddable":true,"href":"https:\/\/myroyalmarket.com\/ms\/wp-json\/wp\/v2\/media\/9395"}],"wp:attachment":[{"href":"https:\/\/myroyalmarket.com\/ms\/wp-json\/wp\/v2\/media?parent=15380"}],"wp:term":[{"taxonomy":"product_brand","embeddable":true,"href":"https:\/\/myroyalmarket.com\/ms\/wp-json\/wp\/v2\/product_brand?post=15380"},{"taxonomy":"product_cat","embeddable":true,"href":"https:\/\/myroyalmarket.com\/ms\/wp-json\/wp\/v2\/product_cat?post=15380"},{"taxonomy":"product_tag","embeddable":true,"href":"https:\/\/myroyalmarket.com\/ms\/wp-json\/wp\/v2\/product_tag?post=15380"}],"curies":[{"name":"wp","href":"https:\/\/api.w.org\/{rel}","templated":true}]}}