{"id":11741,"date":"2021-04-07T17:55:23","date_gmt":"2021-04-07T17:55:23","guid":{"rendered":"https:\/\/www.my-damas.com\/sobre-nos\/"},"modified":"2023-10-27T19:14:05","modified_gmt":"2023-10-27T19:14:05","slug":"about-us","status":"publish","type":"page","link":"https:\/\/myroyalmarket.com\/pt-br\/about-us\/","title":{"rendered":"Sobre n\u00f3s"},"content":{"rendered":"<div class=\"wpb-content-wrapper\"><p>[vc_row][vc_column][vc_column_text]Quem somos n\u00f3s?<br \/>\nmyroyalmarket.com \u00e9 uma loja online que vende Royal Honey da Mal\u00e1sia, Oud Perfume dos Emirados \u00c1rabes Unidos, dispositivos eletr\u00f4nicos e muitos itens aliment\u00edcios. myroyalmarket.com foi fundada e estabelecida desde 2019. Desde ent\u00e3o, a empresa tem crescido a cada dia . N\u00f3s nos esfor\u00e7amos para ser um dos melhores e melhores myroyalmarket.com que existe.<br \/>\nNossa empresa est\u00e1 registrada na Mal\u00e1sia com o nome: MY DAMAS SDN. BHD (1319559-k) e MY DAMAS LTD (14902596) no Reino Unido.&#8221;<\/p>\n<p>O que n\u00f3s vendemos?<br \/>\nOferecemos a melhor qualidade de Royal Honey, Perfume Oud e muitos produtos do mercado online que voc\u00ea dificilmente encontrar\u00e1 no mercado!<\/p>\n<p>Porque escolher-nos?<br \/>\nControle de qualidade<br \/>\nGarantimos que nosso foco principal ser\u00e1 a qualidade dos produtos. Vamos garantir que os clientes obtenham a melhor qualidade de n\u00f3s e atendemos clientes como VIP<\/p>\n<p>Atendimento ao cliente amig\u00e1vel<br \/>\nN\u00e3o atenderemos clientes com a atitude de \u201cporque esse \u00e9 o meu trabalho\u201d. Garantiremos que os clientes se sintam confort\u00e1veis durante as compras. Se precisarem de nossa ajuda durante as compras, forneceremos o melhor suporte que puderem encontrar online.<\/p>\n<p>Como entrar em contato conosco?<br \/>\nSe tiver alguma d\u00favida\/sugest\u00e3o\/coment\u00e1rio sobre n\u00f3s, os nossos produtos ou o nosso site, n\u00e3o hesite em contactar-nos! Podemos ser contatados atrav\u00e9s de Support@myroyalmarket.com ou ligue para +60176244220. Entraremos em contato com voc\u00ea em 24 horas.[\/vc_column_text][\/vc_column][\/vc_row]<\/p>\n<\/div>","protected":false},"excerpt":{"rendered":"<p>[vc_row][vc_column][vc_column_text]Quem somos n\u00f3s? myroyalmarket.com \u00e9 uma loja online que vende Royal Honey da Mal\u00e1sia, Oud Perfume dos Emirados \u00c1rabes Unidos,<\/p>\n","protected":false},"author":8057,"featured_media":0,"parent":0,"menu_order":0,"comment_status":"closed","ping_status":"closed","template":"","meta":{"footnotes":""},"class_list":["post-11741","page","type-page","status-publish","hentry"],"_links":{"self":[{"href":"https:\/\/myroyalmarket.com\/pt-br\/wp-json\/wp\/v2\/pages\/11741","targetHints":{"allow":["GET"]}}],"collection":[{"href":"https:\/\/myroyalmarket.com\/pt-br\/wp-json\/wp\/v2\/pages"}],"about":[{"href":"https:\/\/myroyalmarket.com\/pt-br\/wp-json\/wp\/v2\/types\/page"}],"author":[{"embeddable":true,"href":"https:\/\/myroyalmarket.com\/pt-br\/wp-json\/wp\/v2\/users\/8057"}],"replies":[{"embeddable":true,"href":"https:\/\/myroyalmarket.com\/pt-br\/wp-json\/wp\/v2\/comments?post=11741"}],"version-history":[{"count":3,"href":"https:\/\/myroyalmarket.com\/pt-br\/wp-json\/wp\/v2\/pages\/11741\/revisions"}],"predecessor-version":[{"id":39872,"href":"https:\/\/myroyalmarket.com\/pt-br\/wp-json\/wp\/v2\/pages\/11741\/revisions\/39872"}],"wp:attachment":[{"href":"https:\/\/myroyalmarket.com\/pt-br\/wp-json\/wp\/v2\/media?parent=11741"}],"curies":[{"name":"wp","href":"https:\/\/api.w.org\/{rel}","templated":true}]}}