{"id":12061,"date":"2021-04-07T20:24:23","date_gmt":"2021-04-07T20:24:23","guid":{"rendered":"https:\/\/www.my-damas.com\/perguntas-frequentes\/"},"modified":"2023-10-27T19:17:09","modified_gmt":"2023-10-27T19:17:09","slug":"perguntas-frequentes","status":"publish","type":"page","link":"https:\/\/myroyalmarket.com\/pt-br\/perguntas-frequentes\/","title":{"rendered":"Perguntas frequentes"},"content":{"rendered":"<div class=\"wpb-content-wrapper\"><p>[vc_row full_width=&#8221;stretch_row&#8221; css=&#8221;.vc_custom_1451149883930{margin-bottom: 50px !important;padding-top: 10px !important;padding-bottom: 40px !important;background-color: #f9f9f9 !important;}&#8221;][vc_column][vc_custom_heading text=&#8221;<strong>Perguntas frequentes. Informa\u00e7\u00f5es gerais<\/strong>&#8221; font_container=&#8221;tag:h1|font_size:38|text_align:left|line_height:1&#8243; use_theme_fonts=&#8221;yes&#8221; css=&#8221;.vc_custom_1611510917742{margin-bottom: 35px !important;}&#8221;][vc_row_inner][vc_column_inner][vc_column_text]<strong>Q<\/strong> . Como fa\u00e7o para comprar meu pedido no site?<br \/>\nPara solicitar sua compra: &#8211;<\/p>\n<ol>\n<li>Clique em \u201c<strong> Adicionar ao Carrinho<\/strong> \u201dNos produtos que deseja adquirir.<\/li>\n<li>Clique em \u201c<strong> Ver carrinho<\/strong> \u201dPara alterar a quantidade do produto ou clique em\u201c<strong> Confira<\/strong> \u201dPara proceder ao pagamento dos produtos.<\/li>\n<li>Voc\u00ea chegar\u00e1 a uma p\u00e1gina de login onde precisar\u00e1 fazer login em sua conta usando seu nome de usu\u00e1rio e senha. Se voc\u00ea ainda n\u00e3o criou uma conta, ser\u00e1 necess\u00e1rio registrar uma conta antes de prosseguir com o pagamento.<\/li>\n<li>Voc\u00ea precisar\u00e1 confirmar seu endere\u00e7o de entrega no \u201c<strong> endere\u00e7o de entrega<\/strong> \u201d.<\/li>\n<li>A partir daqui, voc\u00ea precisa selecionar seus m\u00e9todos de envio.<\/li>\n<li>Em seguida, voc\u00ea precisar\u00e1 escolher sua forma de pagamento e clicar em.<\/li>\n<li>Ap\u00f3s as etapas anteriores terem sido realizadas, voc\u00ea precisa reconfirmar seus detalhes de faturamento e concordar com os termos e condi\u00e7\u00f5es.<\/li>\n<li>Clique em \u201c<strong> Fa\u00e7a a encomenda<\/strong> \u201dPara concluir o pedido.<\/li>\n<\/ol>\n<p><strong>Q<\/strong> . Quais s\u00e3o os m\u00e9todos de pagamento dispon\u00edveis?<br \/>\nmyroyalmarket.com oferece v\u00e1rios tipos de m\u00e9todos de pagamento, conforme mostrado abaixo: &#8211;<br \/>\nVisa ou Mastercard \/ Transfer\u00eancia Banc\u00e1ria em alguns pa\u00edses<\/p>\n<p><strong>Q<\/strong> . Como alterar as informa\u00e7\u00f5es pessoais e o endere\u00e7o de entrega da minha conta?<\/p>\n<ul>\n<li>Fa\u00e7a login na sua conta \u2192 Clique em \u201c<strong> Minha conta<\/strong> \u201d\u2192 Edite as informa\u00e7\u00f5es da sua conta e endere\u00e7o de entrega aqui.<\/li>\n<\/ul>\n<p><strong>Q<\/strong> . Esqueci minha senha de minha conta. O que devo fazer para recuper\u00e1-lo?<\/p>\n<ol>\n<li>Clique em &#8220;<strong> Senha perdida?<\/strong> \u201dE preencha o e-mail que costumava registrar a conta na caixa.<\/li>\n<li>Clique em Enviar.<\/li>\n<li>Um token de verifica\u00e7\u00e3o ser\u00e1 enviado a voc\u00ea. Depois de receber o token, voc\u00ea poder\u00e1 escolher uma nova senha para sua conta.<\/li>\n<\/ol>\n<p><strong>Q<\/strong> . Posso cancelar um pedido existente que foi feito?<br \/>\nSim, somente se o pedido ainda estiver com status pendente.<\/p>\n<p>\u2013 Por favor, envie um e-mail para o nosso e-mail de atendimento ao cliente em <strong>support@myroyalmarket.com ou para o nosso WhatsApp<\/strong> com o t\u00edtulo da mensagem \u201c <strong>Solicita\u00e7\u00e3o de cancelamento do pedido<\/strong> \u201d para nos informar sobre o cancelamento do pedido.<\/p>\n<p>&#8211; Os pedidos em envio ou expedidos n\u00e3o ser\u00e3o cancelados.<\/p>\n<p><strong>Q<\/strong> . Qual \u00e9 a moeda de transa\u00e7\u00e3o do produto?<br \/>\nAceitamos mais de 10 moedas.<\/p>\n<p><strong>Q<\/strong> . Quanto tempo normalmente demora a entrega?<br \/>\nA entrega geralmente leva cerca de<strong> 3<\/strong> para<strong> 5 dias \u00fateis<\/strong> para o servi\u00e7o expresso e<strong> 10 a 20<\/strong><strong> Dias \u00fateis<\/strong> para o servi\u00e7o padr\u00e3o, vai depender do pa\u00eds.<\/p>\n<p><strong>Q<\/strong> . Ainda tenho d\u00favidas!<br \/>\nLamentamos n\u00e3o poder esclarecer suas d\u00favidas na p\u00e1gina de perguntas frequentes. Por favor, envie-nos um e-mail para <strong>support@myroyalmarket.com<\/strong> ou entre em contato pelo WhatsApp para tirarmos suas d\u00favidas.[\/vc_column_text][\/vc_column_inner][\/vc_row_inner][\/vc_column][\/vc_row]<\/p>\n<\/div>","protected":false},"excerpt":{"rendered":"<p>[vc_row full_width=&#8221;stretch_row&#8221; css=&#8221;.vc_custom_1451149883930{margin-bottom: 50px !important;padding-top: 10px !important;padding-bottom: 40px !important;background-color: #f9f9f9 !important;}&#8221;][vc_column][vc_custom_heading text=&#8221;Perguntas frequentes. Informa\u00e7\u00f5es gerais&#8221; font_container=&#8221;tag:h1|font_size:38|text_align:left|line_height:1&#8243; use_theme_fonts=&#8221;yes&#8221; css=&#8221;.vc_custom_1611510917742{margin-bottom: 35px !important;}&#8221;][vc_row_inner][vc_column_inner][vc_column_text]Q<\/p>\n","protected":false},"author":8057,"featured_media":0,"parent":0,"menu_order":0,"comment_status":"closed","ping_status":"closed","template":"","meta":{"footnotes":""},"class_list":["post-12061","page","type-page","status-publish","hentry"],"_links":{"self":[{"href":"https:\/\/myroyalmarket.com\/pt-br\/wp-json\/wp\/v2\/pages\/12061","targetHints":{"allow":["GET"]}}],"collection":[{"href":"https:\/\/myroyalmarket.com\/pt-br\/wp-json\/wp\/v2\/pages"}],"about":[{"href":"https:\/\/myroyalmarket.com\/pt-br\/wp-json\/wp\/v2\/types\/page"}],"author":[{"embeddable":true,"href":"https:\/\/myroyalmarket.com\/pt-br\/wp-json\/wp\/v2\/users\/8057"}],"replies":[{"embeddable":true,"href":"https:\/\/myroyalmarket.com\/pt-br\/wp-json\/wp\/v2\/comments?post=12061"}],"version-history":[{"count":3,"href":"https:\/\/myroyalmarket.com\/pt-br\/wp-json\/wp\/v2\/pages\/12061\/revisions"}],"predecessor-version":[{"id":39878,"href":"https:\/\/myroyalmarket.com\/pt-br\/wp-json\/wp\/v2\/pages\/12061\/revisions\/39878"}],"wp:attachment":[{"href":"https:\/\/myroyalmarket.com\/pt-br\/wp-json\/wp\/v2\/media?parent=12061"}],"curies":[{"name":"wp","href":"https:\/\/api.w.org\/{rel}","templated":true}]}}