{"id":12133,"date":"2021-04-07T20:52:26","date_gmt":"2021-04-07T20:52:26","guid":{"rendered":"https:\/\/www.my-damas.com\/politica-de-privacidade\/"},"modified":"2023-10-27T19:19:29","modified_gmt":"2023-10-27T19:19:29","slug":"privacy-policy","status":"publish","type":"page","link":"https:\/\/myroyalmarket.com\/pt-br\/privacy-policy\/","title":{"rendered":"POL\u00cdTICA DE PRIVACIDADE"},"content":{"rendered":"<div class=\"site-content col-sm-9\" role=\"main\">\n<article id=\"post-2661\" class=\"post-2661 page type-page status-publish hentry\">\n<div class=\"entry-content\">\n<p><strong>Informa\u00e7\u00f5es coletadas<\/strong><br \/>\nColetamos apenas as informa\u00e7\u00f5es necess\u00e1rias para o procedimento de registro em nosso site ou ao preencher o formul\u00e1rio de registro no site. As informa\u00e7\u00f5es que coletamos s\u00e3o enviadas <strong>voluntariamente<\/strong> pelos clientes para n\u00f3s. Coletamos as informa\u00e7\u00f5es pessoais do cliente durante o registro da conta em nosso site.<\/p>\n<p><strong>Detalhes de identifica\u00e7\u00e3o pessoal<\/strong><br \/>\nOs seus dados de identifica\u00e7\u00e3o pessoal s\u00e3o utilizados para processar a sua encomenda dos produtos, personalizar as informa\u00e7\u00f5es do seu perfil de uso interno com os requisitos legais, atualizar o seu estado de compras online no nosso site, e tamb\u00e9m para atualizar os nossos clientes com as nossas \u00faltimas not\u00edcias de atualiza\u00e7\u00f5es\/mudan\u00e7as, promo\u00e7\u00f5es. e eventos.<\/p>\n<p><strong>Confidencialidade<\/strong><br \/>\nSuas informa\u00e7\u00f5es pessoais, como detalhes de cart\u00e3o de cr\u00e9dito e n\u00fameros de contas banc\u00e1rias, s\u00e3o mantidas em <strong>segredo e confidenciais<\/strong> conosco. Nunca compartilharemos nenhum dos seus dados pessoais com terceiros. Nossos sites aplicam aplicativos de seguran\u00e7a apropriados para manter todas as informa\u00e7\u00f5es dos clientes seguras em todos os momentos.<\/p>\n<p><strong>Excluir seus dados pessoais<\/strong><br \/>\nVoc\u00ea tem o direito de excluir ou solicitar que ajudemos a excluir os Dados Pessoais que coletamos sobre voc\u00ea.<\/p>\n<p>Nosso Servi\u00e7o pode dar a Voc\u00ea a capacidade de excluir certas informa\u00e7\u00f5es sobre Voc\u00ea de dentro do Servi\u00e7o.<\/p>\n<p>Voc\u00ea pode atualizar, alterar ou excluir Suas informa\u00e7\u00f5es a qualquer momento, acessando Sua Conta, se tiver uma, e visitando a se\u00e7\u00e3o de configura\u00e7\u00f5es da conta que permite gerenciar Suas informa\u00e7\u00f5es pessoais. Voc\u00ea tamb\u00e9m pode entrar em contato conosco para solicitar acesso, corrigir ou excluir quaisquer informa\u00e7\u00f5es pessoais fornecidas.<\/p>\n<p>Observe, no entanto, que podemos precisar reter certas informa\u00e7\u00f5es quando tivermos uma obriga\u00e7\u00e3o legal ou base legal para faz\u00ea-lo.<\/p>\n<p><strong>Mudan\u00e7as em nossa Pol\u00edtica de Privacidade<\/strong><\/p>\n<p><strong>My Royal Market<\/strong> reserva-se o direito de fazer quaisquer altera\u00e7\u00f5es\/atualiza\u00e7\u00f5es no conte\u00fado da <strong>Pol\u00edtica de Privacidade<\/strong> sem aviso pr\u00e9vio aos clientes. Mantenha o controle do<strong> Pol\u00edtica de Privacidade<\/strong> p\u00e1gina em nosso site.<\/p>\n<p><strong>Seguran\u00e7a<\/strong><br \/>\no site da nossa empresa aplica aplicativos de seguran\u00e7a apropriados para evitar o vazamento de detalhes de identifica\u00e7\u00e3o pessoal dos clientes de terceiros, divulga\u00e7\u00e3o ilegal e hackers. No entanto, tenha em mente que qualquer informa\u00e7\u00e3o transmitida pela Internet \u00e9<strong> N\u00c3O<\/strong> 100% garantido seguro e protegido.<\/p>\n<\/div>\n<\/article><\/div>\n<aside class=\"sidebar-container col-sm-3 sidebar-right area-sidebar-1\" role=\"complementary\">\n<div class=\"sidebar-inner basel-sidebar-scroll\">\n<div class=\"widget-area basel-sidebar-content\">\n<div id=\"basel-recent-posts-1\" class=\"sidebar-widget basel-recent-posts\"><\/div><\/div><\/div>\n<\/aside>\n","protected":false},"excerpt":{"rendered":"<p>Informa\u00e7\u00f5es coletadas Coletamos apenas as informa\u00e7\u00f5es necess\u00e1rias para o procedimento de registro em nosso site ou ao preencher o formul\u00e1rio<\/p>\n","protected":false},"author":8057,"featured_media":0,"parent":0,"menu_order":0,"comment_status":"closed","ping_status":"closed","template":"","meta":{"footnotes":""},"class_list":["post-12133","page","type-page","status-publish","hentry"],"_links":{"self":[{"href":"https:\/\/myroyalmarket.com\/pt-br\/wp-json\/wp\/v2\/pages\/12133","targetHints":{"allow":["GET"]}}],"collection":[{"href":"https:\/\/myroyalmarket.com\/pt-br\/wp-json\/wp\/v2\/pages"}],"about":[{"href":"https:\/\/myroyalmarket.com\/pt-br\/wp-json\/wp\/v2\/types\/page"}],"author":[{"embeddable":true,"href":"https:\/\/myroyalmarket.com\/pt-br\/wp-json\/wp\/v2\/users\/8057"}],"replies":[{"embeddable":true,"href":"https:\/\/myroyalmarket.com\/pt-br\/wp-json\/wp\/v2\/comments?post=12133"}],"version-history":[{"count":1,"href":"https:\/\/myroyalmarket.com\/pt-br\/wp-json\/wp\/v2\/pages\/12133\/revisions"}],"predecessor-version":[{"id":39899,"href":"https:\/\/myroyalmarket.com\/pt-br\/wp-json\/wp\/v2\/pages\/12133\/revisions\/39899"}],"wp:attachment":[{"href":"https:\/\/myroyalmarket.com\/pt-br\/wp-json\/wp\/v2\/media?parent=12133"}],"curies":[{"name":"wp","href":"https:\/\/api.w.org\/{rel}","templated":true}]}}