{"id":12186,"date":"2021-04-08T08:13:52","date_gmt":"2021-04-08T08:13:52","guid":{"rendered":"https:\/\/www.my-damas.com\/termos-e-condicoes\/"},"modified":"2023-10-27T19:22:04","modified_gmt":"2023-10-27T19:22:04","slug":"terms-and-conditions","status":"publish","type":"page","link":"https:\/\/myroyalmarket.com\/pt-br\/terms-and-conditions\/","title":{"rendered":"Termos e Condi\u00e7\u00f5es"},"content":{"rendered":"<div class=\"site-content col-sm-9\" role=\"main\">\n<article id=\"post-4284\" class=\"post-4284 page type-page status-publish hentry\">\n<div class=\"entry-content\">\n<p>Bem-vindo \u00e0 loja online do site <strong>My Royal Market<\/strong> . Os termos e condi\u00e7\u00f5es indicados abaixo se aplicam a todos os visitantes e usu\u00e1rios do site <strong>My Royal Market<\/strong> . Voc\u00ea est\u00e1 sujeito a estes termos e condi\u00e7\u00f5es enquanto estiver em <strong>myroyalmarket.com<\/strong> .<\/p>\n<p><strong>Em geral<\/strong><br \/>\nO conte\u00fado dos termos e condi\u00e7\u00f5es pode ser alterado, movido ou exclu\u00eddo a qualquer momento. Observe que o site <strong>My Royal Market<\/strong> tem o direito de alterar o conte\u00fado dos termos e condi\u00e7\u00f5es sem qualquer aviso pr\u00e9vio. Qualquer viola\u00e7\u00e3o das regras e regulamentos destes termos e condi\u00e7\u00f5es, o site <strong>My Royal Market<\/strong> tomar\u00e1 medidas imediatas contra o(s) infrator(es).<\/p>\n<p><strong>Conte\u00fado do site e direitos autorais<\/strong><br \/>\nSalvo indica\u00e7\u00e3o em contr\u00e1rio, todos os materiais, incluindo imagens, ilustra\u00e7\u00f5es, designs, \u00edcones, fotografias, videoclipes e materiais escritos e outros que aparecem como parte deste Site, em outras palavras, \u201cConte\u00fado do Site\u201d s\u00e3o direitos autorais, marcas registradas, comerciais vestido e\/ou outras propriedades intelectuais pertencentes, controladas ou licenciadas pelo site <strong>My Royal Market<\/strong> .<\/p>\n<p><strong>Coment\u00e1rios e Feedbacks<\/strong><br \/>\nTodos os coment\u00e1rios e feedback para <strong>myroyalmarket.com<\/strong> permanecer\u00e3o propriedade de <strong>My Damas<\/strong> .<\/p>\n<p>O usu\u00e1rio deve concordar que n\u00e3o haver\u00e1 nenhum coment\u00e1rio enviado a <strong>myroyalmarket.com<\/strong> que viole quaisquer direitos de terceiros, incluindo direitos autorais, marcas registradas ou a privacidade de outro (s) direito (s) pessoal (is). Al\u00e9m disso, o usu\u00e1rio deve concordar que n\u00e3o haver\u00e1 conte\u00fado de material ilegal, abusivo ou obsceno enviado ao site. O usu\u00e1rio ser\u00e1 o \u00fanico respons\u00e1vel por qualquer conte\u00fado de coment\u00e1rio feito.<\/p>\n<p><strong>informa\u00e7\u00e3o do produto<\/strong><br \/>\nN\u00e3o podemos garantir que todos os produtos reais ser\u00e3o exatamente iguais aos mostrados no monitor, pois isso depende do monitor do usu\u00e1rio.<\/p>\n<\/div>\n<p><strong>Informa\u00e7\u00e3o de envio<\/strong><br \/>\nO tempo de envio estimado em nosso site \u00e9 uma aproxima\u00e7\u00e3o fornecida pelo servi\u00e7o de correio.<br \/>\nVoc\u00ea receber\u00e1 um e-mail com o n\u00famero de rastreamento em at\u00e9 24 horas \u00fateis.<br \/>\nMy Royal Market n\u00e3o se responsabiliza por quaisquer atrasos por parte do servi\u00e7o de correio, taxas alfandeg\u00e1rias ou problemas alfandeg\u00e1rios, caso ocorram.<\/p>\n<div class=\"entry-content\">\n<p><strong>Acordo Aduaneiro<\/strong><br \/>\nAlguns de nossos produtos s\u00e3o descritos como medicamentos e suplementos nutricionais. Isso significa que alguns pa\u00edses t\u00eam reservas sobre esses tipos de produtos. N\u00e3o somos respons\u00e1veis por nenhuma decis\u00e3o que os costumes de seu pa\u00eds tomem, seja confisco, devolu\u00e7\u00f5es ou altos impostos.<\/p>\n<p><strong>Boletim de Not\u00edcias<\/strong><br \/>\nO usu\u00e1rio concorda que o site <strong>My Royal Market<\/strong> pode enviar um boletim informativo sobre as \u00faltimas not\u00edcias\/produtos\/promo\u00e7\u00f5es, etc., por e-mail para o usu\u00e1rio.<\/p>\n<p><strong>Indeniza\u00e7\u00e3o<\/strong><br \/>\nO usu\u00e1rio concorda em defender, indenizar e isentar o site <strong>My Royal Market<\/strong> de e contra toda e qualquer reclama\u00e7\u00e3o, dano, custo e despesa, incluindo honor\u00e1rios advocat\u00edcios, decorrentes ou relacionados ao uso do Site.<\/p>\n<p><strong>Link para outros sites<\/strong><br \/>\nQualquer link de acesso a sites de terceiros \u00e9 por sua conta e risco. <strong>myroyalmarket.com<\/strong> n\u00e3o estar\u00e1 relacionado ou envolvido com qualquer site se o conte\u00fado\/produto(s) do usu\u00e1rio for danificado ou perdido ou tiver qualquer conex\u00e3o com o site de terceiros.<\/p>\n<p><strong>Informa\u00e7\u00f5es de imprecis\u00e3o<\/strong><br \/>\nDe tempos em tempos, pode haver informa\u00e7\u00f5es em <strong>myroyalmarket.com<\/strong> que contenham erros tipogr\u00e1ficos, imprecis\u00f5es e omiss\u00f5es que podem estar relacionadas \u00e0 descri\u00e7\u00e3o do produto, pre\u00e7o, disponibilidade e conte\u00fado do artigo. Reservamo-nos o direito de corrigir quaisquer erros, imprecis\u00f5es, alterar ou editar informa\u00e7\u00f5es sem aviso pr\u00e9vio aos clientes. Se voc\u00ea n\u00e3o estiver satisfeito com o (s) produto (s) adquirido (s), devolva-nos com a fatura. Por favor, verifique a \u201c <strong>Pol\u00edtica de Devolu\u00e7\u00e3o e Reembolso<\/strong> \u201d.<\/p>\n<p><strong>Termina\u00e7\u00e3o<\/strong><br \/>\nEste acordo entrar\u00e1 em vigor a menos e at\u00e9 que seja feito pelo cliente ou por <strong>myroyalmarket.com<\/strong> . O cliente pode rescindir este contrato a qualquer momento. No entanto, <strong>myroyalmarket.com<\/strong> tamb\u00e9m pode rescindir o contrato com o cliente sem qualquer aviso pr\u00e9vio e ser\u00e1 negado o acesso ao cliente que n\u00e3o conseguir cumprir os termos e condi\u00e7\u00f5es acima.<\/p>\n<\/div>\n<\/article><\/div>\n<aside class=\"sidebar-container col-sm-3 sidebar-right area-sidebar-1\" role=\"complementary\">\n<div class=\"sidebar-inner basel-sidebar-scroll\">\n<div class=\"widget-area basel-sidebar-content\">\n<div id=\"basel-recent-posts-1\" class=\"sidebar-widget basel-recent-posts\"><\/div><\/div><\/div>\n<\/aside>\n","protected":false},"excerpt":{"rendered":"<p>Bem-vindo \u00e0 loja online do site My Royal Market . Os termos e condi\u00e7\u00f5es indicados abaixo se aplicam a todos<\/p>\n","protected":false},"author":8057,"featured_media":0,"parent":0,"menu_order":0,"comment_status":"closed","ping_status":"closed","template":"","meta":{"footnotes":""},"class_list":["post-12186","page","type-page","status-publish","hentry"],"_links":{"self":[{"href":"https:\/\/myroyalmarket.com\/pt-br\/wp-json\/wp\/v2\/pages\/12186","targetHints":{"allow":["GET"]}}],"collection":[{"href":"https:\/\/myroyalmarket.com\/pt-br\/wp-json\/wp\/v2\/pages"}],"about":[{"href":"https:\/\/myroyalmarket.com\/pt-br\/wp-json\/wp\/v2\/types\/page"}],"author":[{"embeddable":true,"href":"https:\/\/myroyalmarket.com\/pt-br\/wp-json\/wp\/v2\/users\/8057"}],"replies":[{"embeddable":true,"href":"https:\/\/myroyalmarket.com\/pt-br\/wp-json\/wp\/v2\/comments?post=12186"}],"version-history":[{"count":1,"href":"https:\/\/myroyalmarket.com\/pt-br\/wp-json\/wp\/v2\/pages\/12186\/revisions"}],"predecessor-version":[{"id":39913,"href":"https:\/\/myroyalmarket.com\/pt-br\/wp-json\/wp\/v2\/pages\/12186\/revisions\/39913"}],"wp:attachment":[{"href":"https:\/\/myroyalmarket.com\/pt-br\/wp-json\/wp\/v2\/media?parent=12186"}],"curies":[{"name":"wp","href":"https:\/\/api.w.org\/{rel}","templated":true}]}}