{"id":14221,"date":"2021-04-27T11:59:43","date_gmt":"2021-04-27T11:59:43","guid":{"rendered":"https:\/\/www.my-damas.com\/return-refund-policy-2\/"},"modified":"2023-10-27T19:20:58","modified_gmt":"2023-10-27T19:20:58","slug":"return-refund-policy-2","status":"publish","type":"page","link":"https:\/\/myroyalmarket.com\/pt-br\/return-refund-policy-2\/","title":{"rendered":"Pol\u00edtica de devolu\u00e7\u00e3o e reembolso"},"content":{"rendered":"<p><strong>Pol\u00edtica de entrega:<\/strong><\/p>\n<ol>\n<li>Oferecemos servi\u00e7os de entrega em todo o mundo. Depois de inserir o endere\u00e7o de entrega, voc\u00ea ser\u00e1 informado sobre os custos de entrega.<\/li>\n<li>As despesas de envio ser\u00e3o informadas no valor final da compra antes de prosseguir com a transa\u00e7\u00e3o completa.<\/li>\n<li>Seu pedido ser\u00e1 entregue pela transportadora mais adequada, dependendo do tamanho e peso.<\/li>\n<li>O n\u00famero de rastreamento est\u00e1 dispon\u00edvel para voc\u00ea receber uma confirma\u00e7\u00e3o de envio por e-mail e um link de rastreamento do seu pacote para que voc\u00ea possa acompanhar o trajeto at\u00e9 a sua porta.<\/li>\n<li>N\u00e3o nos responsabilizamos por quaisquer custos de direitos alfandeg\u00e1rios ou impostos sobre vendas para pedidos internacionais.<\/li>\n<li>Depois que seu pedido for aprovado nas taxas alfandeg\u00e1rias locais, ele ser\u00e1 repassado a um servi\u00e7o postal interno de acordo com os procedimentos de entrega padr\u00e3o.<\/li>\n<li>O per\u00edodo de envio para cidades da Mal\u00e1sia levaria de 1 a 4 dias \u00fateis, enquanto em outros pa\u00edses levaria de 3 a 5 dias \u00fateis se voc\u00ea escolher o servi\u00e7o expresso. Se o servi\u00e7o expresso fosse caro para o seu pa\u00eds, voc\u00ea poderia escolher o frete padr\u00e3o, que levaria entre 8 a 14 dias \u00fateis.<\/li>\n<li>Informamos que em quaisquer feriados em seu pa\u00eds, as entregas n\u00e3o ser\u00e3o feitas. Nesse caso, espere que seu pedido chegue no pr\u00f3ximo dia \u00fatil.<\/li>\n<li>O tempo estimado de entrega ser\u00e1 fornecido a voc\u00ea assim que seu pedido for feito. Os prazos de entrega s\u00e3o estimativas e come\u00e7am a partir da data de envio e n\u00e3o da data do pedido. Os prazos de entrega devem ser usados apenas como um guia e est\u00e3o sujeitos \u00e0 aceita\u00e7\u00e3o e aprova\u00e7\u00e3o do seu pedido.<\/li>\n<li>A data de entrega pode variar devido \u00e0s pr\u00e1ticas de envio da transportadora, local de entrega, m\u00e9todo de entrega e os itens solicitados. Os produtos tamb\u00e9m podem ser entregues em remessas separadas.<\/li>\n<\/ol>\n<p>Observe que n\u00e3o enviamos aos s\u00e1bados e domingos.<\/p>\n<p><strong>Pol\u00edtica de devolu\u00e7\u00e3o e reembolso<\/strong><\/p>\n<p>As mercadorias \/ produtos devolvidos ser\u00e3o verificados juntamente com o recibo e devem estar em boas condi\u00e7\u00f5es. A embalagem tamb\u00e9m deve estar nas condi\u00e7\u00f5es originais na embalagem original de envio. Caso a mercadoria\/produto tenha sido utilizada ou <strong>danificada pelo cliente<\/strong> , n\u00e3o haver\u00e1 qualquer reembolso. <strong>My Royal Market<\/strong> tamb\u00e9m n\u00e3o ser\u00e1 respons\u00e1vel se sua remessa for perdida durante o tr\u00e2nsito de retorno. Depois de verificarmos e confirmarmos a mercadoria\/produtos, o cliente receber\u00e1 o seu reembolso no prazo de <b>2 dias \u00fateis<\/b> ap\u00f3s a confirma\u00e7\u00e3o.<\/p>\n","protected":false},"excerpt":{"rendered":"<p>Pol\u00edtica de entrega: Oferecemos servi\u00e7os de entrega em todo o mundo. Depois de inserir o endere\u00e7o de entrega, voc\u00ea ser\u00e1<\/p>\n","protected":false},"author":8057,"featured_media":0,"parent":0,"menu_order":0,"comment_status":"closed","ping_status":"closed","template":"","meta":{"footnotes":""},"class_list":["post-14221","page","type-page","status-publish","hentry"],"_links":{"self":[{"href":"https:\/\/myroyalmarket.com\/pt-br\/wp-json\/wp\/v2\/pages\/14221","targetHints":{"allow":["GET"]}}],"collection":[{"href":"https:\/\/myroyalmarket.com\/pt-br\/wp-json\/wp\/v2\/pages"}],"about":[{"href":"https:\/\/myroyalmarket.com\/pt-br\/wp-json\/wp\/v2\/types\/page"}],"author":[{"embeddable":true,"href":"https:\/\/myroyalmarket.com\/pt-br\/wp-json\/wp\/v2\/users\/8057"}],"replies":[{"embeddable":true,"href":"https:\/\/myroyalmarket.com\/pt-br\/wp-json\/wp\/v2\/comments?post=14221"}],"version-history":[{"count":1,"href":"https:\/\/myroyalmarket.com\/pt-br\/wp-json\/wp\/v2\/pages\/14221\/revisions"}],"predecessor-version":[{"id":39908,"href":"https:\/\/myroyalmarket.com\/pt-br\/wp-json\/wp\/v2\/pages\/14221\/revisions\/39908"}],"wp:attachment":[{"href":"https:\/\/myroyalmarket.com\/pt-br\/wp-json\/wp\/v2\/media?parent=14221"}],"curies":[{"name":"wp","href":"https:\/\/api.w.org\/{rel}","templated":true}]}}