{"id":12410,"date":"2020-10-28T08:29:16","date_gmt":"2021-04-16T15:34:24","guid":{"rendered":"https:\/\/www.my-damas.com\/product\/royal-honey-vitamax-doubleshot-energy-mel-para-ela-10x20-g\/"},"modified":"2025-05-15T23:04:07","modified_gmt":"2025-05-15T15:04:07","slug":"royal-honey-vitamax-doubleshot-maca-honey-energy-honey-for-her-10x20-g","status":"publish","type":"product","link":"https:\/\/myroyalmarket.com\/pt-br\/produto\/royal-honey-vitamax-doubleshot-maca-honey-energy-honey-for-her-10x20-g\/","title":{"rendered":"Royal Honey VITAMAX DOUBLESHOT ENERGY MEL para ela 10&#215;20 g"},"content":{"rendered":"<div class=\"wpb-content-wrapper\"><p>[vc_row][vc_column width=&#8221;1\/6&#8243;][\/vc_column][vc_column width=&#8221;2\/3&#8243;][vc_single_image image=&#8221;39343&#8243; img_size=&#8221;full&#8221; alignment=&#8221;center&#8221;][vc_column_text]<strong>USO RECOMENDADO :<\/strong><br \/>\nTome uma saqueta (20g) a cada 2 dias conforme necess\u00e1rio.<\/p>\n<p><strong>INSTRUCTIONS:<\/strong><br \/>\nMisture 1 saqueta com 150ml de \u00e1gua \u00e0 temperatura ambiente, mexa bem e beba ou esvazie toda a saqueta na boca atrav\u00e9s de um determinado bico.<\/p>\n<p>INDICA\u00c7\u00c3O: Tradicionalmente usado para melhorar a sa\u00fade e a energia das mulheres.[\/vc_column_text][vc_single_image image=&#8221;39325&#8243; img_size=&#8221;full&#8221; alignment=&#8221;center&#8221;][\/vc_column][vc_column width=&#8221;1\/6&#8243;][\/vc_column][\/vc_row]<\/p>\n<\/div>","protected":false},"excerpt":{"rendered":"<p><strong>INGREDIENTES:<\/strong><\/p>\n<ul>\n<li>Mel puro<\/li>\n<li>Gel\u00e9ia real<\/li>\n<li>Lab\u00edsia Pumila (Kacip F\u00e1tima)<\/li>\n<li>Radix Panax Ginseng<\/li>\n<li>Lepidium Meyenii (Maca)<\/li>\n<\/ul>\n","protected":false},"featured_media":39331,"comment_status":"open","ping_status":"closed","template":"","meta":[],"product_brand":[],"product_cat":[250],"product_tag":[],"class_list":{"0":"post-12410","1":"product","2":"type-product","3":"status-publish","4":"has-post-thumbnail","6":"product_cat-royal-honey-pt-br","7":"product_shipping_class-1-pt-br","9":"first","10":"instock","11":"sale","12":"shipping-taxable","13":"purchasable","14":"product-type-simple"},"supplier_id":null,"supplier_sku":"","barcode":null,"atum_controlled":true,"out_stock_date":null,"out_stock_threshold":null,"inheritable":false,"inbound_stock":0,"stock_on_hold":8,"sold_today":0,"sales_last_days":0,"reserved_stock":0,"customer_returns":0,"warehouse_damage":0,"lost_in_post":0,"other_logs":0,"out_stock_days":0,"lost_sales":0,"has_location":false,"update_date":"2026-05-04T16:42:43","atum_locations":[],"atum_stock_status":"instock","restock_status":false,"low_stock_amount":5,"sales_update_date":"2026-05-04T16:42:43","calc_backorders":null,"_links":{"self":[{"href":"https:\/\/myroyalmarket.com\/pt-br\/wp-json\/wp\/v2\/product\/12410","targetHints":{"allow":["GET"]}}],"collection":[{"href":"https:\/\/myroyalmarket.com\/pt-br\/wp-json\/wp\/v2\/product"}],"about":[{"href":"https:\/\/myroyalmarket.com\/pt-br\/wp-json\/wp\/v2\/types\/product"}],"replies":[{"embeddable":true,"href":"https:\/\/myroyalmarket.com\/pt-br\/wp-json\/wp\/v2\/comments?post=12410"}],"wp:featuredmedia":[{"embeddable":true,"href":"https:\/\/myroyalmarket.com\/pt-br\/wp-json\/wp\/v2\/media\/39331"}],"wp:attachment":[{"href":"https:\/\/myroyalmarket.com\/pt-br\/wp-json\/wp\/v2\/media?parent=12410"}],"wp:term":[{"taxonomy":"product_brand","embeddable":true,"href":"https:\/\/myroyalmarket.com\/pt-br\/wp-json\/wp\/v2\/product_brand?post=12410"},{"taxonomy":"product_cat","embeddable":true,"href":"https:\/\/myroyalmarket.com\/pt-br\/wp-json\/wp\/v2\/product_cat?post=12410"},{"taxonomy":"product_tag","embeddable":true,"href":"https:\/\/myroyalmarket.com\/pt-br\/wp-json\/wp\/v2\/product_tag?post=12410"}],"curies":[{"name":"wp","href":"https:\/\/api.w.org\/{rel}","templated":true}]}}