{"id":14267,"date":"2020-10-28T08:29:15","date_gmt":"2021-05-03T19:10:20","guid":{"rendered":"https:\/\/www.my-damas.com\/product\/go-up-cream\/"},"modified":"2022-01-25T13:16:41","modified_gmt":"2022-01-25T13:16:41","slug":"go-up-cream","status":"publish","type":"product","link":"https:\/\/myroyalmarket.com\/pt-br\/produto\/go-up-cream\/","title":{"rendered":"Go Up Cream"},"content":{"rendered":"<div class=\"wpb-content-wrapper\"><p>[vc_row][vc_column width=&#8221;1\/6&#8243;][\/vc_column][vc_column width=&#8221;2\/3&#8243;][vc_column_text]Creme \u00e0 base de \u00f3leos naturais. Ajuda a prolongar o tempo da rela\u00e7\u00e3o sexual. N\u00e3o tem efeitos colaterais Verifique a lista de usos dentro da caixa.<\/p>\n<p>GO UP Este produto \u00e9 um dos melhores e mais poderosos produtos que ajuda a aumentar e aumentar o tamanho do p\u00eanis De 2 a 5 cm de comprimento e 1 cm a 3 cm de magnitude.<\/p>\n<p>Khan Alasal Empresa (L\u00edbano) Depois de estudar e pesquisar ao longo dos anos, chegamos a uma combina\u00e7\u00e3o distinta de \u00f3leos naturais (GO UP)<br \/>\nO usu\u00e1rio infla e ajuda a ere\u00e7\u00e3o durante a rela\u00e7\u00e3o sexual sem quaisquer efeitos colaterais.<br \/>\nEste produto est\u00e1 agora nos mercados improvisados \u200b\u200bde 50 ml para atender a necessidade dos homens de prolongar e ampliar o membro e para ajudar na ere\u00e7\u00e3o dentro do per\u00edodo da rela\u00e7\u00e3o sexual.<br \/>\nRecomendo o uso do creme (MAIS TEMPO) para prolongar o per\u00edodo de atraso da rela\u00e7\u00e3o sexual Sem quaisquer efeitos colaterais, mantendo o seu prazer e excita\u00e7\u00e3o.[\/vc_column_text][\/vc_column][vc_column width=&#8221;1\/6&#8243;][\/vc_column][\/vc_row]<\/p>\n<\/div>","protected":false},"excerpt":{"rendered":"<ul>\n<li>Creme \u00e0 base de \u00f3leos naturais.<\/li>\n<li>Aumenta o tamanho do p\u00eanis de 2 a 5 cm de comprimento e 1 cm a 3 cm de magnitude.<\/li>\n<li>Ajuda a prolongar o tempo da rela\u00e7\u00e3o sexual.<\/li>\n<li>N\u00e3o tem efeitos colaterais.<\/li>\n<li>Verifique a lista de uso dentro da caixa.<\/li>\n<\/ul>\n","protected":false},"featured_media":8700,"comment_status":"open","ping_status":"closed","template":"","meta":[],"product_brand":[],"product_cat":[250],"product_tag":[],"class_list":{"0":"post-14267","1":"product","2":"type-product","3":"status-publish","4":"has-post-thumbnail","6":"product_cat-royal-honey-pt-br","7":"product_shipping_class-1-pt-br","9":"first","10":"outofstock","11":"sale","12":"shipping-taxable","13":"purchasable","14":"product-type-simple"},"supplier_id":null,"supplier_sku":"","barcode":null,"atum_controlled":true,"out_stock_date":null,"out_stock_threshold":null,"inheritable":false,"inbound_stock":0,"stock_on_hold":0,"sold_today":0,"sales_last_days":0,"reserved_stock":0,"customer_returns":0,"warehouse_damage":0,"lost_in_post":0,"other_logs":0,"out_stock_days":0,"lost_sales":0,"has_location":false,"update_date":"2026-05-05T00:45:27","atum_locations":[],"atum_stock_status":"outofstock","restock_status":false,"low_stock_amount":"","sales_update_date":"2026-05-05T00:45:27","calc_backorders":null,"_links":{"self":[{"href":"https:\/\/myroyalmarket.com\/pt-br\/wp-json\/wp\/v2\/product\/14267","targetHints":{"allow":["GET"]}}],"collection":[{"href":"https:\/\/myroyalmarket.com\/pt-br\/wp-json\/wp\/v2\/product"}],"about":[{"href":"https:\/\/myroyalmarket.com\/pt-br\/wp-json\/wp\/v2\/types\/product"}],"replies":[{"embeddable":true,"href":"https:\/\/myroyalmarket.com\/pt-br\/wp-json\/wp\/v2\/comments?post=14267"}],"wp:featuredmedia":[{"embeddable":true,"href":"https:\/\/myroyalmarket.com\/pt-br\/wp-json\/wp\/v2\/media\/8700"}],"wp:attachment":[{"href":"https:\/\/myroyalmarket.com\/pt-br\/wp-json\/wp\/v2\/media?parent=14267"}],"wp:term":[{"taxonomy":"product_brand","embeddable":true,"href":"https:\/\/myroyalmarket.com\/pt-br\/wp-json\/wp\/v2\/product_brand?post=14267"},{"taxonomy":"product_cat","embeddable":true,"href":"https:\/\/myroyalmarket.com\/pt-br\/wp-json\/wp\/v2\/product_cat?post=14267"},{"taxonomy":"product_tag","embeddable":true,"href":"https:\/\/myroyalmarket.com\/pt-br\/wp-json\/wp\/v2\/product_tag?post=14267"}],"curies":[{"name":"wp","href":"https:\/\/api.w.org\/{rel}","templated":true}]}}