{"id":14293,"date":"2020-10-28T08:29:04","date_gmt":"2021-05-04T17:52:12","guid":{"rendered":"https:\/\/www.my-damas.com\/product\/etumax-herbal-plus-30-capsules-tongkat-ali-power-plus-improve-men-stamina-provide-energy\/"},"modified":"2026-04-23T23:50:14","modified_gmt":"2026-04-23T15:50:14","slug":"etumax-herbal-plus-30-capsules-tongkat-ali-power-plus-improve-men-stamina-provide-energy","status":"publish","type":"product","link":"https:\/\/myroyalmarket.com\/pt-br\/produto\/etumax-herbal-plus-30-capsules-tongkat-ali-power-plus-improve-men-stamina-provide-energy\/","title":{"rendered":"Etumax Herbal Plus (30 C\u00e1psulas) Tongkat Ali Power Plus"},"content":{"rendered":"<div class=\"wpb-content-wrapper\"><p>[vc_row][vc_column width=&#8221;1\/6&#8243;][\/vc_column][vc_column width=&#8221;2\/3&#8243;][\/vc_column][vc_column width=&#8221;1\/6&#8243;][\/vc_column][\/vc_row]<\/p>\n<\/div>","protected":false},"excerpt":{"rendered":"<ul>\n<li>Ajude a melhorar a resist\u00eancia dos homens, forne\u00e7a energia.<\/li>\n<li> Etumax Herbal Plus \u00e9 um suplemento alimentar composto<\/li>\n<li>Totalmente de subst\u00e2ncias herbais \u00fanicas produzidas em quantidades espec\u00edficas pela moderna tecnologia de bioengenharia.<\/li>\n<li>Este processo de produ\u00e7\u00e3o exclusivo \u00e9 chamado de penetra\u00e7\u00e3o de alto pol\u00edmero, pelo qual os ingredientes ativos s\u00e3o dissolvidos e absorvidos pelo corpo de forma segura e f\u00e1cil.<\/li>\n<li>Cada c\u00e1psula vegetal cont\u00e9m:\n<ul>\n<li>Extrato de Radix Eurycoma Longifolia (Pure Tongkat Ali): 400 mg<\/li>\n<li>Lactose: 50 mg<\/li>\n<\/ul>\n<\/li>\n<\/ul>\n","protected":false},"featured_media":8940,"comment_status":"open","ping_status":"closed","template":"","meta":[],"product_brand":[],"product_cat":[250],"product_tag":[],"class_list":{"0":"post-14293","1":"product","2":"type-product","3":"status-publish","4":"has-post-thumbnail","6":"product_cat-royal-honey-pt-br","7":"product_shipping_class-1-pt-br","9":"first","10":"outofstock","11":"sale","12":"shipping-taxable","13":"purchasable","14":"product-type-simple"},"supplier_id":null,"supplier_sku":"","barcode":null,"atum_controlled":true,"out_stock_date":"2026-04-23 23:50:20","out_stock_threshold":null,"inheritable":false,"inbound_stock":0,"stock_on_hold":46,"sold_today":0,"sales_last_days":0,"reserved_stock":0,"customer_returns":0,"warehouse_damage":0,"lost_in_post":0,"other_logs":0,"out_stock_days":11,"lost_sales":0,"has_location":false,"update_date":"2026-05-05T00:45:09","atum_locations":[],"atum_stock_status":"outofstock","restock_status":false,"low_stock_amount":"","sales_update_date":"2026-05-05T00:45:09","calc_backorders":null,"_links":{"self":[{"href":"https:\/\/myroyalmarket.com\/pt-br\/wp-json\/wp\/v2\/product\/14293","targetHints":{"allow":["GET"]}}],"collection":[{"href":"https:\/\/myroyalmarket.com\/pt-br\/wp-json\/wp\/v2\/product"}],"about":[{"href":"https:\/\/myroyalmarket.com\/pt-br\/wp-json\/wp\/v2\/types\/product"}],"replies":[{"embeddable":true,"href":"https:\/\/myroyalmarket.com\/pt-br\/wp-json\/wp\/v2\/comments?post=14293"}],"wp:featuredmedia":[{"embeddable":true,"href":"https:\/\/myroyalmarket.com\/pt-br\/wp-json\/wp\/v2\/media\/8940"}],"wp:attachment":[{"href":"https:\/\/myroyalmarket.com\/pt-br\/wp-json\/wp\/v2\/media?parent=14293"}],"wp:term":[{"taxonomy":"product_brand","embeddable":true,"href":"https:\/\/myroyalmarket.com\/pt-br\/wp-json\/wp\/v2\/product_brand?post=14293"},{"taxonomy":"product_cat","embeddable":true,"href":"https:\/\/myroyalmarket.com\/pt-br\/wp-json\/wp\/v2\/product_cat?post=14293"},{"taxonomy":"product_tag","embeddable":true,"href":"https:\/\/myroyalmarket.com\/pt-br\/wp-json\/wp\/v2\/product_tag?post=14293"}],"curies":[{"name":"wp","href":"https:\/\/api.w.org\/{rel}","templated":true}]}}