{"id":14348,"date":"2020-10-28T08:29:11","date_gmt":"2020-10-28T08:29:11","guid":{"rendered":"https:\/\/www.my-damas.com\/product\/organic-honey-royal-honey-24-sachets-x-10g\/"},"modified":"2026-04-29T21:50:29","modified_gmt":"2026-04-29T13:50:29","slug":"organic-honey-royal-honey-24-sachets-x-10g","status":"publish","type":"product","link":"https:\/\/myroyalmarket.com\/pt-br\/produto\/organic-honey-royal-honey-24-sachets-x-10g\/","title":{"rendered":"Mel org\u00e2nico (mel real) 24 saquetas x 10g Organic Honey"},"content":{"rendered":"<div class=\"wpb-content-wrapper\"><p>[vc_row][vc_column width=&#8221;1\/6&#8243;][\/vc_column][vc_column width=&#8221;2\/3&#8243;][vc_single_image image=&#8221;39630&#8243; img_size=&#8221;full&#8221; alignment=&#8221;center&#8221;][vc_single_image image=&#8221;39636&#8243; img_size=&#8221;full&#8221; alignment=&#8221;center&#8221;][vc_column_text]<strong>Como usar:<\/strong><\/p>\n<p>Uma saqueta a cada 3 dias, quando necess\u00e1rio.<\/p>\n<p><br data-cke-eol=\"1\">[\/vc_column_text][\/vc_column][vc_column width=&#8221;1\/6&#8243;][\/vc_column][\/vc_row]<\/p>\n<\/div>","protected":false},"excerpt":{"rendered":"<ul>\n<li>aumentar o desejo sexual e transform\u00e1-lo em um verdadeiro vital<\/li>\n<li>fortalece as ere\u00e7\u00f5es em idosos sem se sentir fraco<\/li>\n<li> promove autoconfian\u00e7a por meio do desempenho sexual de longo prazo<\/li>\n<li>aumenta a secre\u00e7\u00e3o da fertilidade hormonal &#8220;D\u00ea uma sensa\u00e7\u00e3o de poder<\/li>\n<li> trabalhando na redu\u00e7\u00e3o de problemas de pr\u00f3stata e les\u00f5es genitais em humanos<\/li>\n<li> enrijecer o corpo e dar uma sensa\u00e7\u00e3o de vitalidade, lucidez e ativar a mem\u00f3ria<\/li>\n<li>sustentam amino\u00e1cidos e minerais necess\u00e1rios para o processo metab\u00f3lico do corpo<\/li>\n<\/ul>\n","protected":false},"featured_media":39594,"comment_status":"open","ping_status":"closed","template":"","meta":[],"product_brand":[],"product_cat":[250],"product_tag":[],"class_list":{"0":"post-14348","1":"product","2":"type-product","3":"status-publish","4":"has-post-thumbnail","6":"product_cat-royal-honey-pt-br","7":"product_shipping_class-1-pt-br","9":"first","10":"instock","11":"sale","12":"shipping-taxable","13":"purchasable","14":"product-type-variable","15":"has-default-attributes"},"supplier_id":null,"supplier_sku":"","barcode":null,"atum_controlled":true,"out_stock_date":null,"out_stock_threshold":null,"inheritable":true,"inbound_stock":0,"stock_on_hold":61,"sold_today":0,"sales_last_days":5,"reserved_stock":0,"customer_returns":0,"warehouse_damage":0,"lost_in_post":0,"other_logs":0,"out_stock_days":482,"lost_sales":0,"has_location":false,"update_date":"2026-05-07T10:37:14","atum_locations":[],"atum_stock_status":"instock","restock_status":false,"low_stock_amount":"","sales_update_date":"2026-04-29T13:49:41","calc_backorders":null,"_links":{"self":[{"href":"https:\/\/myroyalmarket.com\/pt-br\/wp-json\/wp\/v2\/product\/14348","targetHints":{"allow":["GET"]}}],"collection":[{"href":"https:\/\/myroyalmarket.com\/pt-br\/wp-json\/wp\/v2\/product"}],"about":[{"href":"https:\/\/myroyalmarket.com\/pt-br\/wp-json\/wp\/v2\/types\/product"}],"replies":[{"embeddable":true,"href":"https:\/\/myroyalmarket.com\/pt-br\/wp-json\/wp\/v2\/comments?post=14348"}],"wp:featuredmedia":[{"embeddable":true,"href":"https:\/\/myroyalmarket.com\/pt-br\/wp-json\/wp\/v2\/media\/39594"}],"wp:attachment":[{"href":"https:\/\/myroyalmarket.com\/pt-br\/wp-json\/wp\/v2\/media?parent=14348"}],"wp:term":[{"taxonomy":"product_brand","embeddable":true,"href":"https:\/\/myroyalmarket.com\/pt-br\/wp-json\/wp\/v2\/product_brand?post=14348"},{"taxonomy":"product_cat","embeddable":true,"href":"https:\/\/myroyalmarket.com\/pt-br\/wp-json\/wp\/v2\/product_cat?post=14348"},{"taxonomy":"product_tag","embeddable":true,"href":"https:\/\/myroyalmarket.com\/pt-br\/wp-json\/wp\/v2\/product_tag?post=14348"}],"curies":[{"name":"wp","href":"https:\/\/api.w.org\/{rel}","templated":true}]}}