{"id":14388,"date":"2020-10-28T08:29:06","date_gmt":"2021-05-14T17:33:22","guid":{"rendered":"https:\/\/www.my-damas.com\/product\/royal-honey-vitamax-doubleshot-maca-honey-energy-honey-for-him-10x20-g\/"},"modified":"2023-11-01T06:03:56","modified_gmt":"2023-11-01T06:03:56","slug":"royal-honey-vitamax-doubleshot-maca-honey-energy-honey-for-him-10x20-g","status":"publish","type":"product","link":"https:\/\/myroyalmarket.com\/pt-br\/produto\/royal-honey-vitamax-doubleshot-maca-honey-energy-honey-for-him-10x20-g\/","title":{"rendered":"Royal Honey VITAMAX DOUBLESHOT MACA MEL energia mel para ele 10&#215;20 g"},"content":{"rendered":"<div class=\"wpb-content-wrapper\"><p>[vc_row][vc_column width=&#8221;1\/6&#8243;][\/vc_column][vc_column width=&#8221;2\/3&#8243;][vc_column_text]<span style=\"font-size: 18px;\"><span style=\"box-sizing: border-box; font-weight: 600; font-family: myfont;\">Ingredientes<\/span><br style=\"box-sizing: border-box; font-family: myfont; margin-bottom: 0px; font-size: 14px;\"><span style=\"font-family: myfont;\">Mel Real de Grau A, Extrato de Maca de Grau Premium<\/span><\/span>[\/vc_column_text][vc_single_image image=&#8221;39668&#8243; img_size=&#8221;full&#8221; alignment=&#8221;center&#8221;][vc_single_image image=&#8221;39674&#8243; img_size=&#8221;full&#8221; alignment=&#8221;center&#8221;][\/vc_column][vc_column width=&#8221;1\/6&#8243;][\/vc_column][\/vc_row]<\/p>\n<\/div>","protected":false},"excerpt":{"rendered":"<ul>\n<li>Fortale\u00e7a a aptid\u00e3o f\u00edsica e a habilidade.<\/li>\n<li> Restaurando energia.<\/li>\n<li> Duram mais, mais sensa\u00e7\u00f5es e sensa\u00e7\u00f5es para o seu corpo.<\/li>\n<\/ul>\n","protected":false},"featured_media":39656,"comment_status":"open","ping_status":"closed","template":"","meta":[],"product_brand":[],"product_cat":[250],"product_tag":[],"class_list":{"0":"post-14388","1":"product","2":"type-product","3":"status-publish","4":"has-post-thumbnail","6":"product_cat-royal-honey-pt-br","7":"product_shipping_class-1-pt-br","9":"first","10":"instock","11":"sale","12":"shipping-taxable","13":"purchasable","14":"product-type-simple"},"supplier_id":null,"supplier_sku":"","barcode":null,"atum_controlled":true,"out_stock_date":null,"out_stock_threshold":null,"inheritable":false,"inbound_stock":0,"stock_on_hold":61,"sold_today":0,"sales_last_days":0,"reserved_stock":0,"customer_returns":0,"warehouse_damage":0,"lost_in_post":0,"other_logs":0,"out_stock_days":0,"lost_sales":0,"has_location":false,"update_date":"2026-05-05T00:46:00","atum_locations":[],"atum_stock_status":"instock","restock_status":false,"low_stock_amount":"","sales_update_date":"2026-05-05T00:46:00","calc_backorders":null,"_links":{"self":[{"href":"https:\/\/myroyalmarket.com\/pt-br\/wp-json\/wp\/v2\/product\/14388","targetHints":{"allow":["GET"]}}],"collection":[{"href":"https:\/\/myroyalmarket.com\/pt-br\/wp-json\/wp\/v2\/product"}],"about":[{"href":"https:\/\/myroyalmarket.com\/pt-br\/wp-json\/wp\/v2\/types\/product"}],"replies":[{"embeddable":true,"href":"https:\/\/myroyalmarket.com\/pt-br\/wp-json\/wp\/v2\/comments?post=14388"}],"wp:featuredmedia":[{"embeddable":true,"href":"https:\/\/myroyalmarket.com\/pt-br\/wp-json\/wp\/v2\/media\/39656"}],"wp:attachment":[{"href":"https:\/\/myroyalmarket.com\/pt-br\/wp-json\/wp\/v2\/media?parent=14388"}],"wp:term":[{"taxonomy":"product_brand","embeddable":true,"href":"https:\/\/myroyalmarket.com\/pt-br\/wp-json\/wp\/v2\/product_brand?post=14388"},{"taxonomy":"product_cat","embeddable":true,"href":"https:\/\/myroyalmarket.com\/pt-br\/wp-json\/wp\/v2\/product_cat?post=14388"},{"taxonomy":"product_tag","embeddable":true,"href":"https:\/\/myroyalmarket.com\/pt-br\/wp-json\/wp\/v2\/product_tag?post=14388"}],"curies":[{"name":"wp","href":"https:\/\/api.w.org\/{rel}","templated":true}]}}