{"id":14395,"date":"2020-10-28T08:29:03","date_gmt":"2021-05-14T18:30:30","guid":{"rendered":"https:\/\/www.my-damas.com\/product\/vip-vital-honey-with-caviar-tongkat-for-sexual-wellness-100-original-royal-honey\/"},"modified":"2026-03-13T21:09:32","modified_gmt":"2026-03-13T13:09:32","slug":"vip-vital-honey-with-caviar-tongkat-for-sexual-wellness-100-original-royal-honey","status":"publish","type":"product","link":"https:\/\/myroyalmarket.com\/pt-br\/produto\/vip-vital-honey-with-caviar-tongkat-for-sexual-wellness-100-original-royal-honey\/","title":{"rendered":"Mel VIP Vital com Caviar e Tongkat 100% Original (Mel Real) 12x15g"},"content":{"rendered":"<div class=\"wpb-content-wrapper\"><p>[vc_row][vc_column width=&#8221;1\/6&#8243;][\/vc_column][vc_column width=&#8221;2\/3&#8243;][vc_single_image image=&#8221;8960&#8243; img_size=&#8221;full&#8221; alignment=&#8221;center&#8221;][vc_single_image image=&#8221;8980&#8243; img_size=&#8221;full&#8221; alignment=&#8221;center&#8221;][\/vc_column][vc_column width=&#8221;1\/6&#8243;][\/vc_column][\/vc_row]<\/p>\n<\/div>","protected":false},"excerpt":{"rendered":"<ul>\n<li>Aumenta o desejo sexual.<\/li>\n<li>Fortalece a ere\u00e7\u00e3o sem sentir cansa\u00e7o.<\/li>\n<li>Aumenta a autoconfian\u00e7a devido a um desempenho sexual est\u00e1vel.<\/li>\n<li>Aumenta os n\u00edveis de testosterona.<\/li>\n<li>Diminui problemas de pr\u00f3stata e doen\u00e7as no sistema produtivo do homem.<\/li>\n<li>D\u00e1 uma sensa\u00e7\u00e3o de atividade, clareza mental e refresca a mem\u00f3ria.<\/li>\n<li>Suporta as c\u00e9lulas do corpo com amino\u00e1cidos e minerais, importantes para o metabolismo.<\/li>\n<li>Organiza o metabolismo celular devido ao \u00f4mega 3.<\/li>\n<li>Previne a ejacula\u00e7\u00e3o precoce e mant\u00e9m um desempenho sexual saud\u00e1vel.<\/li>\n<li>Prolonga o per\u00edodo de a\u00e7\u00e3o e melhora o orgasmo.<\/li>\n<li>Aumenta o desejo sexual.<\/li>\n<li>D\u00e1 autoconfian\u00e7a e desejo de ser sexualmente ativo.<\/li>\n<li>Mant\u00e9m uma base est\u00e1vel de desempenho sexual.<\/li>\n<li>Melhora a circula\u00e7\u00e3o sangu\u00ednea.<\/li>\n<\/ul>\n","protected":false},"featured_media":8968,"comment_status":"open","ping_status":"closed","template":"","meta":[],"product_brand":[],"product_cat":[250],"product_tag":[],"class_list":{"0":"post-14395","1":"product","2":"type-product","3":"status-publish","4":"has-post-thumbnail","6":"product_cat-royal-honey-pt-br","7":"product_shipping_class-1-pt-br","9":"first","10":"instock","11":"sale","12":"shipping-taxable","13":"purchasable","14":"product-type-simple"},"supplier_id":null,"supplier_sku":"","barcode":null,"atum_controlled":true,"out_stock_date":null,"out_stock_threshold":null,"inheritable":false,"inbound_stock":0,"stock_on_hold":60,"sold_today":0,"sales_last_days":7,"reserved_stock":0,"customer_returns":0,"warehouse_damage":0,"lost_in_post":0,"other_logs":0,"out_stock_days":0,"lost_sales":0,"has_location":false,"update_date":"2026-05-07T19:38:36","atum_locations":[],"atum_stock_status":"instock","restock_status":false,"low_stock_amount":"","sales_update_date":"2026-05-07T19:38:35","calc_backorders":null,"_links":{"self":[{"href":"https:\/\/myroyalmarket.com\/pt-br\/wp-json\/wp\/v2\/product\/14395","targetHints":{"allow":["GET"]}}],"collection":[{"href":"https:\/\/myroyalmarket.com\/pt-br\/wp-json\/wp\/v2\/product"}],"about":[{"href":"https:\/\/myroyalmarket.com\/pt-br\/wp-json\/wp\/v2\/types\/product"}],"replies":[{"embeddable":true,"href":"https:\/\/myroyalmarket.com\/pt-br\/wp-json\/wp\/v2\/comments?post=14395"}],"wp:featuredmedia":[{"embeddable":true,"href":"https:\/\/myroyalmarket.com\/pt-br\/wp-json\/wp\/v2\/media\/8968"}],"wp:attachment":[{"href":"https:\/\/myroyalmarket.com\/pt-br\/wp-json\/wp\/v2\/media?parent=14395"}],"wp:term":[{"taxonomy":"product_brand","embeddable":true,"href":"https:\/\/myroyalmarket.com\/pt-br\/wp-json\/wp\/v2\/product_brand?post=14395"},{"taxonomy":"product_cat","embeddable":true,"href":"https:\/\/myroyalmarket.com\/pt-br\/wp-json\/wp\/v2\/product_cat?post=14395"},{"taxonomy":"product_tag","embeddable":true,"href":"https:\/\/myroyalmarket.com\/pt-br\/wp-json\/wp\/v2\/product_tag?post=14395"}],"curies":[{"name":"wp","href":"https:\/\/api.w.org\/{rel}","templated":true}]}}