{"id":14448,"date":"2020-10-28T08:29:03","date_gmt":"2021-05-28T18:15:00","guid":{"rendered":"https:\/\/www.my-damas.com\/product\/crown-royal-honey-agm-a-better-married-life-original-product\/"},"modified":"2026-02-06T01:32:33","modified_gmt":"2026-02-05T17:32:33","slug":"crown-royal-honey-agm-a-better-married-life-original-product","status":"publish","type":"product","link":"https:\/\/myroyalmarket.com\/pt-br\/produto\/crown-royal-honey-agm-a-better-married-life-original-product\/","title":{"rendered":"Crown Royal Honey AGM, (produto original) 12x10g"},"content":{"rendered":"<div class=\"wpb-content-wrapper\"><p>[vc_row][vc_column width=&#8221;1\/6&#8243;][\/vc_column][vc_column width=&#8221;2\/3&#8243;][\/vc_column][vc_column width=&#8221;1\/6&#8243;][\/vc_column][\/vc_row]<\/p>\n<\/div>","protected":false},"excerpt":{"rendered":"<ul>\n<li> Suporta excita\u00e7\u00e3o sexual, especialmente na velhice<\/li>\n<li> \u00c9 \u00fatil para uma ere\u00e7\u00e3o fraca e promove a satisfa\u00e7\u00e3o sexual<\/li>\n<li>Rela\u00e7\u00f5es sexuais prolongadas e retarda a ejacula\u00e7\u00e3o precoce<\/li>\n<li>\u00c9 eficaz para a ejacula\u00e7\u00e3o precoce de espermatozoides imaturos<\/li>\n<li>Promove a fertilidade e melhora a qualidade e o n\u00famero de espermatozoides<\/li>\n<li>Previne a fadiga, fortalece o corpo e melhora a circula\u00e7\u00e3o sangu\u00ednea<\/li>\n<li>\u00c9 rico em prote\u00ednas, amino\u00e1cidos e vitaminas<\/li>\n<li>Promove a mem\u00f3ria, bem como uma atividade mental e intelectual<\/li>\n<\/ul>\n","protected":false},"featured_media":39751,"comment_status":"open","ping_status":"closed","template":"","meta":[],"product_brand":[],"product_cat":[250],"product_tag":[],"class_list":{"0":"post-14448","1":"product","2":"type-product","3":"status-publish","4":"has-post-thumbnail","6":"product_cat-royal-honey-pt-br","7":"product_shipping_class-1-pt-br","9":"first","10":"instock","11":"sale","12":"shipping-taxable","13":"purchasable","14":"product-type-simple"},"supplier_id":null,"supplier_sku":"","barcode":null,"atum_controlled":true,"out_stock_date":null,"out_stock_threshold":null,"inheritable":false,"inbound_stock":0,"stock_on_hold":25,"sold_today":0,"sales_last_days":0,"reserved_stock":0,"customer_returns":0,"warehouse_damage":0,"lost_in_post":0,"other_logs":0,"out_stock_days":0,"lost_sales":0,"has_location":false,"update_date":"2026-05-04T19:17:30","atum_locations":[],"atum_stock_status":"instock","restock_status":false,"low_stock_amount":"","sales_update_date":"2026-05-04T19:17:30","calc_backorders":null,"_links":{"self":[{"href":"https:\/\/myroyalmarket.com\/pt-br\/wp-json\/wp\/v2\/product\/14448","targetHints":{"allow":["GET"]}}],"collection":[{"href":"https:\/\/myroyalmarket.com\/pt-br\/wp-json\/wp\/v2\/product"}],"about":[{"href":"https:\/\/myroyalmarket.com\/pt-br\/wp-json\/wp\/v2\/types\/product"}],"replies":[{"embeddable":true,"href":"https:\/\/myroyalmarket.com\/pt-br\/wp-json\/wp\/v2\/comments?post=14448"}],"wp:featuredmedia":[{"embeddable":true,"href":"https:\/\/myroyalmarket.com\/pt-br\/wp-json\/wp\/v2\/media\/39751"}],"wp:attachment":[{"href":"https:\/\/myroyalmarket.com\/pt-br\/wp-json\/wp\/v2\/media?parent=14448"}],"wp:term":[{"taxonomy":"product_brand","embeddable":true,"href":"https:\/\/myroyalmarket.com\/pt-br\/wp-json\/wp\/v2\/product_brand?post=14448"},{"taxonomy":"product_cat","embeddable":true,"href":"https:\/\/myroyalmarket.com\/pt-br\/wp-json\/wp\/v2\/product_cat?post=14448"},{"taxonomy":"product_tag","embeddable":true,"href":"https:\/\/myroyalmarket.com\/pt-br\/wp-json\/wp\/v2\/product_tag?post=14448"}],"curies":[{"name":"wp","href":"https:\/\/api.w.org\/{rel}","templated":true}]}}