{"id":14462,"date":"2020-10-28T08:28:55","date_gmt":"2021-05-28T19:15:52","guid":{"rendered":"https:\/\/www.my-damas.com\/product\/med-care-golden-royal-honey-vip-10g-x-24-sachets-wooden-box\/"},"modified":"2023-10-27T04:14:40","modified_gmt":"2023-10-27T04:14:40","slug":"med-care-golden-royal-honey-vip-10g-x-24-sachets-wooden-box","status":"publish","type":"product","link":"https:\/\/myroyalmarket.com\/pt-br\/produto\/med-care-golden-royal-honey-vip-10g-x-24-sachets-wooden-box\/","title":{"rendered":"Mel real dourado Med Care VIP 10g X 24 sach\u00eas, caixa de madeira (Med Care golden royal honey)"},"content":{"rendered":"<div class=\"wpb-content-wrapper\"><p>[vc_row][vc_column width=&#8221;1\/6&#8243;][\/vc_column][vc_column width=&#8221;2\/3&#8243;][vc_column_text]<strong>INGREDIENTES:<\/strong><\/p>\n<p>Mel puro: 93%<br \/>\nRadix Eurycoma Longifolia: 5%<br \/>\nRadix Panax Ginseng: 1%<br \/>\nGel\u00e9ia real: 1%<\/p>\n<p><strong>DOSAGEM<\/strong> :<br \/>\nConsumir 1 sach\u00ea de Golden Royal Honey diariamente antes de dormir para sentir todos os seus efeitos na manh\u00e3 seguinte e come\u00e7ar o dia sentindo-se energizado<\/p>\n<p>Golden Royal Honey tamb\u00e9m pode ser consumido uma hora antes de qualquer atividade f\u00edsica ou encontro para um aumento adicional nos seus n\u00edveis de energia.[\/vc_column_text][vc_single_image image=&#8221;8988&#8243; img_size=&#8221;full&#8221;][vc_column_text]<strong>CUIDADO<\/strong> :<\/p>\n<p>Assim que a saqueta for aberta, consumir imediatamente. N\u00e3o armazene.<br \/>\nSe voc\u00ea tem alergia a p\u00f3len de abelha, mel ou qualquer subproduto de abelha, por favor, n\u00e3o consuma.<br \/>\nInquieta\u00e7\u00e3o e hiperatividade por ser mais en\u00e9rgico. Isso tamb\u00e9m pode ser um benef\u00edcio, pois as pessoas precisam de mais energia e entusiasmo.<br \/>\nARMAZENAMENTO: Mantenha em local seco em temperatura ambiente longe da luz solar[\/vc_column_text][\/vc_column][vc_column width=&#8221;1\/6&#8243;][\/vc_column][\/vc_row]<\/p>\n<\/div>","protected":false},"excerpt":{"rendered":"<ul>\n<li>Aumente a imunidade.<\/li>\n<li>Previna a artrite e a esclerose m\u00faltipla.<\/li>\n<li>Trate a asma.<\/li>\n<li>Retarde os sinais de envelhecimento.<\/li>\n<li>Estimule o crescimento do cabelo.<\/li>\n<li>Melhore o desempenho sexual.<\/li>\n<li>Reduza os sintomas da menopausa.<\/li>\n<li>Acelerando a cura e consolida\u00e7\u00e3o de ossos fraturados.<\/li>\n<li>Reduza o colesterol.<\/li>\n<li>Alivie doen\u00e7as cardiovasculares.<\/li>\n<li>Rem\u00e9dio para doen\u00e7as hep\u00e1ticas, pancre\u00e1ticas, ins\u00f4nia, fadiga, \u00falceras e dist\u00farbios digestivos e de pele.<\/li>\n<li>Reduza o cansa\u00e7o e o excesso de trabalho, astenia, estados de ansiedade, ins\u00f4nia e anorexia.<\/li>\n<li>Aumentando a s\u00edntese de testosterona.<\/li>\n<li>Aumente o n\u00edvel de energia.<\/li>\n<li>Aumento da resposta sexual e qualidade do esperma.<\/li>\n<li>Aumentar o desejo sexual e transform\u00e1-lo em algo vital<\/li>\n<li>Fortalece as ere\u00e7\u00f5es em idosos sem sentir-se fraco<\/li>\n<li>Promove autoconfian\u00e7a por meio do desempenho sexual por um longo tempo<\/li>\n<li>Trabalhando na redu\u00e7\u00e3o de problemas de pr\u00f3stata e les\u00f5es genitais em homens<\/li>\n<li>Aperta o corpo e d\u00e1 sensa\u00e7\u00e3o de vitalidade, lucidez e ativa a mem\u00f3ria<\/li>\n<li>Suporta os amino\u00e1cidos e minerais das c\u00e9lulas do corpo necess\u00e1rios para o processo de metabolismo<\/li>\n<li>Regula o metabolismo das c\u00e9lulas gra\u00e7as ao seu alto \u00f4mega-3<\/li>\n<\/ul>\n","protected":false},"featured_media":9000,"comment_status":"open","ping_status":"closed","template":"","meta":[],"product_brand":[],"product_cat":[250],"product_tag":[],"class_list":{"0":"post-14462","1":"product","2":"type-product","3":"status-publish","4":"has-post-thumbnail","6":"product_cat-royal-honey-pt-br","7":"product_shipping_class-1-pt-br","9":"first","10":"instock","11":"sale","12":"shipping-taxable","13":"purchasable","14":"product-type-simple"},"supplier_id":null,"supplier_sku":"","barcode":null,"atum_controlled":true,"out_stock_date":null,"out_stock_threshold":null,"inheritable":false,"inbound_stock":0,"stock_on_hold":8,"sold_today":0,"sales_last_days":0,"reserved_stock":0,"customer_returns":0,"warehouse_damage":0,"lost_in_post":0,"other_logs":0,"out_stock_days":0,"lost_sales":0,"has_location":false,"update_date":"2026-05-05T00:46:02","atum_locations":[],"atum_stock_status":"instock","restock_status":false,"low_stock_amount":"","sales_update_date":"2026-05-05T00:46:02","calc_backorders":null,"_links":{"self":[{"href":"https:\/\/myroyalmarket.com\/pt-br\/wp-json\/wp\/v2\/product\/14462","targetHints":{"allow":["GET"]}}],"collection":[{"href":"https:\/\/myroyalmarket.com\/pt-br\/wp-json\/wp\/v2\/product"}],"about":[{"href":"https:\/\/myroyalmarket.com\/pt-br\/wp-json\/wp\/v2\/types\/product"}],"replies":[{"embeddable":true,"href":"https:\/\/myroyalmarket.com\/pt-br\/wp-json\/wp\/v2\/comments?post=14462"}],"wp:featuredmedia":[{"embeddable":true,"href":"https:\/\/myroyalmarket.com\/pt-br\/wp-json\/wp\/v2\/media\/9000"}],"wp:attachment":[{"href":"https:\/\/myroyalmarket.com\/pt-br\/wp-json\/wp\/v2\/media?parent=14462"}],"wp:term":[{"taxonomy":"product_brand","embeddable":true,"href":"https:\/\/myroyalmarket.com\/pt-br\/wp-json\/wp\/v2\/product_brand?post=14462"},{"taxonomy":"product_cat","embeddable":true,"href":"https:\/\/myroyalmarket.com\/pt-br\/wp-json\/wp\/v2\/product_cat?post=14462"},{"taxonomy":"product_tag","embeddable":true,"href":"https:\/\/myroyalmarket.com\/pt-br\/wp-json\/wp\/v2\/product_tag?post=14462"}],"curies":[{"name":"wp","href":"https:\/\/api.w.org\/{rel}","templated":true}]}}