{"id":14528,"date":"2020-10-28T08:28:38","date_gmt":"2021-06-03T06:13:43","guid":{"rendered":"https:\/\/www.my-damas.com\/product\/bio-royal-honey-vip-with-herbal-extracts-1030-gram\/"},"modified":"2024-02-02T19:29:44","modified_gmt":"2024-02-02T19:29:44","slug":"bio-royal-honey-vip-with-herbal-extracts-1030-gram","status":"publish","type":"product","link":"https:\/\/myroyalmarket.com\/pt-br\/produto\/bio-royal-honey-vip-with-herbal-extracts-1030-gram\/","title":{"rendered":"BIO Royal Honey VIP com extratos de ervas 10 * 30 gramas"},"content":{"rendered":"<div class=\"wpb-content-wrapper\"><p>[vc_row][vc_column width=&#8221;1\/6&#8243;][\/vc_column][vc_column width=&#8221;2\/3&#8243;][vc_column_text]<strong>Ingredientes<\/strong><\/p>\n<ul>\n<li>Extrato de Radix Eurycoma longifolia 200mg<\/li>\n<li>Radix Panax Ginseng P\u00f3 200mg<\/li>\n<li>P\u00f3 de larva de abelha 200mg<\/li>\n<li>Mel puro 19,4g<\/li>\n<\/ul>\n<p>[\/vc_column_text][vc_single_image image=&#8221;9076&#8243; img_size=&#8221;full&#8221; alignment=&#8221;center&#8221;][vc_single_image image=&#8221;9072&#8243; img_size=&#8221;full&#8221; alignment=&#8221;center&#8221;][vc_single_image image=&#8221;9080&#8243; img_size=&#8221;full&#8221; alignment=&#8221;center&#8221;][\/vc_column][vc_column width=&#8221;1\/6&#8243;][\/vc_column][\/vc_row]<\/p>\n<\/div>","protected":false},"excerpt":{"rendered":"<ul>\n<li>Sem impot\u00eancia, sem infertilidade<\/li>\n<li>Uma fonte de energia instant\u00e2nea.<\/li>\n<li>Rico em prote\u00ednas, amino\u00e1cidos, vitaminas, enzimas digestivas e metab\u00f3licas.<\/li>\n<li>Aumenta a absor\u00e7\u00e3o e o metabolismo de nutrientes.<\/li>\n<li>Suporta o sistema imunol\u00f3gico.<\/li>\n<li>Para uma melhor constru\u00e7\u00e3o muscular corporal.<\/li>\n<li><span style=\"font-size: medium;\">O mel do estilo de vida promove a boa forma f\u00edsica geral e agilidade.<\/span><\/li>\n<li><span style=\"font-size: medium;\">R\u00e1pido e f\u00e1cil de usar. Eficaz dentro de 1\/2 hora. Um sach\u00ea a cada dois dias manter\u00e1 os n\u00edveis de energia.<\/span><\/li>\n<li><span style=\"font-size: medium;\">Melhora a circula\u00e7\u00e3o, reduz a fadiga, aumenta o metabolismo e os n\u00edveis gerais de energia e estimula o sistema imunol\u00f3gico.<\/span><\/li>\n<li><span style=\"font-size: medium;\">A regula\u00e7\u00e3o do rim restaura a secre\u00e7\u00e3o renal de horm\u00f4nios vitais, levando ao rejuvenescimento total do corpo.<\/span><\/li>\n<\/ul>\n","protected":false},"featured_media":39808,"comment_status":"open","ping_status":"closed","template":"","meta":[],"product_brand":[],"product_cat":[250],"product_tag":[],"class_list":{"0":"post-14528","1":"product","2":"type-product","3":"status-publish","4":"has-post-thumbnail","6":"product_cat-royal-honey-pt-br","7":"product_shipping_class-1-pt-br","9":"first","10":"instock","11":"sale","12":"shipping-taxable","13":"purchasable","14":"product-type-simple"},"supplier_id":null,"supplier_sku":"","barcode":null,"atum_controlled":true,"out_stock_date":null,"out_stock_threshold":null,"inheritable":false,"inbound_stock":0,"stock_on_hold":40,"sold_today":0,"sales_last_days":0,"reserved_stock":0,"customer_returns":0,"warehouse_damage":0,"lost_in_post":0,"other_logs":0,"out_stock_days":0,"lost_sales":0,"has_location":false,"update_date":"2026-04-11T18:26:51","atum_locations":[],"atum_stock_status":"instock","restock_status":false,"low_stock_amount":"","sales_update_date":"2026-04-11T18:26:51","calc_backorders":null,"_links":{"self":[{"href":"https:\/\/myroyalmarket.com\/pt-br\/wp-json\/wp\/v2\/product\/14528","targetHints":{"allow":["GET"]}}],"collection":[{"href":"https:\/\/myroyalmarket.com\/pt-br\/wp-json\/wp\/v2\/product"}],"about":[{"href":"https:\/\/myroyalmarket.com\/pt-br\/wp-json\/wp\/v2\/types\/product"}],"replies":[{"embeddable":true,"href":"https:\/\/myroyalmarket.com\/pt-br\/wp-json\/wp\/v2\/comments?post=14528"}],"wp:featuredmedia":[{"embeddable":true,"href":"https:\/\/myroyalmarket.com\/pt-br\/wp-json\/wp\/v2\/media\/39808"}],"wp:attachment":[{"href":"https:\/\/myroyalmarket.com\/pt-br\/wp-json\/wp\/v2\/media?parent=14528"}],"wp:term":[{"taxonomy":"product_brand","embeddable":true,"href":"https:\/\/myroyalmarket.com\/pt-br\/wp-json\/wp\/v2\/product_brand?post=14528"},{"taxonomy":"product_cat","embeddable":true,"href":"https:\/\/myroyalmarket.com\/pt-br\/wp-json\/wp\/v2\/product_cat?post=14528"},{"taxonomy":"product_tag","embeddable":true,"href":"https:\/\/myroyalmarket.com\/pt-br\/wp-json\/wp\/v2\/product_tag?post=14528"}],"curies":[{"name":"wp","href":"https:\/\/api.w.org\/{rel}","templated":true}]}}