{"id":14538,"date":"2020-10-28T08:28:38","date_gmt":"2021-06-03T07:14:40","guid":{"rendered":"https:\/\/www.my-damas.com\/product\/vip-royal-honey-for-women-1220-gram-for-her\/"},"modified":"2025-10-06T22:41:35","modified_gmt":"2025-10-06T14:41:35","slug":"vip-royal-honey-for-women-1220-gram-for-her","status":"publish","type":"product","link":"https:\/\/myroyalmarket.com\/pt-br\/produto\/vip-royal-honey-for-women-1220-gram-for-her\/","title":{"rendered":"Etumax VIP Royal Honey Para mulheres 12 * 20 gramas (para ela)"},"content":{"rendered":"<div class=\"wpb-content-wrapper\"><p>[vc_row][vc_column width=&#8221;1\/6&#8243;][\/vc_column][vc_column width=&#8221;2\/3&#8243;][vc_column_text]<strong>Ingredientes<\/strong><\/p>\n<p>Cada saqueta cont\u00e9m:<br \/>\nExtrato de folha de Kacip Fatimah 0,8g<br \/>\nGel\u00e9ia Real 0,6g<br \/>\nP\u00f3len de abelha 0,2g<br \/>\nLarva de abelha em p\u00f3 1,0g<br \/>\nMel puro 17,4g<\/p>\n<p><strong>Observa\u00e7\u00e3o<\/strong> : A efic\u00e1cia pode variar de uma pessoa para outra[\/vc_column_text][vc_single_image image=&#8221;9104&#8243; img_size=&#8221;full&#8221; alignment=&#8221;center&#8221;][vc_single_image image=&#8221;9112&#8243; img_size=&#8221;full&#8221; alignment=&#8221;center&#8221;][\/vc_column][vc_column width=&#8221;1\/6&#8243;][\/vc_column][\/vc_row]<\/p>\n<\/div>","protected":false},"excerpt":{"rendered":"<ul>\n<li>Mel puro fortificado com o famoso Kacip Fatima<\/li>\n<li>O nutritivo mel enriquecido com biomol\u00e9culas vitais de r\u00e1pida assimila\u00e7\u00e3o presentes na gel\u00e9ia real e p\u00f3len de abelha<\/li>\n<li>Para um fant\u00e1stico apelo sexual feminino com medidas not\u00e1veis<\/li>\n<li>Aumenta a vitalidade e o ac\u00famulo de tecido<\/li>\n<li>Para seios mais firmes com uma pele mais lisa<\/li>\n<li>Desperta o desejo feminino e aumenta o orgasmo<\/li>\n<li>Regula o ciclo menstrual<\/li>\n<li>Alivia os sintomas vasomotores e aumenta a atividade sexual em mulheres na menopausa.<\/li>\n<\/ul>\n","protected":false},"featured_media":9100,"comment_status":"open","ping_status":"closed","template":"","meta":[],"product_brand":[],"product_cat":[250],"product_tag":[],"class_list":{"0":"post-14538","1":"product","2":"type-product","3":"status-publish","4":"has-post-thumbnail","6":"product_cat-royal-honey-pt-br","7":"product_shipping_class-1-pt-br","9":"first","10":"instock","11":"sale","12":"shipping-taxable","13":"purchasable","14":"product-type-simple"},"supplier_id":null,"supplier_sku":"","barcode":null,"atum_controlled":true,"out_stock_date":null,"out_stock_threshold":null,"inheritable":false,"inbound_stock":0,"stock_on_hold":12,"sold_today":0,"sales_last_days":0,"reserved_stock":0,"customer_returns":0,"warehouse_damage":0,"lost_in_post":0,"other_logs":0,"out_stock_days":0,"lost_sales":0,"has_location":false,"update_date":"2025-12-06T13:23:20","atum_locations":[],"atum_stock_status":"instock","restock_status":false,"low_stock_amount":"","sales_update_date":"2025-12-06T13:23:20","calc_backorders":null,"_links":{"self":[{"href":"https:\/\/myroyalmarket.com\/pt-br\/wp-json\/wp\/v2\/product\/14538","targetHints":{"allow":["GET"]}}],"collection":[{"href":"https:\/\/myroyalmarket.com\/pt-br\/wp-json\/wp\/v2\/product"}],"about":[{"href":"https:\/\/myroyalmarket.com\/pt-br\/wp-json\/wp\/v2\/types\/product"}],"replies":[{"embeddable":true,"href":"https:\/\/myroyalmarket.com\/pt-br\/wp-json\/wp\/v2\/comments?post=14538"}],"wp:featuredmedia":[{"embeddable":true,"href":"https:\/\/myroyalmarket.com\/pt-br\/wp-json\/wp\/v2\/media\/9100"}],"wp:attachment":[{"href":"https:\/\/myroyalmarket.com\/pt-br\/wp-json\/wp\/v2\/media?parent=14538"}],"wp:term":[{"taxonomy":"product_brand","embeddable":true,"href":"https:\/\/myroyalmarket.com\/pt-br\/wp-json\/wp\/v2\/product_brand?post=14538"},{"taxonomy":"product_cat","embeddable":true,"href":"https:\/\/myroyalmarket.com\/pt-br\/wp-json\/wp\/v2\/product_cat?post=14538"},{"taxonomy":"product_tag","embeddable":true,"href":"https:\/\/myroyalmarket.com\/pt-br\/wp-json\/wp\/v2\/product_tag?post=14538"}],"curies":[{"name":"wp","href":"https:\/\/api.w.org\/{rel}","templated":true}]}}