{"id":14928,"date":"2020-10-28T08:29:18","date_gmt":"2021-07-31T17:20:05","guid":{"rendered":"https:\/\/www.my-damas.com\/product\/beard-mustache-growth-essential-oil-fast-enhance-facial-whiskers-30ml\/"},"modified":"2022-03-28T19:32:48","modified_gmt":"2022-03-28T19:32:48","slug":"beard-mustache-growth-essential-oil-fast-enhance-facial-whiskers-30ml","status":"publish","type":"product","link":"https:\/\/myroyalmarket.com\/pt-br\/produto\/beard-mustache-growth-essential-oil-fast-enhance-facial-whiskers-30ml\/","title":{"rendered":"\u00d3leo essencial de bigode de crescimento r\u00e1pido para barba e bigodes faciais de aumento r\u00e1pido 30ml"},"content":{"rendered":"<div class=\"wpb-content-wrapper\"><p>[vc_row][vc_column width=&#8221;1\/6&#8243;][vc_column_text][\/vc_column_text][\/vc_column][vc_column width=&#8221;2\/3&#8243;][vc_column_text]F\u00f3rmula de vitamina de apoio ao crescimento da barba no mundo para mais r\u00e1pida e mais espessa<br \/>\nF\u00f3rmula aprimorada de crescimento de pelos faciais oferece suporte a cabelos naturais<br \/>\ncrescimento com resultados de a\u00e7\u00e3o r\u00e1pida em uma mistura especial \u00fanica de MEN F\u00f3rmula totalmente natural n\u00e3o hormonal[\/vc_column_text][vc_single_image image=&#8221;8004&#8243; img_size=&#8221;full&#8221;][vc_column_text]mistura F\u00f3rmula n\u00e3o hormonal totalmente natural<br \/>\nFeito de material natural de boa qualidade, seguro de usar.<br \/>\nTamanho pequeno e port\u00e1til, adequado para viagens.<br \/>\nDeixe sua barba crescer rapidamente.<br \/>\nPode desenhar as linhas de sua barba como quiser.<br \/>\nPerfeito como um presente para o seu namorado.<br \/>\nPara promover o crescimento normal do cabelo, os fol\u00edculos capilares melhoram os sintomas da incapacidade de tornar o cabelo denso e longo.<\/p>\n<p>Ingrediente:<br \/>\nExtrato de ang\u00e9lica, Saw Palmetto, \u00f3leo da \u00e1rvore do ch\u00e1, etc.<\/p>\n<p>[\/vc_column_text][vc_single_image image=&#8221;8012&#8243; img_size=&#8221;full&#8221;][\/vc_column][vc_column width=&#8221;1\/6&#8243;][\/vc_column][\/vc_row][vc_row][vc_column width=&#8221;1\/6&#8243;][vc_single_image image=&#8221;8016&#8243; img_size=&#8221;full&#8221;][\/vc_column][vc_column width=&#8221;2\/3&#8243;][vc_single_image image=&#8221;8016&#8243; img_size=&#8221;full&#8221;][\/vc_column][vc_column width=&#8221;1\/6&#8243;][\/vc_column][\/vc_row][vc_row][vc_column width=&#8221;1\/6&#8243;][\/vc_column][vc_column width=&#8221;2\/3&#8243;][vc_single_image image=&#8221;8020&#8243; img_size=&#8221;full&#8221;][\/vc_column][vc_column width=&#8221;1\/6&#8243;][\/vc_column][\/vc_row][vc_row][vc_column width=&#8221;1\/6&#8243;][\/vc_column][vc_column width=&#8221;2\/3&#8243;][vc_single_image image=&#8221;8024&#8243; img_size=&#8221;full&#8221;][\/vc_column][vc_column width=&#8221;1\/6&#8243;][\/vc_column][\/vc_row][vc_row][vc_column width=&#8221;1\/6&#8243;][\/vc_column][vc_column width=&#8221;2\/3&#8243;][vc_single_image image=&#8221;8028&#8243; img_size=&#8221;full&#8221;][\/vc_column][vc_column width=&#8221;1\/6&#8243;][\/vc_column][\/vc_row][vc_row][vc_column width=&#8221;1\/6&#8243;][\/vc_column][vc_column width=&#8221;2\/3&#8243;][vc_single_image image=&#8221;8032&#8243; img_size=&#8221;full&#8221;][\/vc_column][vc_column width=&#8221;1\/6&#8243;][\/vc_column][\/vc_row][vc_row][vc_column width=&#8221;1\/6&#8243;][\/vc_column][vc_column width=&#8221;2\/3&#8243;][vc_single_image image=&#8221;8036&#8243; img_size=&#8221;full&#8221;][\/vc_column][vc_column width=&#8221;1\/6&#8243;][\/vc_column][\/vc_row][vc_row][vc_column width=&#8221;1\/6&#8243;][\/vc_column][vc_column width=&#8221;2\/3&#8243;][vc_single_image image=&#8221;8040&#8243; img_size=&#8221;full&#8221;][\/vc_column][vc_column width=&#8221;1\/6&#8243;][\/vc_column][\/vc_row][vc_row][vc_column width=&#8221;1\/6&#8243;][\/vc_column][vc_column width=&#8221;2\/3&#8243;][vc_single_image image=&#8221;8044&#8243; img_size=&#8221;full&#8221;][\/vc_column][vc_column width=&#8221;1\/6&#8243;][\/vc_column][\/vc_row][vc_row][vc_column width=&#8221;1\/6&#8243;][\/vc_column][vc_column width=&#8221;2\/3&#8243;][vc_single_image image=&#8221;8048&#8243; img_size=&#8221;full&#8221;][\/vc_column][vc_column width=&#8221;1\/6&#8243;][\/vc_column][\/vc_row][vc_row][vc_column width=&#8221;1\/6&#8243;][\/vc_column][vc_column width=&#8221;2\/3&#8243;][vc_single_image image=&#8221;8052&#8243; img_size=&#8221;full&#8221;][\/vc_column][vc_column width=&#8221;1\/6&#8243;][\/vc_column][\/vc_row]<\/p>\n<\/div>","protected":false},"excerpt":{"rendered":"<ul>\n<li>Alta qualidade.<\/li>\n<li>Acalma a pele seca.<\/li>\n<li>Fornece brilho leve e umidade.<\/li>\n<li>Previne coceira e descama\u00e7\u00e3o devido ao crescimento de cabelo novo.<\/li>\n<li>Funcionando como um amaciante e condicionador ao mesmo tempo, este \u00f3timo \u00f3leo para barba oferece um profundo<\/li>\n<li>hidratando, curando sua barba quebradi\u00e7a, fraca e \u00e1spera.<\/li>\n<li>Mesmo ap\u00f3s o primeiro uso, sua barba ficar\u00e1 mais manej\u00e1vel e bem mais macia.<\/li>\n<li>Uma grande ideia de presente para qualquer homem barbudo!<\/li>\n<li>Nutrientes naturais puros.<\/li>\n<\/ul>\n","protected":false},"featured_media":8056,"comment_status":"open","ping_status":"closed","template":"","meta":[],"product_brand":[],"product_cat":[260],"product_tag":[],"class_list":{"0":"post-14928","1":"product","2":"type-product","3":"status-publish","4":"has-post-thumbnail","6":"product_cat-health-and-beauty-pt-br","7":"product_shipping_class-1-pt-br","9":"first","10":"instock","11":"sale","12":"shipping-taxable","13":"purchasable","14":"product-type-simple"},"supplier_id":null,"supplier_sku":"","barcode":null,"atum_controlled":true,"out_stock_date":null,"out_stock_threshold":null,"inheritable":false,"inbound_stock":0,"stock_on_hold":1,"sold_today":0,"sales_last_days":0,"reserved_stock":0,"customer_returns":0,"warehouse_damage":0,"lost_in_post":0,"other_logs":0,"out_stock_days":0,"lost_sales":0,"has_location":false,"update_date":"2026-05-04T16:42:42","atum_locations":[],"atum_stock_status":"instock","restock_status":false,"low_stock_amount":"","sales_update_date":"2026-05-04T16:42:42","calc_backorders":null,"_links":{"self":[{"href":"https:\/\/myroyalmarket.com\/pt-br\/wp-json\/wp\/v2\/product\/14928","targetHints":{"allow":["GET"]}}],"collection":[{"href":"https:\/\/myroyalmarket.com\/pt-br\/wp-json\/wp\/v2\/product"}],"about":[{"href":"https:\/\/myroyalmarket.com\/pt-br\/wp-json\/wp\/v2\/types\/product"}],"replies":[{"embeddable":true,"href":"https:\/\/myroyalmarket.com\/pt-br\/wp-json\/wp\/v2\/comments?post=14928"}],"wp:featuredmedia":[{"embeddable":true,"href":"https:\/\/myroyalmarket.com\/pt-br\/wp-json\/wp\/v2\/media\/8056"}],"wp:attachment":[{"href":"https:\/\/myroyalmarket.com\/pt-br\/wp-json\/wp\/v2\/media?parent=14928"}],"wp:term":[{"taxonomy":"product_brand","embeddable":true,"href":"https:\/\/myroyalmarket.com\/pt-br\/wp-json\/wp\/v2\/product_brand?post=14928"},{"taxonomy":"product_cat","embeddable":true,"href":"https:\/\/myroyalmarket.com\/pt-br\/wp-json\/wp\/v2\/product_cat?post=14928"},{"taxonomy":"product_tag","embeddable":true,"href":"https:\/\/myroyalmarket.com\/pt-br\/wp-json\/wp\/v2\/product_tag?post=14928"}],"curies":[{"name":"wp","href":"https:\/\/api.w.org\/{rel}","templated":true}]}}