{"id":14973,"date":"2020-10-28T08:29:15","date_gmt":"2021-08-03T19:30:32","guid":{"rendered":"https:\/\/www.my-damas.com\/product\/100-original-baking-soda-whitening-toothpaste-passion-fruit-flavor-blueberry-flavor-220g\/"},"modified":"2022-08-11T11:01:26","modified_gmt":"2022-08-11T11:01:26","slug":"100-original-baking-soda-whitening-toothpaste-passion-fruit-flavor-blueberry-flavor-220g","status":"publish","type":"product","link":"https:\/\/myroyalmarket.com\/pt-br\/produto\/100-original-baking-soda-whitening-toothpaste-passion-fruit-flavor-blueberry-flavor-220g\/","title":{"rendered":"Pasta de dente clareadora de bicarbonato de s\u00f3dio 100% original, aroma de maracuj\u00e1, aroma de mirtilo 220g"},"content":{"rendered":"<div class=\"wpb-content-wrapper\"><p>[vc_row][vc_column width=&#8221;1\/6&#8243;][\/vc_column][vc_column width=&#8221;2\/3&#8243;][vc_single_image image=&#8221;8460&#8243; img_size=&#8221;full&#8221; alignment=&#8221;center&#8221;][vc_single_image image=&#8221;8448&#8243; img_size=&#8221;full&#8221; alignment=&#8221;center&#8221;][\/vc_column][vc_column width=&#8221;1\/6&#8243;][\/vc_column][\/vc_row]<\/p>\n<\/div>","protected":false},"excerpt":{"rendered":"<ul data-spm-anchor-id=\"a2o4k.pdp.product_detail.i3.427c1eb7I1g6u8\">\n<li>2 sabores para escolher o sabor de pasion # 1, sabor de blueberry # 2 !!!<\/li>\n<li>Peso l\u00edquido: 200g<\/li>\n<li>Ilumina e clareia os dentes.<\/li>\n<li>Ajuda a remover manchas.<\/li>\n<li data-spm-anchor-id=\"a2o4k.pdp.product_detail.i2.427c1eb7I1g6u8\">Ajuda a remover e prevenir o ac\u00famulo de placa.<\/li>\n<li>Ajuda a prevenir c\u00e1ries.<\/li>\n<li>Proporciona uma sensa\u00e7\u00e3o suave, limpa e fresca de longa dura\u00e7\u00e3o.<\/li>\n<li data-spm-anchor-id=\"a2o4k.pdp.product_detail.i1.427c1eb7I1g6u8\">Refrescante<\/li>\n<li data-spm-anchor-id=\"a2o4k.pdp.product_detail.i0.427c1eb7I1g6u8\">Sem per\u00f3xidos prejudiciais.<\/li>\n<li data-spm-anchor-id=\"a2o4k.pdp.product_detail.i0.427c1eb7I1g6u8\">Sabor (escolha aleat\u00f3ria)<\/li>\n<\/ul>\n","protected":false},"featured_media":8432,"comment_status":"open","ping_status":"closed","template":"","meta":[],"product_brand":[],"product_cat":[260],"product_tag":[],"class_list":{"0":"post-14973","1":"product","2":"type-product","3":"status-publish","4":"has-post-thumbnail","6":"product_cat-health-and-beauty-pt-br","7":"product_shipping_class-1-pt-br","9":"first","10":"outofstock","11":"sale","12":"shipping-taxable","13":"purchasable","14":"product-type-simple"},"supplier_id":null,"supplier_sku":"","barcode":null,"atum_controlled":true,"out_stock_date":"2022-08-11 11:01:26","out_stock_threshold":null,"inheritable":false,"inbound_stock":0,"stock_on_hold":1,"sold_today":0,"sales_last_days":0,"reserved_stock":0,"customer_returns":0,"warehouse_damage":0,"lost_in_post":0,"other_logs":0,"out_stock_days":1362,"lost_sales":0,"has_location":false,"update_date":"2026-05-04T16:42:52","atum_locations":[],"atum_stock_status":"outofstock","restock_status":false,"low_stock_amount":"","sales_update_date":"2026-05-04T16:42:52","calc_backorders":null,"_links":{"self":[{"href":"https:\/\/myroyalmarket.com\/pt-br\/wp-json\/wp\/v2\/product\/14973","targetHints":{"allow":["GET"]}}],"collection":[{"href":"https:\/\/myroyalmarket.com\/pt-br\/wp-json\/wp\/v2\/product"}],"about":[{"href":"https:\/\/myroyalmarket.com\/pt-br\/wp-json\/wp\/v2\/types\/product"}],"replies":[{"embeddable":true,"href":"https:\/\/myroyalmarket.com\/pt-br\/wp-json\/wp\/v2\/comments?post=14973"}],"wp:featuredmedia":[{"embeddable":true,"href":"https:\/\/myroyalmarket.com\/pt-br\/wp-json\/wp\/v2\/media\/8432"}],"wp:attachment":[{"href":"https:\/\/myroyalmarket.com\/pt-br\/wp-json\/wp\/v2\/media?parent=14973"}],"wp:term":[{"taxonomy":"product_brand","embeddable":true,"href":"https:\/\/myroyalmarket.com\/pt-br\/wp-json\/wp\/v2\/product_brand?post=14973"},{"taxonomy":"product_cat","embeddable":true,"href":"https:\/\/myroyalmarket.com\/pt-br\/wp-json\/wp\/v2\/product_cat?post=14973"},{"taxonomy":"product_tag","embeddable":true,"href":"https:\/\/myroyalmarket.com\/pt-br\/wp-json\/wp\/v2\/product_tag?post=14973"}],"curies":[{"name":"wp","href":"https:\/\/api.w.org\/{rel}","templated":true}]}}