{"id":14981,"date":"2020-10-28T08:29:15","date_gmt":"2021-08-04T15:11:52","guid":{"rendered":"https:\/\/www.my-damas.com\/product\/green-mountain-leech-oil-30ml\/"},"modified":"2026-04-30T07:18:44","modified_gmt":"2026-04-29T23:18:44","slug":"green-mountain-leech-oil-30ml","status":"publish","type":"product","link":"https:\/\/myroyalmarket.com\/pt-br\/produto\/green-mountain-leech-oil-30ml\/","title":{"rendered":"\u00d3leo de Leech Green Mountain 30ml"},"content":{"rendered":"<div class=\"wpb-content-wrapper\"><p>[vc_row][vc_column width=&#8221;1\/6&#8243;][\/vc_column][vc_column width=&#8221;2\/3&#8243;][vc_column_text]100% ORIGINAL<br \/>\n* Does not use chemicals and preservatives, making it safe to use.<br \/>\n* 30ml content lasts 2-3 months depending on individual use. FUNCTIONS: &#8211;<br \/>\n&#8211; Alternative treatment for women and men if they want to give satisfaction to self-confidence in their respective partners.<br \/>\n&#8211; It can be used for women to overcome the problem of falling and flabby breasts.<br \/>\n&#8211; For men, it can help with early panic * t problems when with a wife.[\/vc_column_text][\/vc_column][vc_column width=&#8221;1\/6&#8243;][\/vc_column][\/vc_row]<\/p>\n<\/div>","protected":false},"excerpt":{"rendered":"<ul>\n<li>Ajuda a melhorar a sa\u00fade do p\u00eanis.<\/li>\n<li>Ajuda a melhorar o desempenho sexual (dur\u00e1vel)<\/li>\n<li>Ajuda a aumentar o tamanho do p\u00eanis. O p\u00eanis ficar\u00e1 maior, mais longo e mais duro.<\/li>\n<li>Ajuda a for\u00e7ar todo o seu tempo com sua esposa at\u00e9 que tudo acabe.<\/li>\n<li>Torna o p\u00eanis mais el\u00e1stico.<\/li>\n<li>Ajuda o sangue a viajar para o p\u00eanis.<\/li>\n<li>Adiciona e engrossa o s\u00eamen.<\/li>\n<li>Aumente o prazer sexual.<\/li>\n<li>Ajuda a controlar o colesterol, a hipertens\u00e3o e os n\u00edveis de a\u00e7\u00facar no corpo.<\/li>\n<\/ul>\n","protected":false},"featured_media":8420,"comment_status":"open","ping_status":"closed","template":"","meta":[],"product_brand":[],"product_cat":[250,260],"product_tag":[],"class_list":{"0":"post-14981","1":"product","2":"type-product","3":"status-publish","4":"has-post-thumbnail","6":"product_cat-royal-honey-pt-br","7":"product_cat-health-and-beauty-pt-br","8":"product_shipping_class-1-pt-br","10":"first","11":"outofstock","12":"sale","13":"shipping-taxable","14":"purchasable","15":"product-type-simple"},"supplier_id":null,"supplier_sku":"","barcode":null,"atum_controlled":true,"out_stock_date":"2026-04-30 07:18:44","out_stock_threshold":null,"inheritable":false,"inbound_stock":0,"stock_on_hold":26,"sold_today":0,"sales_last_days":0,"reserved_stock":0,"customer_returns":0,"warehouse_damage":0,"lost_in_post":0,"other_logs":0,"out_stock_days":4,"lost_sales":0,"has_location":false,"update_date":"2026-05-05T00:46:06","atum_locations":[],"atum_stock_status":"outofstock","restock_status":false,"low_stock_amount":5,"sales_update_date":"2026-05-05T00:46:06","calc_backorders":null,"_links":{"self":[{"href":"https:\/\/myroyalmarket.com\/pt-br\/wp-json\/wp\/v2\/product\/14981","targetHints":{"allow":["GET"]}}],"collection":[{"href":"https:\/\/myroyalmarket.com\/pt-br\/wp-json\/wp\/v2\/product"}],"about":[{"href":"https:\/\/myroyalmarket.com\/pt-br\/wp-json\/wp\/v2\/types\/product"}],"replies":[{"embeddable":true,"href":"https:\/\/myroyalmarket.com\/pt-br\/wp-json\/wp\/v2\/comments?post=14981"}],"wp:featuredmedia":[{"embeddable":true,"href":"https:\/\/myroyalmarket.com\/pt-br\/wp-json\/wp\/v2\/media\/8420"}],"wp:attachment":[{"href":"https:\/\/myroyalmarket.com\/pt-br\/wp-json\/wp\/v2\/media?parent=14981"}],"wp:term":[{"taxonomy":"product_brand","embeddable":true,"href":"https:\/\/myroyalmarket.com\/pt-br\/wp-json\/wp\/v2\/product_brand?post=14981"},{"taxonomy":"product_cat","embeddable":true,"href":"https:\/\/myroyalmarket.com\/pt-br\/wp-json\/wp\/v2\/product_cat?post=14981"},{"taxonomy":"product_tag","embeddable":true,"href":"https:\/\/myroyalmarket.com\/pt-br\/wp-json\/wp\/v2\/product_tag?post=14981"}],"curies":[{"name":"wp","href":"https:\/\/api.w.org\/{rel}","templated":true}]}}