{"id":14995,"date":"2020-10-28T08:29:11","date_gmt":"2021-08-04T16:54:14","guid":{"rendered":"https:\/\/www.my-damas.com\/product\/lattafa-perfumes-velvet-oud-100ml-for-women-and-men\/"},"modified":"2022-03-28T19:33:33","modified_gmt":"2022-03-28T19:33:33","slug":"lattafa-perfumes-velvet-oud-100ml-for-women-and-men","status":"publish","type":"product","link":"https:\/\/myroyalmarket.com\/pt-br\/produto\/lattafa-perfumes-velvet-oud-100ml-for-women-and-men\/","title":{"rendered":"Perfumes Lattafa Velvet Oud 100ML para mulheres e homens"},"content":{"rendered":"<h2>PERFUME VELVET OUD EAU DE PARFUM BY LATTAFA PERFUMES<\/h2>\n<p>Perfume Velvet Oud Eau de Parfum de Lattafa Perfumes \u00e9 um perfume aveludado com incenso, nobre Oudh, \u00e2mbar dourado e alm\u00edscar sensual.<\/p>\n<p>Um perfume elegante, quente e oriental com uma linha linear de fragr\u00e2ncias, adequado para qualquer ocasi\u00e3o.<\/p>\n<p>Principais acordes: bals\u00e2mico, \u00e2mbar, fuma\u00e7a, Oudh, almiscarado<\/p>\n","protected":false},"excerpt":{"rendered":"<ul>\n<li>Duradouro<\/li>\n<li>incenso, alm\u00edscar, Oudh, \u00e2mbar<\/li>\n<li>Produto mais vendido<\/li>\n<li>Recomenda\u00e7\u00e3o para: mulheres e homens<\/li>\n<li>Capacidade: 100ml<\/li>\n<li>Linda garrafa decorada<\/li>\n<li>Produto Original da UEA<\/li>\n<\/ul>\n","protected":false},"featured_media":9296,"comment_status":"open","ping_status":"closed","template":"","meta":[],"product_brand":[],"product_cat":[244,243,280,275],"product_tag":[],"class_list":{"0":"post-14995","1":"product","2":"type-product","3":"status-publish","4":"has-post-thumbnail","6":"product_cat-oud-for-women-pt-br","7":"product_cat-oud-prfume-pt-br-2","8":"product_cat-oud-for-men-pt-br","9":"product_cat-oud-unisex-pt-br","10":"product_shipping_class-1-pt-br","12":"first","13":"instock","14":"sale","15":"shipping-taxable","16":"purchasable","17":"product-type-simple"},"supplier_id":null,"supplier_sku":"","barcode":null,"atum_controlled":true,"out_stock_date":null,"out_stock_threshold":null,"inheritable":false,"inbound_stock":0,"stock_on_hold":2,"sold_today":0,"sales_last_days":0,"reserved_stock":0,"customer_returns":0,"warehouse_damage":0,"lost_in_post":0,"other_logs":0,"out_stock_days":0,"lost_sales":0,"has_location":false,"update_date":"2026-05-05T00:45:57","atum_locations":[],"atum_stock_status":"instock","restock_status":false,"low_stock_amount":"","sales_update_date":"2026-05-05T00:45:57","calc_backorders":null,"_links":{"self":[{"href":"https:\/\/myroyalmarket.com\/pt-br\/wp-json\/wp\/v2\/product\/14995","targetHints":{"allow":["GET"]}}],"collection":[{"href":"https:\/\/myroyalmarket.com\/pt-br\/wp-json\/wp\/v2\/product"}],"about":[{"href":"https:\/\/myroyalmarket.com\/pt-br\/wp-json\/wp\/v2\/types\/product"}],"replies":[{"embeddable":true,"href":"https:\/\/myroyalmarket.com\/pt-br\/wp-json\/wp\/v2\/comments?post=14995"}],"wp:featuredmedia":[{"embeddable":true,"href":"https:\/\/myroyalmarket.com\/pt-br\/wp-json\/wp\/v2\/media\/9296"}],"wp:attachment":[{"href":"https:\/\/myroyalmarket.com\/pt-br\/wp-json\/wp\/v2\/media?parent=14995"}],"wp:term":[{"taxonomy":"product_brand","embeddable":true,"href":"https:\/\/myroyalmarket.com\/pt-br\/wp-json\/wp\/v2\/product_brand?post=14995"},{"taxonomy":"product_cat","embeddable":true,"href":"https:\/\/myroyalmarket.com\/pt-br\/wp-json\/wp\/v2\/product_cat?post=14995"},{"taxonomy":"product_tag","embeddable":true,"href":"https:\/\/myroyalmarket.com\/pt-br\/wp-json\/wp\/v2\/product_tag?post=14995"}],"curies":[{"name":"wp","href":"https:\/\/api.w.org\/{rel}","templated":true}]}}