{"id":15042,"date":"2020-10-28T08:29:11","date_gmt":"2021-08-06T19:42:57","guid":{"rendered":"https:\/\/www.my-damas.com\/product\/dxn-zhi-mocha\/"},"modified":"2025-08-31T21:06:07","modified_gmt":"2025-08-31T13:06:07","slug":"dxn-zhi-mocha","status":"publish","type":"product","link":"https:\/\/myroyalmarket.com\/pt-br\/produto\/dxn-zhi-mocha\/","title":{"rendered":"DXN ZHI MOCHA"},"content":{"rendered":"<p>Voc\u00ea \u00e9 um amante de caf\u00e9 e tamb\u00e9m ama o sabor do chocolate? Ent\u00e3o DXN Zhi Mocha \u00e9 para voc\u00ea! \u00c9 misturado com p\u00f3 de caf\u00e9 instant\u00e2neo feito de gr\u00e3os de caf\u00e9 selecionados, extrato de Ganoderma e cacau em p\u00f3. Seja quente ou frio, Zhi Mocha tem um sabor cremoso, doce e \u00fanico com um sabor levemente amargo.<\/p>\n","protected":false},"excerpt":{"rendered":"<p>Voc\u00ea \u00e9 um amante de caf\u00e9 e tamb\u00e9m ama o sabor do chocolate? Ent\u00e3o DXN Zhi Mocha \u00e9 para voc\u00ea!<\/p>\n","protected":false},"featured_media":9220,"comment_status":"open","ping_status":"closed","template":"","meta":[],"product_brand":[],"product_cat":[255],"product_tag":[],"class_list":{"0":"post-15042","1":"product","2":"type-product","3":"status-publish","4":"has-post-thumbnail","6":"product_cat-dxn-products-pt-br","7":"product_shipping_class-1-pt-br","9":"first","10":"instock","11":"shipping-taxable","12":"purchasable","13":"product-type-simple"},"supplier_id":null,"supplier_sku":"","barcode":null,"atum_controlled":true,"out_stock_date":null,"out_stock_threshold":null,"inheritable":false,"inbound_stock":0,"stock_on_hold":0,"sold_today":0,"sales_last_days":0,"reserved_stock":0,"customer_returns":0,"warehouse_damage":0,"lost_in_post":0,"other_logs":0,"out_stock_days":0,"lost_sales":0,"has_location":false,"update_date":"2026-05-05T00:45:10","atum_locations":[],"atum_stock_status":"instock","restock_status":false,"low_stock_amount":"","sales_update_date":"2026-05-05T00:45:10","calc_backorders":null,"_links":{"self":[{"href":"https:\/\/myroyalmarket.com\/pt-br\/wp-json\/wp\/v2\/product\/15042","targetHints":{"allow":["GET"]}}],"collection":[{"href":"https:\/\/myroyalmarket.com\/pt-br\/wp-json\/wp\/v2\/product"}],"about":[{"href":"https:\/\/myroyalmarket.com\/pt-br\/wp-json\/wp\/v2\/types\/product"}],"replies":[{"embeddable":true,"href":"https:\/\/myroyalmarket.com\/pt-br\/wp-json\/wp\/v2\/comments?post=15042"}],"wp:featuredmedia":[{"embeddable":true,"href":"https:\/\/myroyalmarket.com\/pt-br\/wp-json\/wp\/v2\/media\/9220"}],"wp:attachment":[{"href":"https:\/\/myroyalmarket.com\/pt-br\/wp-json\/wp\/v2\/media?parent=15042"}],"wp:term":[{"taxonomy":"product_brand","embeddable":true,"href":"https:\/\/myroyalmarket.com\/pt-br\/wp-json\/wp\/v2\/product_brand?post=15042"},{"taxonomy":"product_cat","embeddable":true,"href":"https:\/\/myroyalmarket.com\/pt-br\/wp-json\/wp\/v2\/product_cat?post=15042"},{"taxonomy":"product_tag","embeddable":true,"href":"https:\/\/myroyalmarket.com\/pt-br\/wp-json\/wp\/v2\/product_tag?post=15042"}],"curies":[{"name":"wp","href":"https:\/\/api.w.org\/{rel}","templated":true}]}}