{"id":15255,"date":"2020-10-28T08:29:11","date_gmt":"2021-08-31T17:11:52","guid":{"rendered":"https:\/\/www.my-damas.com\/product\/dxn-lingzhi-coffee-3-in-1\/"},"modified":"2025-08-31T21:05:54","modified_gmt":"2025-08-31T13:05:54","slug":"dxn-lingzhi-coffee-3-in-1","status":"publish","type":"product","link":"https:\/\/myroyalmarket.com\/pt-br\/produto\/dxn-lingzhi-coffee-3-in-1\/","title":{"rendered":"DXN LINGZHI CAF\u00c9 3 EM 1"},"content":{"rendered":"<div class=\"wpb-content-wrapper\"><p>[vc_row][vc_column width=&#8221;1\/6&#8243;][\/vc_column][vc_column width=&#8221;2\/3&#8243;][vc_column_text]<strong>DXN Lingzhi Coffee 3 em 1<\/strong> \u00e9 tudo que voc\u00ea precisa para uma x\u00edcara completa de caf\u00e9 suave e delicioso. \u00c9 especialmente misturado com gr\u00e3os de caf\u00e9 da melhor qualidade e Lingzhi 100% puro, sem corantes, aromatizantes e conservantes artificiais.[\/vc_column_text][\/vc_column][vc_column width=&#8221;1\/6&#8243;][\/vc_column][\/vc_row]<\/p>\n<\/div>","protected":false},"excerpt":{"rendered":"<p>[vc_row][vc_column width=&#8221;1\/6&#8243;][\/vc_column][vc_column width=&#8221;2\/3&#8243;][vc_column_text]DXN Lingzhi Coffee 3 em 1 \u00e9 tudo que voc\u00ea precisa para uma x\u00edcara completa de caf\u00e9 suave<\/p>\n","protected":false},"featured_media":9200,"comment_status":"open","ping_status":"closed","template":"","meta":[],"product_brand":[],"product_cat":[255],"product_tag":[],"class_list":{"0":"post-15255","1":"product","2":"type-product","3":"status-publish","4":"has-post-thumbnail","6":"product_cat-dxn-products-pt-br","7":"product_shipping_class-1-pt-br","9":"first","10":"instock","11":"shipping-taxable","12":"purchasable","13":"product-type-simple"},"supplier_id":null,"supplier_sku":"","barcode":null,"atum_controlled":true,"out_stock_date":null,"out_stock_threshold":null,"inheritable":false,"inbound_stock":0,"stock_on_hold":0,"sold_today":0,"sales_last_days":0,"reserved_stock":0,"customer_returns":0,"warehouse_damage":0,"lost_in_post":0,"other_logs":0,"out_stock_days":0,"lost_sales":0,"has_location":false,"update_date":"2026-05-05T00:45:13","atum_locations":[],"atum_stock_status":"instock","restock_status":false,"low_stock_amount":"","sales_update_date":"2026-05-05T00:45:13","calc_backorders":null,"_links":{"self":[{"href":"https:\/\/myroyalmarket.com\/pt-br\/wp-json\/wp\/v2\/product\/15255","targetHints":{"allow":["GET"]}}],"collection":[{"href":"https:\/\/myroyalmarket.com\/pt-br\/wp-json\/wp\/v2\/product"}],"about":[{"href":"https:\/\/myroyalmarket.com\/pt-br\/wp-json\/wp\/v2\/types\/product"}],"replies":[{"embeddable":true,"href":"https:\/\/myroyalmarket.com\/pt-br\/wp-json\/wp\/v2\/comments?post=15255"}],"wp:featuredmedia":[{"embeddable":true,"href":"https:\/\/myroyalmarket.com\/pt-br\/wp-json\/wp\/v2\/media\/9200"}],"wp:attachment":[{"href":"https:\/\/myroyalmarket.com\/pt-br\/wp-json\/wp\/v2\/media?parent=15255"}],"wp:term":[{"taxonomy":"product_brand","embeddable":true,"href":"https:\/\/myroyalmarket.com\/pt-br\/wp-json\/wp\/v2\/product_brand?post=15255"},{"taxonomy":"product_cat","embeddable":true,"href":"https:\/\/myroyalmarket.com\/pt-br\/wp-json\/wp\/v2\/product_cat?post=15255"},{"taxonomy":"product_tag","embeddable":true,"href":"https:\/\/myroyalmarket.com\/pt-br\/wp-json\/wp\/v2\/product_tag?post=15255"}],"curies":[{"name":"wp","href":"https:\/\/api.w.org\/{rel}","templated":true}]}}