{"id":15271,"date":"2020-10-28T08:29:11","date_gmt":"2021-08-31T17:16:59","guid":{"rendered":"https:\/\/www.my-damas.com\/product\/dxn-lingzhi-coffee-3-in-1-lite\/"},"modified":"2025-08-31T21:05:35","modified_gmt":"2025-08-31T13:05:35","slug":"dxn-lingzhi-coffee-3-in-1-lite","status":"publish","type":"product","link":"https:\/\/myroyalmarket.com\/pt-br\/produto\/dxn-lingzhi-coffee-3-in-1-lite\/","title":{"rendered":"DXN LINGZHI CAF\u00c9 3 EM 1 LITE"},"content":{"rendered":"<div class=\"wpb-content-wrapper\"><p>[vc_row][vc_column width=&#8221;1\/6&#8243;][\/vc_column][vc_column width=&#8221;2\/3&#8243;][vc_column_text]Todo mundo adora como \u00e9 f\u00e1cil fazer caf\u00e9 instant\u00e2neo. Se preferir um sabor um pouco mais cremoso ao seu caf\u00e9, escolha o nosso Lingzhi Coffee 3 in 1 Lite. \u00c9 mais uma nova variante da s\u00e9rie DXN Lingzhi Coffee que oferece um caf\u00e9 suave e encorpado com um aroma irresist\u00edvel. Basta adicionar uma saqueta de Lingzhi Coffee 3 in 1 Lite em 150ml de \u00e1gua quente e mexer para desfrutar de uma nova experi\u00eancia sensacional de caf\u00e9 com DXN.[\/vc_column_text][\/vc_column][vc_column width=&#8221;1\/6&#8243;][\/vc_column][\/vc_row]<\/p>\n<\/div>","protected":false},"excerpt":{"rendered":"<p>[vc_row][vc_column width=&#8221;1\/6&#8243;][\/vc_column][vc_column width=&#8221;2\/3&#8243;][vc_column_text]Todo mundo adora como \u00e9 f\u00e1cil fazer caf\u00e9 instant\u00e2neo. Se preferir um sabor um pouco mais cremoso ao<\/p>\n","protected":false},"featured_media":9264,"comment_status":"open","ping_status":"closed","template":"","meta":[],"product_brand":[],"product_cat":[255],"product_tag":[],"class_list":{"0":"post-15271","1":"product","2":"type-product","3":"status-publish","4":"has-post-thumbnail","6":"product_cat-dxn-products-pt-br","7":"product_shipping_class-1-pt-br","9":"first","10":"instock","11":"shipping-taxable","12":"purchasable","13":"product-type-simple"},"supplier_id":null,"supplier_sku":"","barcode":null,"atum_controlled":true,"out_stock_date":null,"out_stock_threshold":null,"inheritable":false,"inbound_stock":0,"stock_on_hold":0,"sold_today":0,"sales_last_days":0,"reserved_stock":0,"customer_returns":0,"warehouse_damage":0,"lost_in_post":0,"other_logs":0,"out_stock_days":0,"lost_sales":0,"has_location":false,"update_date":"2026-05-05T00:45:11","atum_locations":[],"atum_stock_status":"instock","restock_status":false,"low_stock_amount":"","sales_update_date":"2026-05-05T00:45:11","calc_backorders":null,"_links":{"self":[{"href":"https:\/\/myroyalmarket.com\/pt-br\/wp-json\/wp\/v2\/product\/15271","targetHints":{"allow":["GET"]}}],"collection":[{"href":"https:\/\/myroyalmarket.com\/pt-br\/wp-json\/wp\/v2\/product"}],"about":[{"href":"https:\/\/myroyalmarket.com\/pt-br\/wp-json\/wp\/v2\/types\/product"}],"replies":[{"embeddable":true,"href":"https:\/\/myroyalmarket.com\/pt-br\/wp-json\/wp\/v2\/comments?post=15271"}],"wp:featuredmedia":[{"embeddable":true,"href":"https:\/\/myroyalmarket.com\/pt-br\/wp-json\/wp\/v2\/media\/9264"}],"wp:attachment":[{"href":"https:\/\/myroyalmarket.com\/pt-br\/wp-json\/wp\/v2\/media?parent=15271"}],"wp:term":[{"taxonomy":"product_brand","embeddable":true,"href":"https:\/\/myroyalmarket.com\/pt-br\/wp-json\/wp\/v2\/product_brand?post=15271"},{"taxonomy":"product_cat","embeddable":true,"href":"https:\/\/myroyalmarket.com\/pt-br\/wp-json\/wp\/v2\/product_cat?post=15271"},{"taxonomy":"product_tag","embeddable":true,"href":"https:\/\/myroyalmarket.com\/pt-br\/wp-json\/wp\/v2\/product_tag?post=15271"}],"curies":[{"name":"wp","href":"https:\/\/api.w.org\/{rel}","templated":true}]}}